{"id":81132,"date":"2023-12-14T01:45:33","date_gmt":"2023-12-14T00:45:33","guid":{"rendered":"https:\/\/www.soanam.de\/?post_type=product&#038;p=81132"},"modified":"2023-12-14T01:48:37","modified_gmt":"2023-12-14T00:48:37","slug":"la-bonne-alimentation-en-cas-de-maladie-du-foie-recettes-vegetariennes-anne-iburg","status":"publish","type":"product","link":"https:\/\/www.soanam.de\/fr\/produkt\/die-richtige-ernaehrung-bei-lebererkrankungen-vegetarische-rezepte-anne-iburg\/","title":{"rendered":"La bonne alimentation en cas de maladie du foie, +recettes v\u00e9g\u00e9tariennes, Anne Iburg"},"content":{"rendered":"<h3>Description du produit<\/h3>\n<p>Beaucoup de recettes d\u00e9licieuses qui plaisent \u00e0 tout le monde.<br \/>\nAvec une pr\u00e9face de la Deutsche Leberhilfe e. V. 60 illustrations.<br \/>\nLivre (couverture cartonn\u00e9e)<\/p>\n<p><strong>Description<\/strong><br \/>\nTout sur le foie - complet, actuel, compr\u00e9hensible :<br \/>\nM\u00e9nager son foie de mani\u00e8re cibl\u00e9e gr\u00e2ce \u00e0 une alimentation appropri\u00e9e Les maladies du foie peuvent avoir de nombreuses causes diff\u00e9rentes : Outre les virus de l'h\u00e9patite, l'alcool et les m\u00e9dicaments, l'ob\u00e9sit\u00e9, les maladies m\u00e9taboliques ou auto-immunes peuvent \u00e9galement endommager notre foie. Heureusement, le foie est, dans une certaine mesure, un organe r\u00e9parable. Un traitement ad\u00e9quat, dans lequel l'alimentation joue souvent un r\u00f4le cl\u00e9, permet souvent d'obtenir un r\u00e9tablissement complet. L'experte en nutrition Anne Iburg montre aux personnes concern\u00e9es \u00e0 quoi ressemble une alimentation saine pour le foie et comment la mettre en pratique avec plaisir. Les recettes indiquent les principaux nutriments (prot\u00e9ines, lipides et glucides) ainsi que la teneur en calories. Aussi bien pour les personnes en surpoids souffrant d'un foie gras que pour les patients souffrant d'une cirrhose du foie et d'un poids insuffisant : ce guide vous guide vers une alimentation correcte !<\/p>\n<p><strong>Extrait du contenu :<\/strong><br \/>\n- Le foie - le g\u00e9ant de la chimie dans notre corps.<br \/>\n- Le foie gras - une maladie populaire cach\u00e9e et patiente.<br \/>\n- Voici \u00e0 quoi ressemble une alimentation saine pour le foie.<br \/>\n- Le r\u00e9gime du foie : votre entr\u00e9e dans un nouveau comportement alimentaire.<br \/>\n- De d\u00e9licieuses recettes pour tous les jours.<\/p>\n<p><strong>D\u00e9tails du produit<\/strong><br \/>\nTitre : La bonne alimentation en cas de maladie du foie<br \/>\nAuteur : Anne Iburg<\/p>\n<p>ISBN : 3899938682<br \/>\nEAN : 9783899938685<br \/>\nDe nombreuses recettes d\u00e9licieuses qui plaisent \u00e0 tout le monde. Avec une pr\u00e9face de l'association allemande Leberhilfe e. V.<br \/>\n60 illustrations.<br \/>\n\u00c9ditions Schl\u00fctersche<br \/>\n1er septembre 2015 - couverture cartonn\u00e9e - 149 pages<\/p>","protected":false},"excerpt":{"rendered":"<h3>Caract\u00e9ristiques de l'article<\/h3>\n<p>Artikelzustand: Neu - Neues, ungelesenes, ungebrauchtes Buch in makellosem Zustand<\/p>\n<table dir=\"ltr\" border=\"1\" cellspacing=\"0\" cellpadding=\"0\">\n<colgroup>\n<col width=\"194\" \/>\n<col width=\"223\" \/><\/colgroup>\n<tbody>\n<tr>\n<td data-sheets-value=\"{&quot;1&quot;:2,&quot;2&quot;:&quot;Anzahl der Seiten:&quot;}\">Anzahl der Seiten:<\/td>\n<td data-sheets-value=\"{&quot;1&quot;:2,&quot;2&quot;:&quot;149 Seiten&quot;}\">149 Seiten<\/td>\n<\/tr>\n<tr>\n<td data-sheets-value=\"{&quot;1&quot;:2,&quot;2&quot;:&quot;Autor:&quot;}\">Autor:<\/td>\n<td data-sheets-value=\"{&quot;1&quot;:2,&quot;2&quot;:&quot;Anne Iburg&quot;}\">Anne Iburg<\/td>\n<\/tr>\n<tr>\n<td data-sheets-value=\"{&quot;1&quot;:2,&quot;2&quot;:&quot;Besonderheiten:&quot;}\">Particularit\u00e9s :<\/td>\n<td data-sheets-value=\"{&quot;1&quot;:2,&quot;2&quot;:&quot;Illustriert&quot;}\">Illustriert<\/td>\n<\/tr>\n<tr>\n<td data-sheets-value=\"{&quot;1&quot;:2,&quot;2&quot;:&quot;Erscheinungsjahr:&quot;}\">Erscheinungsjahr:<\/td>\n<td data-sheets-value=\"{&quot;1&quot;:3,&quot;3&quot;:2015}\">2015<\/td>\n<\/tr>\n<tr>\n<td data-sheets-value=\"{&quot;1&quot;:2,&quot;2&quot;:&quot;Fachbereich:&quot;}\">Fachbereich:<\/td>\n<td data-sheets-value=\"{&quot;1&quot;:2,&quot;2&quot;:&quot;Lebererkrankungen&quot;}\">Lebererkrankungen<\/td>\n<\/tr>\n<tr>\n<td data-sheets-value=\"{&quot;1&quot;:2,&quot;2&quot;:&quot;Format:&quot;}\">Format:<\/td>\n<td data-sheets-value=\"{&quot;1&quot;:2,&quot;2&quot;:&quot;Taschenbuch&quot;}\">Taschenbuch<\/td>\n<\/tr>\n<tr>\n<td data-sheets-value=\"{&quot;1&quot;:2,&quot;2&quot;:&quot;Herstellungsland und -region:&quot;}\">Herstellungsland und -region:<\/td>\n<td data-sheets-value=\"{&quot;1&quot;:2,&quot;2&quot;:&quot;Deutschland&quot;}\">Allemagne<\/td>\n<\/tr>\n<tr>\n<td data-sheets-value=\"{&quot;1&quot;:2,&quot;2&quot;:&quot;ISBN:&quot;}\">ISBN:<\/td>\n<td data-sheets-value=\"{&quot;1&quot;:3,&quot;3&quot;:9783899938685}\">9783899938685<\/td>\n<\/tr>\n<tr>\n<td data-sheets-value=\"{&quot;1&quot;:2,&quot;2&quot;:&quot;Modifizierter Artikel:&quot;}\">Modifizierter Artikel:<\/td>\n<td data-sheets-value=\"{&quot;1&quot;:2,&quot;2&quot;:&quot;Nein&quot;}\">Nein<\/td>\n<\/tr>\n<tr>\n<td data-sheets-value=\"{&quot;1&quot;:2,&quot;2&quot;:&quot;Publikationsname:&quot;}\">Publikationsname:<\/td>\n<td data-sheets-value=\"{&quot;1&quot;:2,&quot;2&quot;:&quot;Die Richtige Ern\u00e4hrung bei Lebererkrankungen&quot;}\">\n<div>\n<div>Die Richtige Ern\u00e4hrung bei Lebererkrankungen<\/div>\n<\/div>\n<\/td>\n<\/tr>\n<tr>\n<td data-sheets-value=\"{&quot;1&quot;:2,&quot;2&quot;:&quot;Reihe:&quot;}\">Reihe:<\/td>\n<td data-sheets-value=\"{&quot;1&quot;:2,&quot;2&quot;:&quot;Rezepte, die schmecken&quot;}\">Rezepte, die schmecken<\/td>\n<\/tr>\n<tr>\n<td data-sheets-value=\"{&quot;1&quot;:2,&quot;2&quot;:&quot;Sprache:&quot;}\">Sprache:<\/td>\n<td data-sheets-value=\"{&quot;1&quot;:2,&quot;2&quot;:&quot;Deutsch&quot;}\">Allemand<\/td>\n<\/tr>\n<tr>\n<td data-sheets-value=\"{&quot;1&quot;:2,&quot;2&quot;:&quot;Thema:&quot;}\">Thema:<\/td>\n<td data-sheets-value=\"{&quot;1&quot;:2,&quot;2&quot;:&quot;richtige Ern\u00e4hrung&quot;}\">richtige Ern\u00e4hrung<\/td>\n<\/tr>\n<tr>\n<td data-sheets-value=\"{&quot;1&quot;:2,&quot;2&quot;:&quot;Verlag:&quot;}\">Verlag:<\/td>\n<td data-sheets-value=\"{&quot;1&quot;:2,&quot;2&quot;:&quot;Humboldt, Schl\u00fctersche Verlag&quot;}\">Humboldt, Schl\u00fctersche Verlag<\/td>\n<\/tr>\n<\/tbody>\n<\/table>","protected":false},"featured_media":81254,"comment_status":"open","ping_status":"closed","template":"","meta":{"_seopress_robots_primary_cat":"","_seopress_titles_title":"","_seopress_titles_desc":"","_seopress_robots_index":""},"product_brand":[],"product_cat":[1428,1434,1447],"product_tag":[],"class_list":{"0":"post-81132","1":"product","2":"type-product","3":"status-publish","4":"has-post-thumbnail","6":"product_cat-buecher","7":"product_cat-erwachsene","8":"product_cat-ratgeber","9":"product_shipping_class-standard-versand","11":"first","12":"instock","13":"taxable","14":"shipping-taxable","15":"purchasable","16":"product-type-simple"},"_links":{"self":[{"href":"https:\/\/www.soanam.de\/fr\/wp-json\/wp\/v2\/product\/81132","targetHints":{"allow":["GET"]}}],"collection":[{"href":"https:\/\/www.soanam.de\/fr\/wp-json\/wp\/v2\/product"}],"about":[{"href":"https:\/\/www.soanam.de\/fr\/wp-json\/wp\/v2\/types\/product"}],"replies":[{"embeddable":true,"href":"https:\/\/www.soanam.de\/fr\/wp-json\/wp\/v2\/comments?post=81132"}],"wp:featuredmedia":[{"embeddable":true,"href":"https:\/\/www.soanam.de\/fr\/wp-json\/wp\/v2\/media\/81254"}],"wp:attachment":[{"href":"https:\/\/www.soanam.de\/fr\/wp-json\/wp\/v2\/media?parent=81132"}],"wp:term":[{"taxonomy":"product_brand","embeddable":true,"href":"https:\/\/www.soanam.de\/fr\/wp-json\/wp\/v2\/product_brand?post=81132"},{"taxonomy":"product_cat","embeddable":true,"href":"https:\/\/www.soanam.de\/fr\/wp-json\/wp\/v2\/product_cat?post=81132"},{"taxonomy":"product_tag","embeddable":true,"href":"https:\/\/www.soanam.de\/fr\/wp-json\/wp\/v2\/product_tag?post=81132"}],"curies":[{"name":"wp","href":"https:\/\/api.w.org\/{rel}","templated":true}]}}