{"id":81115,"date":"2023-12-14T01:45:11","date_gmt":"2023-12-14T00:45:11","guid":{"rendered":"https:\/\/www.soanam.de\/?post_type=product&#038;p=81115"},"modified":"2023-12-14T01:48:34","modified_gmt":"2023-12-14T00:48:34","slug":"york-hovest-cent-jours-damazonie-mon-voyage-chez-les-gardiens-de-la-foret","status":"publish","type":"product","link":"https:\/\/www.soanam.de\/fr\/produkt\/york-hovest-hundert-tage-amazonien-meine-reise-zu-den-huetern-des-waldes\/","title":{"rendered":"York Hovest - Cent jours en Amazonie - Mon voyage chez les gardiens de la for\u00eat"},"content":{"rendered":"<h3>Description du produit<\/h3>\n<p>Mon voyage chez les gardiens de la for\u00eat<\/p>\n<p>Le photographe York Hovest a pass\u00e9 cent jours en Am\u00e9rique du Sud. Le fleuve le plus riche en eau de la plan\u00e8te traverse la plus grande r\u00e9gion de for\u00eat tropicale humide du monde, dont de nombreuses parties sont pratiquement inexplor\u00e9es. Seuls quelques peuples indig\u00e8nes y vivent encore de mani\u00e8re tr\u00e8s traditionnelle. En compagnie de chamans, d'anciens de tribus et de leurs familles, York Hovest entame un voyage \u00e0 travers le bassin amazonien afin de capturer la beaut\u00e9 de la for\u00eat tropicale et de ses habitants avec son appareil photo.<\/p>\n<p>York Hovest, n\u00e9 en 1978 \u00e0 Wesel, photographe de publicit\u00e9 et de mode au succ\u00e8s international, vit \u00e0 Munich et travaille dans le monde entier. Touch\u00e9 par une rencontre personnelle avec le dala\u00ef-lama en 2011 et inspir\u00e9 par ses paroles \u00e9mouvantes sur le destin de son pays, il lui a promis d'immortaliser le Tibet en images et en sons. Un an plus tard, il est parti pour son voyage de 100 jours sur le toit du monde.<\/p>\n<p><strong>D\u00e9tails<\/strong><br \/>\nCouverture \u00e9dition reli\u00e9e<br \/>\nNombre de pages 220<br \/>\nDate de parution 12.10.2016<br \/>\nLangue Fran\u00e7ais<br \/>\nISBN 978-3-86690-468-2<br \/>\nMaison d'\u00e9dition National Geographic Allemagne<br \/>\ndimensions (L\/L\/H) 32,3\/27,3\/3 cm<br \/>\nPoids 2006 g<br \/>\nIllustrations avec 200 photos et cartes en couleur<br \/>\n1\u00e8re \u00e9dition<\/p>","protected":false},"excerpt":{"rendered":"<h3>Caract\u00e9ristiques de l'article<\/h3>\n<p>Artikelzustand: Neu - Neues, ungelesenes, ungebrauchtes Buch in makellosem Zustand<\/p>\n<table dir=\"ltr\" border=\"1\" cellspacing=\"0\" cellpadding=\"0\">\n<colgroup>\n<col width=\"194\" \/>\n<col width=\"223\" \/><\/colgroup>\n<tbody>\n<tr>\n<td data-sheets-value=\"{&quot;1&quot;:2,&quot;2&quot;:&quot;Altersempfehlung:&quot;}\">Altersempfehlung:<\/td>\n<td data-sheets-value=\"{&quot;1&quot;:2,&quot;2&quot;:&quot;Jugendliche&quot;}\">Jugendliche<\/td>\n<\/tr>\n<tr>\n<td data-sheets-value=\"{&quot;1&quot;:2,&quot;2&quot;:&quot;Autor:&quot;}\">Autor:<\/td>\n<td data-sheets-value=\"{&quot;1&quot;:2,&quot;2&quot;:&quot;York Hovest&quot;}\">York Hovest<\/td>\n<\/tr>\n<tr>\n<td data-sheets-value=\"{&quot;1&quot;:2,&quot;2&quot;:&quot;Buchtitel:&quot;}\">Buchtitel:<\/td>\n<td data-sheets-value=\"{&quot;1&quot;:2,&quot;2&quot;:&quot;Hundert Tage Amazonien&quot;}\">Hundert Tage Amazonien<\/td>\n<\/tr>\n<tr>\n<td data-sheets-value=\"{&quot;1&quot;:2,&quot;2&quot;:&quot;EAN:&quot;}\">EAN:<\/td>\n<td data-sheets-value=\"{&quot;1&quot;:3,&quot;3&quot;:9783866904682}\">9783866904682<\/td>\n<\/tr>\n<tr>\n<td data-sheets-value=\"{&quot;1&quot;:2,&quot;2&quot;:&quot;Einbandart:&quot;}\">Einbandart:<\/td>\n<td data-sheets-value=\"{&quot;1&quot;:2,&quot;2&quot;:&quot;gebundene Ausgabe&quot;}\">gebundene Ausgabe<\/td>\n<\/tr>\n<tr>\n<td data-sheets-value=\"{&quot;1&quot;:2,&quot;2&quot;:&quot;Herstellungsland und -region:&quot;}\">Herstellungsland und -region:<\/td>\n<td data-sheets-value=\"{&quot;1&quot;:2,&quot;2&quot;:&quot;Deutschland&quot;}\">Allemagne<\/td>\n<\/tr>\n<tr>\n<td data-sheets-value=\"{&quot;1&quot;:2,&quot;2&quot;:&quot;Modifizierter Artikel:&quot;}\">Modifizierter Artikel:<\/td>\n<td data-sheets-value=\"{&quot;1&quot;:2,&quot;2&quot;:&quot;Nein&quot;}\">Nein<\/td>\n<\/tr>\n<tr>\n<td data-sheets-value=\"{&quot;1&quot;:2,&quot;2&quot;:&quot;Seitenzahl:&quot;}\">Seitenzahl:<\/td>\n<td data-sheets-value=\"{&quot;1&quot;:3,&quot;3&quot;:220}\">220<\/td>\n<\/tr>\n<tr>\n<td data-sheets-value=\"{&quot;1&quot;:2,&quot;2&quot;:&quot;Sprache:&quot;}\">Sprache:<\/td>\n<td data-sheets-value=\"{&quot;1&quot;:2,&quot;2&quot;:&quot;Deutsch&quot;}\">Allemand<\/td>\n<\/tr>\n<tr>\n<td data-sheets-value=\"{&quot;1&quot;:2,&quot;2&quot;:&quot;Verlag:&quot;}\">Verlag:<\/td>\n<td data-sheets-value=\"{&quot;1&quot;:2,&quot;2&quot;:&quot;Ng Buchverlag Gmbh, National Geographic Deutschland&quot;}\">\n<div>\n<div>Ng Buchverlag Gmbh, National Geographic Deutschland<\/div>\n<\/div>\n<\/td>\n<\/tr>\n<tr>\n<td data-sheets-value=\"{&quot;1&quot;:2,&quot;2&quot;:&quot;Zeitschriftentitel:&quot;}\">Zeitschriftentitel:<\/td>\n<td data-sheets-value=\"{&quot;1&quot;:2,&quot;2&quot;:&quot;Hundert Tage Amazonien&quot;}\">Hundert Tage Amazonien<\/td>\n<\/tr>\n<\/tbody>\n<\/table>","protected":false},"featured_media":81248,"comment_status":"open","ping_status":"closed","template":"","meta":{"_seopress_robots_primary_cat":"","_seopress_titles_title":"","_seopress_titles_desc":"","_seopress_robots_index":""},"product_brand":[],"product_cat":[1428,1429,1430,1434,1439],"product_tag":[],"class_list":{"0":"post-81115","1":"product","2":"type-product","3":"status-publish","4":"has-post-thumbnail","6":"product_cat-buecher","7":"product_cat-jugend","8":"product_cat-lehrbuecher","9":"product_cat-erwachsene","10":"product_cat-lehrbuecher-erwachsene","11":"product_shipping_class-standard-versand","13":"first","14":"instock","15":"taxable","16":"shipping-taxable","17":"purchasable","18":"product-type-simple"},"_links":{"self":[{"href":"https:\/\/www.soanam.de\/fr\/wp-json\/wp\/v2\/product\/81115","targetHints":{"allow":["GET"]}}],"collection":[{"href":"https:\/\/www.soanam.de\/fr\/wp-json\/wp\/v2\/product"}],"about":[{"href":"https:\/\/www.soanam.de\/fr\/wp-json\/wp\/v2\/types\/product"}],"replies":[{"embeddable":true,"href":"https:\/\/www.soanam.de\/fr\/wp-json\/wp\/v2\/comments?post=81115"}],"wp:featuredmedia":[{"embeddable":true,"href":"https:\/\/www.soanam.de\/fr\/wp-json\/wp\/v2\/media\/81248"}],"wp:attachment":[{"href":"https:\/\/www.soanam.de\/fr\/wp-json\/wp\/v2\/media?parent=81115"}],"wp:term":[{"taxonomy":"product_brand","embeddable":true,"href":"https:\/\/www.soanam.de\/fr\/wp-json\/wp\/v2\/product_brand?post=81115"},{"taxonomy":"product_cat","embeddable":true,"href":"https:\/\/www.soanam.de\/fr\/wp-json\/wp\/v2\/product_cat?post=81115"},{"taxonomy":"product_tag","embeddable":true,"href":"https:\/\/www.soanam.de\/fr\/wp-json\/wp\/v2\/product_tag?post=81115"}],"curies":[{"name":"wp","href":"https:\/\/api.w.org\/{rel}","templated":true}]}}