{"id":81090,"date":"2023-12-14T01:44:45","date_gmt":"2023-12-14T00:44:45","guid":{"rendered":"https:\/\/www.soanam.de\/?post_type=product&#038;p=81090"},"modified":"2023-12-14T01:47:37","modified_gmt":"2023-12-14T00:47:37","slug":"dinah-rodrigues-hormone-yoga-ratgeber-livre-de-poche-allemand-2009","status":"publish","type":"product","link":"https:\/\/www.soanam.de\/fr\/produkt\/dinah-rodrigues-hormon-yoga-ratgeber-taschenbuch-deutsch-2009\/","title":{"rendered":"Dinah Rodrigues \" Yoga des hormones \" Guide pratique, Livre de poche, Allemand, 2009"},"content":{"rendered":"<h3>Description du produit<\/h3>\n<p>Das Standardwerk zur hormonellen Balance in den Wechseljahren<\/p>\n<p>Dieses Buch ein wichtiger Berater f\u00fcr jede Frau, die sich selbst helfen will, und ein Begleiter in der Zeit der Menopause und danach. Die Autorin schl\u00e4gt f\u00fcr diese Phase im Leben einer Frau eine erprobte, nat\u00fcrliche und ganzheitliche Behandlung vor, die durch innere Massage und Lenkung der individuellen Lebensenergie die f\u00fcr die Hormonerzeugung verantwortlichen Organe und Dr\u00fcsen anregt. Dadurch werden die Symptome der Wechseljahre beseitigt oder zumindest gemildert. Sehr fundiert, ausf\u00fchrlich und einf\u00fchlsam schildert sie zun\u00e4chst die vielen m\u00f6glichen k\u00f6rperlichen und emotionalen Symptome der Wechseljahre, wie sie es selbst erlebt hat, sowie deren herk\u00f6mmliche medizinische Behandlung. Allein deshalb ist es f\u00fcr jede Frau ein \u00e4u\u00dferst wertvoller Ratgeber, denn viele Zusammenh\u00e4nge werden erst nach der Lekt\u00fcre klar. Dabei will die Autorin Br\u00fccken schlagen und verbindet die uralte Yogalehre mit moderner Wissenschaft. Im praktischen Teil werden verschiedene Yoga\u00fcbungen vorgestellt. Selbst wenn sich eine Frau noch nie mit Yoga besch\u00e4ftigt hat, findet sie hier durch ausf\u00fchrliche Erkl\u00e4rungen und viele Bilder einen leichten Einstieg. Aber auch Yogaerfahrene und Yogalehrer finden hier ganz neue Anwendungsweisen. Die Autorin erkl\u00e4rt zudem die Unterschiede der verschiedenen Yogaschulen und bezieht zahlreiche weitere Aspekte mit ein, die ihr hilfreich erscheinen. Somit ist dieses Buch wirklich f\u00fcr jede Frau und f\u00fcr viele Therapeuten eine echte Bereicherung.<\/p>\n<p><strong>D\u00e9tails<\/strong><br \/>\nSeitenzahl: 288 Seiten<br \/>\nLangue : Allemand<br \/>\nHerausgeber: Schirner<br \/>\nErscheinungstermin: 1. Januar 2009<br \/>\nAbmessungen: 19.2 x 1.8 x 22.2 cm<br \/>\nISBN: 3897672200, 978-3897672208<\/p>","protected":false},"excerpt":{"rendered":"<h3>Caract\u00e9ristiques de l'article<\/h3>\n<p>Artikelzustand: Neu - Neues, ungelesenes, ungebrauchtes Buch in makellosem Zustand<\/p>\n<table dir=\"ltr\" border=\"1\" cellspacing=\"0\" cellpadding=\"0\">\n<colgroup>\n<col width=\"194\" \/>\n<col width=\"223\" \/><\/colgroup>\n<tbody>\n<tr>\n<td data-sheets-value=\"{&quot;1&quot;:2,&quot;2&quot;:&quot;Autor:&quot;}\">Autor:<\/td>\n<td data-sheets-value=\"{&quot;1&quot;:2,&quot;2&quot;:&quot;Dinah Rodrigues&quot;}\">Dinah Rodrigues<\/td>\n<\/tr>\n<tr>\n<td data-sheets-value=\"{&quot;1&quot;:2,&quot;2&quot;:&quot;Besonderheiten:&quot;}\">Particularit\u00e9s :<\/td>\n<td data-sheets-value=\"{&quot;1&quot;:2,&quot;2&quot;:&quot;Illustriert&quot;}\">Illustriert<\/td>\n<\/tr>\n<tr>\n<td data-sheets-value=\"{&quot;1&quot;:2,&quot;2&quot;:&quot;Buchtitel:&quot;}\">Buchtitel:<\/td>\n<td data-sheets-value=\"{&quot;1&quot;:2,&quot;2&quot;:&quot;Hormon-Yoga&quot;}\">Hormon-Yoga<\/td>\n<\/tr>\n<tr>\n<td data-sheets-value=\"{&quot;1&quot;:2,&quot;2&quot;:&quot;Erscheinungsjahr:&quot;}\">Erscheinungsjahr:<\/td>\n<td data-sheets-value=\"{&quot;1&quot;:3,&quot;3&quot;:2009}\">2009<\/td>\n<\/tr>\n<tr>\n<td data-sheets-value=\"{&quot;1&quot;:2,&quot;2&quot;:&quot;Format:&quot;}\">Format:<\/td>\n<td data-sheets-value=\"{&quot;1&quot;:2,&quot;2&quot;:&quot;Taschenbuch&quot;}\">Taschenbuch<\/td>\n<\/tr>\n<tr>\n<td data-sheets-value=\"{&quot;1&quot;:2,&quot;2&quot;:&quot;Genre:&quot;}\">Genre:<\/td>\n<td data-sheets-value=\"{&quot;1&quot;:2,&quot;2&quot;:&quot;Frauenliteratur&quot;}\">Frauenliteratur<\/td>\n<\/tr>\n<tr>\n<td data-sheets-value=\"{&quot;1&quot;:2,&quot;2&quot;:&quot;Herstellungsland und -region:&quot;}\">Herstellungsland und -region:<\/td>\n<td data-sheets-value=\"{&quot;1&quot;:2,&quot;2&quot;:&quot;Deutschland&quot;}\">Allemagne<\/td>\n<\/tr>\n<tr>\n<td data-sheets-value=\"{&quot;1&quot;:2,&quot;2&quot;:&quot;ISBN:&quot;}\">ISBN:<\/td>\n<td data-sheets-value=\"{&quot;1&quot;:3,&quot;3&quot;:9783897672208}\">9783897672208<\/td>\n<\/tr>\n<tr>\n<td data-sheets-value=\"{&quot;1&quot;:2,&quot;2&quot;:&quot;Literarische Gattung:&quot;}\">Literarische Gattung:<\/td>\n<td data-sheets-value=\"{&quot;1&quot;:2,&quot;2&quot;:&quot;Sachbuch&quot;}\">Sachbuch<\/td>\n<\/tr>\n<tr>\n<td data-sheets-value=\"{&quot;1&quot;:2,&quot;2&quot;:&quot;Produktart:&quot;}\">Produktart:<\/td>\n<td data-sheets-value=\"{&quot;1&quot;:2,&quot;2&quot;:&quot;Ratgeber&quot;}\">Guide pratique<\/td>\n<\/tr>\n<tr>\n<td data-sheets-value=\"{&quot;1&quot;:2,&quot;2&quot;:&quot;Sprache:&quot;}\">Sprache:<\/td>\n<td data-sheets-value=\"{&quot;1&quot;:2,&quot;2&quot;:&quot;Deutsch&quot;}\">Allemand<\/td>\n<\/tr>\n<tr>\n<td data-sheets-value=\"{&quot;1&quot;:2,&quot;2&quot;:&quot;Thematik:&quot;}\">Thematik:<\/td>\n<td data-sheets-value=\"{&quot;1&quot;:2,&quot;2&quot;:&quot;Yoga&quot;}\">Yoga<\/td>\n<\/tr>\n<tr>\n<td data-sheets-value=\"{&quot;1&quot;:2,&quot;2&quot;:&quot;Verlag:&quot;}\">Verlag:<\/td>\n<td data-sheets-value=\"{&quot;1&quot;:2,&quot;2&quot;:&quot;Schirner&quot;}\">Schirner<\/td>\n<\/tr>\n<tr>\n<td data-sheets-value=\"{&quot;1&quot;:2,&quot;2&quot;:&quot;Zielgruppe:&quot;}\">Zielgruppe:<\/td>\n<td data-sheets-value=\"{&quot;1&quot;:2,&quot;2&quot;:&quot;Erwachsene&quot;}\">Adultes<\/td>\n<\/tr>\n<\/tbody>\n<\/table>","protected":false},"featured_media":81203,"comment_status":"open","ping_status":"closed","template":"","meta":{"_seopress_robots_primary_cat":"","_seopress_titles_title":"","_seopress_titles_desc":"","_seopress_robots_index":""},"product_brand":[],"product_cat":[1428,1434,1447],"product_tag":[],"class_list":{"0":"post-81090","1":"product","2":"type-product","3":"status-publish","4":"has-post-thumbnail","6":"product_cat-buecher","7":"product_cat-erwachsene","8":"product_cat-ratgeber","9":"product_shipping_class-standard-versand","11":"first","12":"instock","13":"taxable","14":"shipping-taxable","15":"purchasable","16":"product-type-simple"},"_links":{"self":[{"href":"https:\/\/www.soanam.de\/fr\/wp-json\/wp\/v2\/product\/81090","targetHints":{"allow":["GET"]}}],"collection":[{"href":"https:\/\/www.soanam.de\/fr\/wp-json\/wp\/v2\/product"}],"about":[{"href":"https:\/\/www.soanam.de\/fr\/wp-json\/wp\/v2\/types\/product"}],"replies":[{"embeddable":true,"href":"https:\/\/www.soanam.de\/fr\/wp-json\/wp\/v2\/comments?post=81090"}],"wp:featuredmedia":[{"embeddable":true,"href":"https:\/\/www.soanam.de\/fr\/wp-json\/wp\/v2\/media\/81203"}],"wp:attachment":[{"href":"https:\/\/www.soanam.de\/fr\/wp-json\/wp\/v2\/media?parent=81090"}],"wp:term":[{"taxonomy":"product_brand","embeddable":true,"href":"https:\/\/www.soanam.de\/fr\/wp-json\/wp\/v2\/product_brand?post=81090"},{"taxonomy":"product_cat","embeddable":true,"href":"https:\/\/www.soanam.de\/fr\/wp-json\/wp\/v2\/product_cat?post=81090"},{"taxonomy":"product_tag","embeddable":true,"href":"https:\/\/www.soanam.de\/fr\/wp-json\/wp\/v2\/product_tag?post=81090"}],"curies":[{"name":"wp","href":"https:\/\/api.w.org\/{rel}","templated":true}]}}