{"id":81051,"date":"2023-12-14T01:43:55","date_gmt":"2023-12-14T00:43:55","guid":{"rendered":"https:\/\/www.soanam.de\/?post_type=product&#038;p=81051"},"modified":"2023-12-14T01:46:53","modified_gmt":"2023-12-14T00:46:53","slug":"tempered-nordic-bmx-handlebar-chrome-9-66","status":"publish","type":"product","link":"https:\/\/www.soanam.de\/fr\/produkt\/tempered-nordic-bmx-handlebar-chrome-9-66\/","title":{"rendered":"Tempered Nordic BMX Handlebar - Chrome 9.66\""},"content":{"rendered":"<h3>Description<\/h3>\n<p>A propos de cet article<\/p>\n<p>Geh\u00e4rteter Nordic BMX Lenker - Chrom 9,66\"<\/p>\n<p>Le Nordic Bar est un superbe guidon de BMX avec un g\u00e9o moderne. Tempered est l'heureux propri\u00e9taire et l'entreprise d'un coureur australien.<\/p>\n<ul>\n<li>9,66\" Anstieg<\/li>\n<li>Breite: 30\"<\/li>\n<li>Mouvement vers le haut : 2\u00ba.<\/li>\n<li>Balayage arri\u00e8re : 12<\/li>\n<li>13 Conifi\u00e9<\/li>\n<li>Cromo enti\u00e8rement trait\u00e9 thermiquement 4130<\/li>\n<\/ul>\n<p>&nbsp;<\/p>","protected":false},"excerpt":{"rendered":"<p>Description Info sur cet article Guidon tremp\u00e9 Nordic BMX - Chrome 9,66\" Le Nordic Bar est un superbe guidon de BMX avec un g\u00e9o moderne. Tempered est le fier propri\u00e9taire et l'exploitation d'un coureur australien. 9,66\" Augmentation Largeur : 30\" Mouvement ascendant : 2\u00ba Backsweep : 12\u00ba 13 Conifi\u00e9 Enti\u00e8rement 4130 trait\u00e9 thermiquement Cromo &nbsp;<\/p>","protected":false},"featured_media":81161,"comment_status":"open","ping_status":"closed","template":"","meta":{"_seopress_robots_primary_cat":"","_seopress_titles_title":"","_seopress_titles_desc":"","_seopress_robots_index":""},"product_brand":[],"product_cat":[1730],"product_tag":[],"class_list":{"0":"post-81051","1":"product","2":"type-product","3":"status-publish","4":"has-post-thumbnail","6":"product_cat-sonstiges-2","7":"product_shipping_class-standard-versand","9":"first","10":"instock","11":"sale","12":"taxable","13":"shipping-taxable","14":"purchasable","15":"product-type-simple"},"_links":{"self":[{"href":"https:\/\/www.soanam.de\/fr\/wp-json\/wp\/v2\/product\/81051","targetHints":{"allow":["GET"]}}],"collection":[{"href":"https:\/\/www.soanam.de\/fr\/wp-json\/wp\/v2\/product"}],"about":[{"href":"https:\/\/www.soanam.de\/fr\/wp-json\/wp\/v2\/types\/product"}],"replies":[{"embeddable":true,"href":"https:\/\/www.soanam.de\/fr\/wp-json\/wp\/v2\/comments?post=81051"}],"wp:featuredmedia":[{"embeddable":true,"href":"https:\/\/www.soanam.de\/fr\/wp-json\/wp\/v2\/media\/81161"}],"wp:attachment":[{"href":"https:\/\/www.soanam.de\/fr\/wp-json\/wp\/v2\/media?parent=81051"}],"wp:term":[{"taxonomy":"product_brand","embeddable":true,"href":"https:\/\/www.soanam.de\/fr\/wp-json\/wp\/v2\/product_brand?post=81051"},{"taxonomy":"product_cat","embeddable":true,"href":"https:\/\/www.soanam.de\/fr\/wp-json\/wp\/v2\/product_cat?post=81051"},{"taxonomy":"product_tag","embeddable":true,"href":"https:\/\/www.soanam.de\/fr\/wp-json\/wp\/v2\/product_tag?post=81051"}],"curies":[{"name":"wp","href":"https:\/\/api.w.org\/{rel}","templated":true}]}}