{"id":81012,"date":"2023-12-14T01:43:06","date_gmt":"2023-12-14T00:43:06","guid":{"rendered":"https:\/\/www.soanam.de\/?post_type=product&#038;p=81012"},"modified":"2023-12-14T01:45:25","modified_gmt":"2023-12-14T00:45:25","slug":"came-tv-optimus-3-axis-camera-gimbal-avec-double-poignee-pliable-en-valise-rigide","status":"publish","type":"product","link":"https:\/\/www.soanam.de\/fr\/produkt\/came-tv-optimus-3-axis-camera-gimbal-mit-doppelgriff-faltstaender-in-hartschalenkoffer\/","title":{"rendered":"CAME-TV Optimus 3-Axis Camera Gimbal avec double poign\u00e9e, support pliable dans un \u00e9tui rigide"},"content":{"rendered":"<h3>Description<\/h3>\n<p>Le gimbal de cam\u00e9ra 3 axes Optimus de CAME-TV permet une utilisation \u00e0 une main. Tous les \u00e9l\u00e9ments de commande et la batterie se trouvent d\u00e9sormais \u00e0 l'ext\u00e9rieur de la poign\u00e9e. La poign\u00e9e simple peut \u00eatre transform\u00e9e en poign\u00e9e double en fonction des besoins du cam\u00e9raman.<\/p>\n<p>La conception permet \u00e9galement d'utiliser l'Optimus Gimbal compl\u00e8tement invers\u00e9 ou immerg\u00e9. Tous les moteurs peuvent \u00eatre tourn\u00e9s sans restriction \u00e0 360\u00b0 afin d'augmenter la port\u00e9e et la flexibilit\u00e9 pendant le fonctionnement. Le gimbal offre une autonomie de batterie allant jusqu'\u00e0 10 heures avec une seule charge. La poign\u00e9e unique dispose d'un joystick int\u00e9gr\u00e9 et le gimbal comprend \u00e9galement une t\u00e9l\u00e9commande sans fil \u00e0 joystick.<\/p>\n<p>Le gimbal Optimus dispose d'un plateau de cam\u00e9ra \u00e0 changement rapide et d'ajustements sans outils pour un \u00e9quilibrage simple et rapide de la cam\u00e9ra. Il est livr\u00e9 avec deux batteries, ce qui vous permet d'avoir une r\u00e9serve pour les longues prises de vue et le confort de pouvoir en recharger une pendant que vous utilisez l'autre.<\/p>\n<p><strong>\u00c9tat de l'article : Occasion<\/strong><\/p>\n<p><strong>Livraison : dans la bo\u00eete<\/strong><br \/>\n* CAME-TV Optimus 3-axis camera gimbal<br \/>\n* Poign\u00e9e \u00e0 une main<br \/>\n* 2 x batterie (10 heures chacune) 800 mAh, 11.1 V<br \/>\n* Chargeur de batterie<br \/>\n* Plaque de changement rapide<br \/>\n* T\u00e9l\u00e9commande par joystick sans fil<br \/>\n* C\u00e2ble USB<br \/>\n* 2 x 1\/4\" Schraube (1\/4\" und 3\/8\")<br \/>\n* Valise \u00e0 coque dure<br \/>\n* double poign\u00e9e<br \/>\n* Mini-support pliable<br \/>\n* Bras magique avec pince<\/p>","protected":false},"excerpt":{"rendered":"<p><strong>Caract\u00e9ristiques de l'article<\/strong><\/p>\n<p>* Unterst\u00fctzt kleinere bis mittelgro\u00dfe DSLR- und spiegellose Kameras, einschlie\u00dflich BMPCC, Panasonic GH4, Sony A7r\/A7s-Serie usw. mit leichteren Objektiven<\/p>\n<p>* Bewegen Sie den Joystick (nach oben, unten, links, rechts), um die Richtung zu steuern<\/p>\n<p>* USB-Anschluss f\u00fcr PID- und Software\u00e4nderungen 1\/4\" Schraubenloch f\u00fcr den externen magischen Arm, Monitor und anderes Zubeh\u00f6r<\/p>\n<p>* Schaltfl\u00e4che Arbeitsmodi<\/p>\n<p>* 1\/4-Zoll- und 3\/8-Zoll-Schraubl\u00f6cher f\u00fcr Gimbal-Support-Zubeh\u00f6r<\/p>\n<p>* Wechseln Sie einfach zwischen Einzel- und Doppelgriffen<\/p>\n<p>* 10 Stunden Akkulaufzeit<\/p>\n<p>* Aufladestation<\/p>\n<p>* Vollst\u00e4ndige 360\u00b0-Drehung<\/p>\n<p>* Anti-Vibration behoben<\/p>\n<p>* Enth\u00e4lt eine drahtlose Joystick-Fernbedienung<\/p>","protected":false},"featured_media":81116,"comment_status":"open","ping_status":"closed","template":"","meta":{"_seopress_robots_primary_cat":"","_seopress_titles_title":"","_seopress_titles_desc":"","_seopress_robots_index":""},"product_brand":[],"product_cat":[1730],"product_tag":[],"class_list":{"0":"post-81012","1":"product","2":"type-product","3":"status-publish","4":"has-post-thumbnail","6":"product_cat-sonstiges-2","7":"product_shipping_class-standard-versand","9":"first","10":"instock","11":"sale","12":"taxable","13":"shipping-taxable","14":"purchasable","15":"product-type-simple"},"_links":{"self":[{"href":"https:\/\/www.soanam.de\/fr\/wp-json\/wp\/v2\/product\/81012","targetHints":{"allow":["GET"]}}],"collection":[{"href":"https:\/\/www.soanam.de\/fr\/wp-json\/wp\/v2\/product"}],"about":[{"href":"https:\/\/www.soanam.de\/fr\/wp-json\/wp\/v2\/types\/product"}],"replies":[{"embeddable":true,"href":"https:\/\/www.soanam.de\/fr\/wp-json\/wp\/v2\/comments?post=81012"}],"wp:featuredmedia":[{"embeddable":true,"href":"https:\/\/www.soanam.de\/fr\/wp-json\/wp\/v2\/media\/81116"}],"wp:attachment":[{"href":"https:\/\/www.soanam.de\/fr\/wp-json\/wp\/v2\/media?parent=81012"}],"wp:term":[{"taxonomy":"product_brand","embeddable":true,"href":"https:\/\/www.soanam.de\/fr\/wp-json\/wp\/v2\/product_brand?post=81012"},{"taxonomy":"product_cat","embeddable":true,"href":"https:\/\/www.soanam.de\/fr\/wp-json\/wp\/v2\/product_cat?post=81012"},{"taxonomy":"product_tag","embeddable":true,"href":"https:\/\/www.soanam.de\/fr\/wp-json\/wp\/v2\/product_tag?post=81012"}],"curies":[{"name":"wp","href":"https:\/\/api.w.org\/{rel}","templated":true}]}}