{"id":80970,"date":"2023-12-14T01:42:11","date_gmt":"2023-12-14T00:42:11","guid":{"rendered":"https:\/\/www.soanam.de\/?post_type=product&#038;p=80970"},"modified":"2023-12-14T01:44:28","modified_gmt":"2023-12-14T00:44:28","slug":"jesper-juul-pubertaet-quand-eduquer-ne-suffit-plus-edition-reliee","status":"publish","type":"product","link":"https:\/\/www.soanam.de\/fr\/produkt\/jesper-juul-pubertaet-wenn-erziehen-nicht-mehr-geht-gebundene-ausgabe\/","title":{"rendered":"Jesper Juul - Pubert\u00e9 - quand \u00e9duquer ne suffit plus - \u00e9dition reli\u00e9e"},"content":{"rendered":"<h3>Description du produit<\/h3>\n<p>Traverser les temps difficiles en toute s\u00e9r\u00e9nit\u00e9.<br \/>\nLivre (reli\u00e9)<\/p>\n<p><strong>Description<\/strong><br \/>\n\u00c0 l'adolescence, il faut trouver de nouvelles mani\u00e8res de vivre ensemble, car l'\u00e9ducation telle qu'elle \u00e9tait pratiqu\u00e9e dans l'enfance ne sert plus \u00e0 rien : le c\u00e9l\u00e8bre th\u00e9rapeute familial Jesper Juul r\u00e9pond dans ce best-seller aux questions br\u00fblantes des parents et montre qu'il est possible de faire autrement. La communication et la relation sont d\u00e9sormais de mise. Les solutions propos\u00e9es ont \u00e9t\u00e9 \u00e9labor\u00e9es et test\u00e9es avec des parents et des jeunes. Elles donnent une orientation qui aide vraiment \u00e0 avancer !<\/p>\n<p>Comment communiquer avec les jeunes qui ont ferm\u00e9 boutique ?<br \/>\nDe nombreux exemples sur des questions br\u00fblantes concernant les parents<\/p>\n<p><strong>D\u00e9tails du produit<\/strong><br \/>\nReliure : \u00e9dition reli\u00e9e<br \/>\n\u00c9diteur : Mathias Voelchert<br \/>\nNombre de pages : 207<br \/>\nDate de parution : 01.03.2010<br \/>\nLangue : Allemand<br \/>\nISBN : 978-3-466-30871-2<br \/>\nMaison d'\u00e9dition : K\u00f6sel<br \/>\nDimensions (L\/L\/H) : 22,4\/14\/2,3 cm<br \/>\nPoids : 377 g<\/p>\n<p>\"Juul est une figure lumineuse de la p\u00e9dagogie moderne\".<br \/>\nLE MIROIR<\/p>","protected":false},"excerpt":{"rendered":"<h3>Caract\u00e9ristiques de l'article<\/h3>\n<p>Artikelzustand: Neu - Neues, ungelesenes, ungebrauchtes Buch in makellosem Zustand<\/p>\n<table dir=\"ltr\" border=\"1\" cellspacing=\"0\" cellpadding=\"0\">\n<colgroup>\n<col width=\"194\" \/>\n<col width=\"223\" \/><\/colgroup>\n<tbody>\n<tr>\n<td data-sheets-value=\"{&quot;1&quot;:2,&quot;2&quot;:&quot;Altersempfehlung:&quot;}\">Altersempfehlung:<\/td>\n<td data-sheets-value=\"{&quot;1&quot;:2,&quot;2&quot;:&quot;Erwachsene, Jugendliche&quot;}\">Erwachsene, Jugendliche<\/td>\n<\/tr>\n<tr>\n<td data-sheets-value=\"{&quot;1&quot;:2,&quot;2&quot;:&quot;Anzahl der Seiten:&quot;}\">Anzahl der Seiten:<\/td>\n<td data-sheets-value=\"{&quot;1&quot;:2,&quot;2&quot;:&quot;207 Seiten&quot;}\">207 Seiten<\/td>\n<\/tr>\n<tr>\n<td data-sheets-value=\"{&quot;1&quot;:2,&quot;2&quot;:&quot;Autor:&quot;}\">Autor:<\/td>\n<td data-sheets-value=\"{&quot;1&quot;:2,&quot;2&quot;:&quot;Jesper Juul&quot;}\">Jesper Juul<\/td>\n<\/tr>\n<tr>\n<td data-sheets-value=\"{&quot;1&quot;:2,&quot;2&quot;:&quot;Buchtitel:&quot;}\">Buchtitel:<\/td>\n<td data-sheets-value=\"{&quot;1&quot;:2,&quot;2&quot;:&quot;Pubert\u00e4t-Wenn Erziehen Nicht mehr Geht&quot;}\">\n<div>\n<div>Pubert\u00e4t-Wenn Erziehen Nicht mehr Geht<\/div>\n<\/div>\n<\/td>\n<\/tr>\n<tr>\n<td data-sheets-value=\"{&quot;1&quot;:2,&quot;2&quot;:&quot;Eigenschaften:&quot;}\">Caract\u00e9ristiques :<\/td>\n<td data-sheets-value=\"{&quot;1&quot;:2,&quot;2&quot;:&quot;gebundene Ausgabe&quot;}\">gebundene Ausgabe<\/td>\n<\/tr>\n<tr>\n<td data-sheets-value=\"{&quot;1&quot;:2,&quot;2&quot;:&quot;Erscheinungsjahr:&quot;}\">Erscheinungsjahr:<\/td>\n<td data-sheets-value=\"{&quot;1&quot;:3,&quot;3&quot;:2010}\">2010<\/td>\n<\/tr>\n<tr>\n<td data-sheets-value=\"{&quot;1&quot;:2,&quot;2&quot;:&quot;Format:&quot;}\">Format:<\/td>\n<td data-sheets-value=\"{&quot;1&quot;:2,&quot;2&quot;:&quot;Gebundene Ausgabe&quot;}\">Gebundene Ausgabe<\/td>\n<\/tr>\n<tr>\n<td data-sheets-value=\"{&quot;1&quot;:2,&quot;2&quot;:&quot;Herstellungsland und -region:&quot;}\">Herstellungsland und -region:<\/td>\n<td data-sheets-value=\"{&quot;1&quot;:2,&quot;2&quot;:&quot;Deutschland&quot;}\">Allemagne<\/td>\n<\/tr>\n<tr>\n<td data-sheets-value=\"{&quot;1&quot;:2,&quot;2&quot;:&quot;ISBN:&quot;}\">ISBN:<\/td>\n<td data-sheets-value=\"{&quot;1&quot;:3,&quot;3&quot;:9783466308712}\">9783466308712<\/td>\n<\/tr>\n<tr>\n<td data-sheets-value=\"{&quot;1&quot;:2,&quot;2&quot;:&quot;Originalsprache:&quot;}\">Originalsprache:<\/td>\n<td data-sheets-value=\"{&quot;1&quot;:2,&quot;2&quot;:&quot;D\u00e4nisch&quot;}\">D\u00e4nisch<\/td>\n<\/tr>\n<tr>\n<td data-sheets-value=\"{&quot;1&quot;:2,&quot;2&quot;:&quot;Produktart:&quot;}\">Produktart:<\/td>\n<td data-sheets-value=\"{&quot;1&quot;:2,&quot;2&quot;:&quot;L\u00f6sungsbuch&quot;}\">L\u00f6sungsbuch<\/td>\n<\/tr>\n<tr>\n<td data-sheets-value=\"{&quot;1&quot;:2,&quot;2&quot;:&quot;Reihe:&quot;}\">Reihe:<\/td>\n<td data-sheets-value=\"{&quot;1&quot;:2,&quot;2&quot;:&quot;familyab&quot;}\">familyab<\/td>\n<\/tr>\n<tr>\n<td data-sheets-value=\"{&quot;1&quot;:2,&quot;2&quot;:&quot;Sprache:&quot;}\">Sprache:<\/td>\n<td data-sheets-value=\"{&quot;1&quot;:2,&quot;2&quot;:&quot;Deutsch&quot;}\">Allemand<\/td>\n<\/tr>\n<tr>\n<td data-sheets-value=\"{&quot;1&quot;:2,&quot;2&quot;:&quot;Thema:&quot;}\">Thema:<\/td>\n<td data-sheets-value=\"{&quot;1&quot;:2,&quot;2&quot;:&quot;Pubert\u00e4t&quot;}\">Pubert\u00e4t<\/td>\n<\/tr>\n<tr>\n<td data-sheets-value=\"{&quot;1&quot;:2,&quot;2&quot;:&quot;Themenbereich:&quot;}\">Themenbereich:<\/td>\n<td data-sheets-value=\"{&quot;1&quot;:2,&quot;2&quot;:&quot;Eltern, Ehe &amp; Familie&quot;}\">Eltern, Ehe &amp; Familie<\/td>\n<\/tr>\n<tr>\n<td data-sheets-value=\"{&quot;1&quot;:2,&quot;2&quot;:&quot;Verlag:&quot;}\">Verlag:<\/td>\n<td data-sheets-value=\"{&quot;1&quot;:2,&quot;2&quot;:&quot;K\u00f6sel-Verlag, K\u00f6sel&quot;}\">K\u00f6sel-Verlag, K\u00f6sel<\/td>\n<\/tr>\n<\/tbody>\n<\/table>","protected":false},"featured_media":81077,"comment_status":"open","ping_status":"closed","template":"","meta":{"_seopress_robots_primary_cat":"","_seopress_titles_title":"","_seopress_titles_desc":"","_seopress_robots_index":""},"product_brand":[],"product_cat":[1428,1429,1434,1447,1530],"product_tag":[],"class_list":{"0":"post-80970","1":"product","2":"type-product","3":"status-publish","4":"has-post-thumbnail","6":"product_cat-buecher","7":"product_cat-jugend","8":"product_cat-erwachsene","9":"product_cat-ratgeber","10":"product_cat-ratgeber-jugend","11":"product_shipping_class-standard-versand","13":"first","14":"instock","15":"sale","16":"taxable","17":"shipping-taxable","18":"purchasable","19":"product-type-simple"},"_links":{"self":[{"href":"https:\/\/www.soanam.de\/fr\/wp-json\/wp\/v2\/product\/80970","targetHints":{"allow":["GET"]}}],"collection":[{"href":"https:\/\/www.soanam.de\/fr\/wp-json\/wp\/v2\/product"}],"about":[{"href":"https:\/\/www.soanam.de\/fr\/wp-json\/wp\/v2\/types\/product"}],"replies":[{"embeddable":true,"href":"https:\/\/www.soanam.de\/fr\/wp-json\/wp\/v2\/comments?post=80970"}],"wp:featuredmedia":[{"embeddable":true,"href":"https:\/\/www.soanam.de\/fr\/wp-json\/wp\/v2\/media\/81077"}],"wp:attachment":[{"href":"https:\/\/www.soanam.de\/fr\/wp-json\/wp\/v2\/media?parent=80970"}],"wp:term":[{"taxonomy":"product_brand","embeddable":true,"href":"https:\/\/www.soanam.de\/fr\/wp-json\/wp\/v2\/product_brand?post=80970"},{"taxonomy":"product_cat","embeddable":true,"href":"https:\/\/www.soanam.de\/fr\/wp-json\/wp\/v2\/product_cat?post=80970"},{"taxonomy":"product_tag","embeddable":true,"href":"https:\/\/www.soanam.de\/fr\/wp-json\/wp\/v2\/product_tag?post=80970"}],"curies":[{"name":"wp","href":"https:\/\/api.w.org\/{rel}","templated":true}]}}