{"id":80927,"date":"2023-12-14T01:41:21","date_gmt":"2023-12-14T00:41:21","guid":{"rendered":"https:\/\/www.soanam.de\/?post_type=product&#038;p=80927"},"modified":"2023-12-14T01:43:38","modified_gmt":"2023-12-14T00:43:38","slug":"esprit-robe-chemisier-bleu-marine-taille-40","status":"publish","type":"product","link":"https:\/\/www.soanam.de\/fr\/produkt\/esprit-blusenkleid-in-marineblau-groesse-40\/","title":{"rendered":"Esprit Robe chemisier, bleu marine, taille 40"},"content":{"rendered":"<p>Robe chemisier de Esprit<br \/>\nManches longues<br \/>\ncou drap\u00e9<br \/>\nAvec volant rapport\u00e9<br \/>\nEn viscose l\u00e9g\u00e8re<\/p>\n<p>Robe courte \u00e0 manches longues de Esprit.<br \/>\nLa robe pr\u00e9sente un col rond, un drap\u00e9 sur le devant et un volant rapport\u00e9.<br \/>\nElle se ferme dans le dos par un bouton, ainsi qu'aux extr\u00e9mit\u00e9s des manches.<br \/>\nLa qualit\u00e9 super l\u00e9g\u00e8re de la viscose le rend agr\u00e9able \u00e0 porter m\u00eame pendant les fra\u00eeches journ\u00e9es d'\u00e9t\u00e9.<\/p>\n<p>Mati\u00e8re : 100% viscose<br \/>\nConseils d'entretien : Lavage en machine<\/p>\n<p>couleur : bleu marine<br \/>\n\u00c9chantillon : sans<br \/>\nTaille : 40<\/p>\n<p>Tour de poitrine : 108cm<br \/>\nLongueur des manches : 60cm<br \/>\nlongueur totale : 92cm<\/p>","protected":false},"excerpt":{"rendered":"<div class=\"spec-holder\">\n<div class=\"row\">\n<div class=\"col-xs-5 spec-name\">EAN-Code<\/div>\n<div class=\"col-xs-7 spec-value\">4063702258496<\/div>\n<\/div>\n<\/div>\n<div class=\"spec-holder\">\n<div class=\"row\">\n<div class=\"col-xs-5 spec-name\">Waschen<\/div>\n<div class=\"col-xs-7 spec-value\">Bei 30\u00b0C Schonwaschgang waschen<\/div>\n<\/div>\n<\/div>\n<div class=\"spec-holder\">\n<div class=\"row\">\n<div class=\"col-xs-5 spec-name\">Zum Trocknen<\/div>\n<div class=\"col-xs-7 spec-value\">Nicht maschinell trocknen<\/div>\n<\/div>\n<\/div>\n<div class=\"spec-holder\">\n<div class=\"row\">\n<div class=\"col-xs-5 spec-name\">Zu gl\u00e4tten<\/div>\n<div class=\"col-xs-7 spec-value\">Durchschnittstemperatur (150\u00b0C)<\/div>\n<\/div>\n<\/div>\n<div class=\"spec-holder\">\n<div class=\"row\">\n<div class=\"col-xs-5 spec-name\">Komposition<\/div>\n<div class=\"col-xs-7 spec-value\">100 % Viskose<\/div>\n<\/div>\n<\/div>\n<div class=\"spec-holder\">\n<div class=\"row\">\n<div class=\"col-xs-5 spec-name\">Couleur<\/div>\n<div class=\"col-xs-7 spec-value\">Bleu marine<\/div>\n<\/div>\n<\/div>","protected":false},"featured_media":81032,"comment_status":"open","ping_status":"closed","template":"","meta":{"_seopress_robots_primary_cat":"","_seopress_titles_title":"","_seopress_titles_desc":"","_seopress_robots_index":""},"product_brand":[],"product_cat":[1348,1379,1541],"product_tag":[],"class_list":{"0":"post-80927","1":"product","2":"type-product","3":"status-publish","4":"has-post-thumbnail","6":"product_cat-damen-mode","7":"product_cat-kleider","8":"product_cat-freizeitkleider","9":"product_shipping_class-standard-versand","11":"first","12":"instock","13":"sale","14":"taxable","15":"shipping-taxable","16":"purchasable","17":"product-type-simple"},"_links":{"self":[{"href":"https:\/\/www.soanam.de\/fr\/wp-json\/wp\/v2\/product\/80927","targetHints":{"allow":["GET"]}}],"collection":[{"href":"https:\/\/www.soanam.de\/fr\/wp-json\/wp\/v2\/product"}],"about":[{"href":"https:\/\/www.soanam.de\/fr\/wp-json\/wp\/v2\/types\/product"}],"replies":[{"embeddable":true,"href":"https:\/\/www.soanam.de\/fr\/wp-json\/wp\/v2\/comments?post=80927"}],"wp:featuredmedia":[{"embeddable":true,"href":"https:\/\/www.soanam.de\/fr\/wp-json\/wp\/v2\/media\/81032"}],"wp:attachment":[{"href":"https:\/\/www.soanam.de\/fr\/wp-json\/wp\/v2\/media?parent=80927"}],"wp:term":[{"taxonomy":"product_brand","embeddable":true,"href":"https:\/\/www.soanam.de\/fr\/wp-json\/wp\/v2\/product_brand?post=80927"},{"taxonomy":"product_cat","embeddable":true,"href":"https:\/\/www.soanam.de\/fr\/wp-json\/wp\/v2\/product_cat?post=80927"},{"taxonomy":"product_tag","embeddable":true,"href":"https:\/\/www.soanam.de\/fr\/wp-json\/wp\/v2\/product_tag?post=80927"}],"curies":[{"name":"wp","href":"https:\/\/api.w.org\/{rel}","templated":true}]}}