{"id":80906,"date":"2023-12-14T01:40:55","date_gmt":"2023-12-14T00:40:55","guid":{"rendered":"https:\/\/www.soanam.de\/?post_type=product&#038;p=80906"},"modified":"2023-12-14T01:43:10","modified_gmt":"2023-12-14T00:43:10","slug":"lascana-jupe-plissee-mi-longueur-en-petrole-taille-34","status":"publish","type":"product","link":"https:\/\/www.soanam.de\/fr\/produkt\/lascana-plisseerock-in-midilaenge-in-petrol-groesse-34\/","title":{"rendered":"Lascana Jupe pliss\u00e9e mi-longueur, p\u00e9trole, taille 34"},"content":{"rendered":"<p>Jupe pliss\u00e9e de Lascana<br \/>\nLarge ceinture \u00e9lastique<br \/>\nCeinture de couleur contrast\u00e9e<br \/>\nForme \u00e9vas\u00e9e<br \/>\nAspect l\u00e9g\u00e8rement brillant<br \/>\nChute fluide et oscillante<\/p>\n<p>Avec cette jupe pliss\u00e9e et ondulante de Lascana, tu conf\u00e8res un style f\u00e9minin \u00e0 ta tenue.<br \/>\nLa mati\u00e8re a\u00e9r\u00e9e et l'aspect l\u00e9g\u00e8rement brillant sont parfaitement adapt\u00e9s aux chaudes journ\u00e9es d'\u00e9t\u00e9.<br \/>\nLa large taille \u00e9lastique n'est pas seulement de couleur contrast\u00e9e, elle est aussi d\u00e9licieusement confortable.<\/p>\n<p>Mat\u00e9riau : polyester 100%<br \/>\nConseils d'entretien : Lavage en machine<\/p>\n<p>couleur : p\u00e9trole<br \/>\n\u00c9chantillon : sans<br \/>\nTaille:34<\/p>\n<p>Tour de taille : 61m<br \/>\nTour de hanches : 140cm<br \/>\nlongueur totale : 68cm<\/p>","protected":false},"excerpt":{"rendered":"<table class=\"dv_characteristicsTable\">\n<tbody>\n<tr>\n<td class=\"left\">Taille<\/td>\n<td>34<\/td>\n<\/tr>\n<tr>\n<td class=\"left\">Gr\u00f6\u00dfentyp<\/td>\n<td>Normalgr\u00f6\u00dfen<\/td>\n<\/tr>\n<tr>\n<td class=\"left\">Composition du mat\u00e9riau<\/td>\n<td>Dessus : 100% polyester<\/td>\n<\/tr>\n<tr>\n<td class=\"left\">Materialart<\/td>\n<td>Web<\/td>\n<\/tr>\n<tr>\n<td class=\"left\">Conseils d'entretien<\/td>\n<td>Lavage en machine<\/td>\n<\/tr>\n<tr>\n<td class=\"left\">Optik<\/td>\n<td>uni<\/td>\n<\/tr>\n<tr>\n<td class=\"left\">Stil<\/td>\n<td>modisch<\/td>\n<\/tr>\n<tr>\n<td class=\"left\">Couleur<\/td>\n<td>petrol<\/td>\n<\/tr>\n<tr>\n<td class=\"left\">Rocksaum<\/td>\n<td>ausgestellter Saum<\/td>\n<\/tr>\n<tr>\n<td class=\"left\">Leibh\u00f6he<\/td>\n<td>normal<\/td>\n<\/tr>\n<tr>\n<td class=\"left\">Bundabschluss<\/td>\n<td>gerader Abschluss<\/td>\n<\/tr>\n<tr>\n<td class=\"left\">Coupe<\/td>\n<td>figurumspielend<\/td>\n<\/tr>\n<tr>\n<td class=\"left\">Schnittform L\u00e4nge<\/td>\n<td>ca. Mitte Wade<\/td>\n<\/tr>\n<tr>\n<td class=\"left\">Verschluss<\/td>\n<td>Gummizug<\/td>\n<\/tr>\n<\/tbody>\n<\/table>","protected":false},"featured_media":81016,"comment_status":"open","ping_status":"closed","template":"","meta":{"_seopress_robots_primary_cat":"","_seopress_titles_title":"","_seopress_titles_desc":"","_seopress_robots_index":""},"product_brand":[],"product_cat":[1348,1473,1474],"product_tag":[],"class_list":{"0":"post-80906","1":"product","2":"type-product","3":"status-publish","4":"has-post-thumbnail","6":"product_cat-damen-mode","7":"product_cat-roecke","8":"product_cat-midiroecke","10":"first","11":"instock","12":"taxable","13":"shipping-taxable","14":"purchasable","15":"product-type-simple"},"_links":{"self":[{"href":"https:\/\/www.soanam.de\/fr\/wp-json\/wp\/v2\/product\/80906","targetHints":{"allow":["GET"]}}],"collection":[{"href":"https:\/\/www.soanam.de\/fr\/wp-json\/wp\/v2\/product"}],"about":[{"href":"https:\/\/www.soanam.de\/fr\/wp-json\/wp\/v2\/types\/product"}],"replies":[{"embeddable":true,"href":"https:\/\/www.soanam.de\/fr\/wp-json\/wp\/v2\/comments?post=80906"}],"wp:featuredmedia":[{"embeddable":true,"href":"https:\/\/www.soanam.de\/fr\/wp-json\/wp\/v2\/media\/81016"}],"wp:attachment":[{"href":"https:\/\/www.soanam.de\/fr\/wp-json\/wp\/v2\/media?parent=80906"}],"wp:term":[{"taxonomy":"product_brand","embeddable":true,"href":"https:\/\/www.soanam.de\/fr\/wp-json\/wp\/v2\/product_brand?post=80906"},{"taxonomy":"product_cat","embeddable":true,"href":"https:\/\/www.soanam.de\/fr\/wp-json\/wp\/v2\/product_cat?post=80906"},{"taxonomy":"product_tag","embeddable":true,"href":"https:\/\/www.soanam.de\/fr\/wp-json\/wp\/v2\/product_tag?post=80906"}],"curies":[{"name":"wp","href":"https:\/\/api.w.org\/{rel}","templated":true}]}}