{"id":80886,"date":"2023-12-14T01:40:32","date_gmt":"2023-12-14T00:40:32","guid":{"rendered":"https:\/\/www.soanam.de\/?post_type=product&#038;p=80886"},"modified":"2023-12-14T01:42:48","modified_gmt":"2023-12-14T00:42:48","slug":"s-oliver-short-imprime-fleuri-poudre-taille-34","status":"publish","type":"product","link":"https:\/\/www.soanam.de\/fr\/produkt\/s-oliver-shorts-mit-blumenprint-in-puder-groesse-34\/","title":{"rendered":"s.Oliver Short imprim\u00e9 fleuri, poudr\u00e9, taille 34"},"content":{"rendered":"<p>Short de plage de s.Oliver<br \/>\nImprim\u00e9 floral \u00e0 la mode<br \/>\nTaille \u00e9lastique<br \/>\nForme de pantalon large<br \/>\nDoux jersey de viscose<\/p>\n<p>Gr\u00e2ce \u00e0 l'impression, chaque pi\u00e8ce est absolument unique.<br \/>\nL'imprim\u00e9 floral \u00e0 la mode diffuse une ambiance estivale et un sentiment de bien-\u00eatre.<br \/>\nL'\u00e9lastique, la forme large du pantalon et le doux jersey de viscose sont responsables du confort.<\/p>\n<p>Mati\u00e8re : 100% viscose<br \/>\nConseils d'entretien : Lavage en machine<\/p>\n<p>Couleur : poudre<br \/>\nmotif : fleurs<br \/>\nTaille:34<\/p>\n<p>Tour de taille : 62m<br \/>\nTour de hanches : 101cm<br \/>\nLongueur de l'entrejambe : 12cm<br \/>\nlongueur totale : 37cm<\/p>","protected":false},"excerpt":{"rendered":"<table class=\"dv_characteristicsTable\">\n<tbody>\n<tr>\n<td class=\"left\">Taille<\/td>\n<td>34<\/td>\n<\/tr>\n<tr>\n<td class=\"left\">Gr\u00f6\u00dfentyp<\/td>\n<td>Normalgr\u00f6\u00dfen<\/td>\n<\/tr>\n<tr>\n<td class=\"left\">Composition du mat\u00e9riau<\/td>\n<td>Obermaterial: 100% Viskose<\/td>\n<\/tr>\n<tr>\n<td class=\"left\">Materialart<\/td>\n<td>Jersey<\/td>\n<\/tr>\n<tr>\n<td class=\"left\">Conseils d'entretien<\/td>\n<td>Lavage en machine<\/td>\n<\/tr>\n<tr>\n<td class=\"left\">Stil<\/td>\n<td>modisch<\/td>\n<\/tr>\n<tr>\n<td class=\"left\">Couleur<\/td>\n<td>apricot bedruckt<\/td>\n<\/tr>\n<\/tbody>\n<\/table>","protected":false},"featured_media":80998,"comment_status":"open","ping_status":"closed","template":"","meta":{"_seopress_robots_primary_cat":"","_seopress_titles_title":"","_seopress_titles_desc":"","_seopress_robots_index":""},"product_brand":[],"product_cat":[1348,1349,1527,1528],"product_tag":[],"class_list":{"0":"post-80886","1":"product","2":"type-product","3":"status-publish","4":"has-post-thumbnail","6":"product_cat-damen-mode","7":"product_cat-hosen-damen-mode","8":"product_cat-kurze-hosen","9":"product_cat-shorts-kurze-hosen","11":"first","12":"instock","13":"taxable","14":"shipping-taxable","15":"purchasable","16":"product-type-simple"},"_links":{"self":[{"href":"https:\/\/www.soanam.de\/fr\/wp-json\/wp\/v2\/product\/80886","targetHints":{"allow":["GET"]}}],"collection":[{"href":"https:\/\/www.soanam.de\/fr\/wp-json\/wp\/v2\/product"}],"about":[{"href":"https:\/\/www.soanam.de\/fr\/wp-json\/wp\/v2\/types\/product"}],"replies":[{"embeddable":true,"href":"https:\/\/www.soanam.de\/fr\/wp-json\/wp\/v2\/comments?post=80886"}],"wp:featuredmedia":[{"embeddable":true,"href":"https:\/\/www.soanam.de\/fr\/wp-json\/wp\/v2\/media\/80998"}],"wp:attachment":[{"href":"https:\/\/www.soanam.de\/fr\/wp-json\/wp\/v2\/media?parent=80886"}],"wp:term":[{"taxonomy":"product_brand","embeddable":true,"href":"https:\/\/www.soanam.de\/fr\/wp-json\/wp\/v2\/product_brand?post=80886"},{"taxonomy":"product_cat","embeddable":true,"href":"https:\/\/www.soanam.de\/fr\/wp-json\/wp\/v2\/product_cat?post=80886"},{"taxonomy":"product_tag","embeddable":true,"href":"https:\/\/www.soanam.de\/fr\/wp-json\/wp\/v2\/product_tag?post=80886"}],"curies":[{"name":"wp","href":"https:\/\/api.w.org\/{rel}","templated":true}]}}