{"id":80872,"date":"2023-12-14T01:40:07","date_gmt":"2023-12-14T00:40:07","guid":{"rendered":"https:\/\/www.soanam.de\/?post_type=product&#038;p=80872"},"modified":"2023-12-14T01:42:26","modified_gmt":"2023-12-14T00:42:26","slug":"veste-en-tricot-sans-fermeture-ajc-bleu-fonce-taille-40-42","status":"publish","type":"product","link":"https:\/\/www.soanam.de\/fr\/produkt\/ajc-strickjacke-ohne-verschluss-in-dunkelblau-groesse-40-42\/","title":{"rendered":"AJC Cardigan sans fermeture, bleu fonc\u00e9, taille 40\/42"},"content":{"rendered":"<p>Cardigan ouvert de AJC<br \/>\nCoupe droite \u00e9pousant la silhouette<br \/>\nAvec de larges poignets c\u00f4tel\u00e9s<br \/>\nL\u00e9g\u00e8rement plus long \u00e0 l'arri\u00e8re, avec de petites fentes lat\u00e9rales<br \/>\nEn doux m\u00e9lange de coton<\/p>\n<p>Le cardigan non AJC couvre tes hanches et a une coupe qui \u00e9pouse ta silhouette, ce qui lui permet d'\u00eatre ample sans \u00eatre serr\u00e9.<br \/>\nLes manches longues se terminent, tout comme l'ourlet, par un bord c\u00f4te.<br \/>\nSans fermeture, elle s'enfile rapidement et se porte ouverte de mani\u00e8re tr\u00e8s d\u00e9contract\u00e9e.<br \/>\nGr\u00e2ce \u00e0 sa maille fine en coton m\u00e9lang\u00e9, le cardigan est chaud et offre un grand confort.<\/p>\n<p>Mati\u00e8re : 50% coton, 50% polyacrylique<br \/>\nConseils d'entretien : Lavage en machine<\/p>\n<p>couleur : bleu fonc\u00e9<br \/>\n\u00c9chantillon : sans<br \/>\nTaille : 40\/42<\/p>\n<p>Largeur des \u00e9paules : 42cm<br \/>\nTour de poitrine : 112cm<br \/>\nLongueur des manches : 64cm<br \/>\nlongueur totale : 71cm<\/p>","protected":false},"excerpt":{"rendered":"<table class=\"dv_characteristicsTable\">\n<tbody>\n<tr>\n<td class=\"left\">Taille<\/td>\n<td>40\/42 (M)<\/td>\n<\/tr>\n<tr>\n<td class=\"left\">Gr\u00f6\u00dfentyp<\/td>\n<td>Normalgr\u00f6\u00dfen<\/td>\n<\/tr>\n<tr>\n<td class=\"left\">Composition du mat\u00e9riau<\/td>\n<td>Obermaterial: 50% Baumwolle, 50% Polyacryl<\/td>\n<\/tr>\n<tr>\n<td class=\"left\">Materialart<\/td>\n<td>Feinstrick<\/td>\n<\/tr>\n<tr>\n<td class=\"left\">Conseils d'entretien<\/td>\n<td>Lavage en machine<\/td>\n<\/tr>\n<tr>\n<td class=\"left\">Optik<\/td>\n<td>unifarben<\/td>\n<\/tr>\n<tr>\n<td class=\"left\">Stil<\/td>\n<td>Basic<\/td>\n<\/tr>\n<tr>\n<td class=\"left\">Couleur<\/td>\n<td>dunkelblau<\/td>\n<\/tr>\n<tr>\n<td class=\"left\">\u00c4rmel<\/td>\n<td>Manches longues<\/td>\n<\/tr>\n<tr>\n<td class=\"left\">\u00c4rmelabschluss<\/td>\n<td>Poignets c\u00f4tel\u00e9s<\/td>\n<\/tr>\n<tr>\n<td class=\"left\">Rumpfabschluss<\/td>\n<td>Poignets c\u00f4tel\u00e9s<\/td>\n<\/tr>\n<tr>\n<td class=\"left\">Coupe<\/td>\n<td>figurumspielend<\/td>\n<\/tr>\n<tr>\n<td class=\"left\">Schnittdetails<\/td>\n<td>hinten l\u00e4nger geschnitten, Seitenschlitze<\/td>\n<\/tr>\n<tr>\n<td class=\"left\">Schnittform L\u00e4nge<\/td>\n<td>h\u00fcftbedeckend<\/td>\n<\/tr>\n<tr>\n<td class=\"left\">Sacs<\/td>\n<td>aufgesetzte Taschen<\/td>\n<\/tr>\n<tr>\n<td class=\"left\">Verschluss<\/td>\n<td>ohne Verschluss<\/td>\n<\/tr>\n<tr>\n<td class=\"left\">Besondere Merkmale<\/td>\n<td>ohne Verschluss mit breiten Ripp-B\u00fcndchen<\/td>\n<\/tr>\n<\/tbody>\n<\/table>","protected":false},"featured_media":80979,"comment_status":"open","ping_status":"closed","template":"","meta":{"_seopress_robots_primary_cat":"","_seopress_titles_title":"","_seopress_titles_desc":"","_seopress_robots_index":""},"product_brand":[],"product_cat":[1348,1354,1617],"product_tag":[],"class_list":{"0":"post-80872","1":"product","2":"type-product","3":"status-publish","4":"has-post-thumbnail","6":"product_cat-damen-mode","7":"product_cat-jacken-maentel","8":"product_cat-strickjacken","9":"product_shipping_class-standard-versand","11":"first","12":"instock","13":"taxable","14":"shipping-taxable","15":"purchasable","16":"product-type-simple"},"_links":{"self":[{"href":"https:\/\/www.soanam.de\/fr\/wp-json\/wp\/v2\/product\/80872","targetHints":{"allow":["GET"]}}],"collection":[{"href":"https:\/\/www.soanam.de\/fr\/wp-json\/wp\/v2\/product"}],"about":[{"href":"https:\/\/www.soanam.de\/fr\/wp-json\/wp\/v2\/types\/product"}],"replies":[{"embeddable":true,"href":"https:\/\/www.soanam.de\/fr\/wp-json\/wp\/v2\/comments?post=80872"}],"wp:featuredmedia":[{"embeddable":true,"href":"https:\/\/www.soanam.de\/fr\/wp-json\/wp\/v2\/media\/80979"}],"wp:attachment":[{"href":"https:\/\/www.soanam.de\/fr\/wp-json\/wp\/v2\/media?parent=80872"}],"wp:term":[{"taxonomy":"product_brand","embeddable":true,"href":"https:\/\/www.soanam.de\/fr\/wp-json\/wp\/v2\/product_brand?post=80872"},{"taxonomy":"product_cat","embeddable":true,"href":"https:\/\/www.soanam.de\/fr\/wp-json\/wp\/v2\/product_cat?post=80872"},{"taxonomy":"product_tag","embeddable":true,"href":"https:\/\/www.soanam.de\/fr\/wp-json\/wp\/v2\/product_tag?post=80872"}],"curies":[{"name":"wp","href":"https:\/\/api.w.org\/{rel}","templated":true}]}}