{"id":80801,"date":"2023-12-14T01:38:27","date_gmt":"2023-12-14T00:38:27","guid":{"rendered":"https:\/\/www.soanam.de\/?post_type=product&#038;p=80801"},"modified":"2023-12-14T01:41:03","modified_gmt":"2023-12-14T00:41:03","slug":"tankini-lang-mit-integrierten-softcups-2-tlg-set-in-mittelblau-groesse-40","status":"publish","type":"product","link":"https:\/\/www.soanam.de\/fr\/produkt\/tankini-lang-mit-integrierten-softcups-2-tlg-set-in-mittelblau-groesse-40\/","title":{"rendered":"Tankini long avec bonnets souples int\u00e9gr\u00e9s (set de 2 pi\u00e8ces) bleu moyen, taille 40"},"content":{"rendered":"<h3>Description du produit<\/h3>\n<p>Attraktiver Tankini in langer Schnittform<br \/>\nDer Tankini der Marke bpc selection begeistert mit einer langen Schnittform, die dem weiblichen K\u00f6rper schmeichelt. Brustfutter, ein elastisches Unterbrustgummi und integrierte Softcups verleihen ein tolles Dekollet\u00e9, w\u00e4hrend die verstellbaren Tr\u00e4ger den Komfort vollenden.<br \/>\nAm Ausschnitt ist das modisch gemusterte Oberteil mit goldfarbenen \u00d6sen geschm\u00fcckt, w\u00e4hrend der Slip uni und schlicht gehalten ist.<\/p>\n<p><strong>D\u00e9tails<\/strong><br \/>\nObermaterial: 80% Polyamid, 20% Elasthan,<br \/>\nDoublure : 100% polyester<br \/>\nFarbe: mittelblau<br \/>\nmotif : couleur unie<br \/>\nSoftcup: integriert<br \/>\nTr\u00e4ger: Standard, verstellbar<br \/>\nTr\u00e4gerbreite: gleichbleibend \u00fcber alle Gr\u00f6\u00dfen<br \/>\nAusstattung: Brustfutter, Unterbrustgummi<\/p>","protected":false},"excerpt":{"rendered":"<h3>Caract\u00e9ristiques de l'article<\/h3>\n<p>Artikelzustand: Neu mit Etikett - Neuer, unbenutzter und nicht getragener Artikel in der Originalverpackung<\/p>\n<table dir=\"ltr\" border=\"1\" cellspacing=\"0\" cellpadding=\"0\">\n<colgroup>\n<col width=\"194\" \/>\n<col width=\"223\" \/><\/colgroup>\n<tbody>\n<tr>\n<td data-sheets-value=\"{&quot;1&quot;:2,&quot;2&quot;:&quot;Abteilung:&quot;}\">Abteilung:<\/td>\n<td data-sheets-value=\"{&quot;1&quot;:2,&quot;2&quot;:&quot;Damen&quot;}\">Damen<\/td>\n<\/tr>\n<tr>\n<td data-sheets-value=\"{&quot;1&quot;:2,&quot;2&quot;:&quot;Besonderheiten:&quot;}\">Particularit\u00e9s :<\/td>\n<td data-sheets-value=\"{&quot;1&quot;:2,&quot;2&quot;:&quot;Gepolstert&quot;}\">Gepolstert<\/td>\n<\/tr>\n<tr>\n<td data-sheets-value=\"{&quot;1&quot;:2,&quot;2&quot;:&quot;EAN:&quot;}\">EAN:<\/td>\n<td data-sheets-value=\"{&quot;1&quot;:3,&quot;3&quot;:6926168743105}\">6926168743105<\/td>\n<\/tr>\n<tr>\n<td data-sheets-value=\"{&quot;1&quot;:2,&quot;2&quot;:&quot;Farbe:&quot;}\">couleur :<\/td>\n<td data-sheets-value=\"{&quot;1&quot;:2,&quot;2&quot;:&quot;Blau&quot;}\">Bleu<\/td>\n<\/tr>\n<tr>\n<td data-sheets-value=\"{&quot;1&quot;:2,&quot;2&quot;:&quot;Gr\u00f6\u00dfe:&quot;}\">taille :<\/td>\n<td data-sheets-value=\"{&quot;1&quot;:3,&quot;3&quot;:40}\">40<\/td>\n<\/tr>\n<tr>\n<td data-sheets-value=\"{&quot;1&quot;:2,&quot;2&quot;:&quot;Gr\u00f6\u00dfenkategorie:&quot;}\">Gr\u00f6\u00dfenkategorie:<\/td>\n<td data-sheets-value=\"{&quot;1&quot;:2,&quot;2&quot;:&quot;Normalgr\u00f6\u00dfe&quot;}\">Normalgr\u00f6\u00dfe<\/td>\n<\/tr>\n<tr>\n<td data-sheets-value=\"{&quot;1&quot;:2,&quot;2&quot;:&quot;K\u00f6rbchengr\u00f6\u00dfe:&quot;}\">K\u00f6rbchengr\u00f6\u00dfe:<\/td>\n<td data-sheets-value=\"{&quot;1&quot;:2,&quot;2&quot;:&quot;B&quot;}\">B<\/td>\n<\/tr>\n<tr>\n<td data-sheets-value=\"{&quot;1&quot;:2,&quot;2&quot;:&quot;Marke:&quot;}\">Marke:<\/td>\n<td data-sheets-value=\"{&quot;1&quot;:2,&quot;2&quot;:&quot;bpc&quot;}\">bpc<\/td>\n<\/tr>\n<tr>\n<td data-sheets-value=\"{&quot;1&quot;:2,&quot;2&quot;:&quot;Material:&quot;}\">mat\u00e9riel :<\/td>\n<td data-sheets-value=\"{&quot;1&quot;:2,&quot;2&quot;:&quot;80% Polyamid, 20% Elasthan&quot;}\">80% Polyamid, 20% Elasthan<\/td>\n<\/tr>\n<tr>\n<td data-sheets-value=\"{&quot;1&quot;:2,&quot;2&quot;:&quot;Muster:&quot;}\">\u00e9chantillon :<\/td>\n<td data-sheets-value=\"{&quot;1&quot;:2,&quot;2&quot;:&quot;Ohne Muster&quot;}\">Ohne Muster<\/td>\n<\/tr>\n<tr>\n<td data-sheets-value=\"{&quot;1&quot;:2,&quot;2&quot;:&quot;Produktart:&quot;}\">Produktart:<\/td>\n<td data-sheets-value=\"{&quot;1&quot;:2,&quot;2&quot;:&quot;Tankini&quot;}\">Tankini<\/td>\n<\/tr>\n<tr>\n<td data-sheets-value=\"{&quot;1&quot;:2,&quot;2&quot;:&quot;Schwimmoberteil-Stil:&quot;}\">Schwimmoberteil-Stil:<\/td>\n<td data-sheets-value=\"{&quot;1&quot;:2,&quot;2&quot;:&quot;Tanktop&quot;}\">Tanktop<\/td>\n<\/tr>\n<tr>\n<td data-sheets-value=\"{&quot;1&quot;:2,&quot;2&quot;:&quot;Schwimmunterteil-Stil:&quot;}\">Schwimmunterteil-Stil:<\/td>\n<td data-sheets-value=\"{&quot;1&quot;:2,&quot;2&quot;:&quot;Slip&quot;}\">Slip<\/td>\n<\/tr>\n<tr>\n<td data-sheets-value=\"{&quot;1&quot;:2,&quot;2&quot;:&quot;Thema:&quot;}\">Thema:<\/td>\n<td data-sheets-value=\"{&quot;1&quot;:2,&quot;2&quot;:&quot;Beach&quot;}\">Beach<\/td>\n<\/tr>\n<tr>\n<td data-sheets-value=\"{&quot;1&quot;:2,&quot;2&quot;:&quot;Vintage:&quot;}\">Vintage:<\/td>\n<td data-sheets-value=\"{&quot;1&quot;:2,&quot;2&quot;:&quot;Nein&quot;}\">Nein<\/td>\n<\/tr>\n<\/tbody>\n<\/table>","protected":false},"featured_media":80908,"comment_status":"open","ping_status":"closed","template":"","meta":{"_seopress_robots_primary_cat":"","_seopress_titles_title":"","_seopress_titles_desc":"","_seopress_robots_index":""},"product_brand":[],"product_cat":[1348,1562,1614],"product_tag":[],"class_list":{"0":"post-80801","1":"product","2":"type-product","3":"status-publish","4":"has-post-thumbnail","6":"product_cat-damen-mode","7":"product_cat-bademode","8":"product_cat-tankini","9":"product_shipping_class-standard-versand","11":"first","12":"instock","13":"sale","14":"taxable","15":"shipping-taxable","16":"purchasable","17":"product-type-simple"},"_links":{"self":[{"href":"https:\/\/www.soanam.de\/fr\/wp-json\/wp\/v2\/product\/80801","targetHints":{"allow":["GET"]}}],"collection":[{"href":"https:\/\/www.soanam.de\/fr\/wp-json\/wp\/v2\/product"}],"about":[{"href":"https:\/\/www.soanam.de\/fr\/wp-json\/wp\/v2\/types\/product"}],"replies":[{"embeddable":true,"href":"https:\/\/www.soanam.de\/fr\/wp-json\/wp\/v2\/comments?post=80801"}],"wp:featuredmedia":[{"embeddable":true,"href":"https:\/\/www.soanam.de\/fr\/wp-json\/wp\/v2\/media\/80908"}],"wp:attachment":[{"href":"https:\/\/www.soanam.de\/fr\/wp-json\/wp\/v2\/media?parent=80801"}],"wp:term":[{"taxonomy":"product_brand","embeddable":true,"href":"https:\/\/www.soanam.de\/fr\/wp-json\/wp\/v2\/product_brand?post=80801"},{"taxonomy":"product_cat","embeddable":true,"href":"https:\/\/www.soanam.de\/fr\/wp-json\/wp\/v2\/product_cat?post=80801"},{"taxonomy":"product_tag","embeddable":true,"href":"https:\/\/www.soanam.de\/fr\/wp-json\/wp\/v2\/product_tag?post=80801"}],"curies":[{"name":"wp","href":"https:\/\/api.w.org\/{rel}","templated":true}]}}