{"id":80736,"date":"2023-12-14T01:37:07","date_gmt":"2023-12-14T00:37:07","guid":{"rendered":"https:\/\/www.soanam.de\/?post_type=product&#038;p=80736"},"modified":"2023-12-14T01:39:37","modified_gmt":"2023-12-14T00:39:37","slug":"greensun-led-lighting-6-x-edison-douille-de-lampe-e27","status":"publish","type":"product","link":"https:\/\/www.soanam.de\/fr\/produkt\/greensun-led-lighting-6-x-edison-lampenfassung-e27-fassung\/","title":{"rendered":"GreenSun LED Lighting 6 X Edison Douille E27"},"content":{"rendered":"<p>Socle de lampe vintage Socle de plafond pour adaptateur de suspension Eclairage Socle bronze<\/p>\n<h3>Description<\/h3>\n<p>A propos de cet article<br \/>\n(Haute qualit\u00e9) GreenSun E27 douille Fabriqu\u00e9 \u00e0 partir de mat\u00e9riaux en aluminium alli\u00e9 de haute qualit\u00e9, la taille : 92 x 10 mm. Tension : 110-240V.la capacit\u00e9 de charge de la douille e27 est jusqu'\u00e0 600W.<br \/>\n(Utilisation s\u00fbre) Le filetage int\u00e9rieur du support de lampe e27 est en c\u00e9ramique, donc bien isol\u00e9. Le culot de lampe est \u00e9galement r\u00e9sistant aux s\u00e9ismes et aux chocs. Certification CE\/ROHS. Haute qualit\u00e9 &amp; tr\u00e8s s\u00fbr.<br \/>\n(Facile \u00e0 installer) Sp\u00e9cialement con\u00e7u pour le standard E27, et GreenSun E27 ampoule vintage est parfait pour choisir. Remarque : l'ampoule et les autres accessoires ne sont pas inclus dans la livraison.<br \/>\n(Douille de style r\u00e9tro Edison) L'outil indispensable pour le bricolage d'\u00e9clairage avec une atmosph\u00e8re nostalgique \u00e0 d\u00e9corer. GreenSun E27 Edison Retro Suspension de lampe s'adapte bien \u00e0 toutes les ampoules e27 edison ou ampoules LED d\u00e9coratives avec un filetage E27.<br \/>\n(Application) Id\u00e9al pour bar, vitrine, salle \u00e0 manger, caf\u00e9t\u00e9ria, studio, hall d'accueil, salon, magasins, restaurant, salon, chambre, etc.<\/p>","protected":false},"excerpt":{"rendered":"<h4>Caract\u00e9ristiques de l'article<\/h4>\n<p>\u00c9tat de l'article : Nouveau avec \u00e9tiquette : article neuf, non utilis\u00e9 et non port\u00e9 dans son emballage d'origine<\/p>\n<table style=\"height: 374px;\" border=\"0\" width=\"379\" frame=\"VOID\" rules=\"NONE\" cellspacing=\"0\">\n<colgroup>\n<col width=\"144\" \/>\n<col width=\"183\" \/><\/colgroup>\n<tbody>\n<tr>\n<td align=\"LEFT\" width=\"144\" height=\"17\">Marque<\/td>\n<td align=\"LEFT\" width=\"183\">\u200eGreenSun LED Lighting<\/td>\n<\/tr>\n<tr>\n<td align=\"LEFT\" height=\"17\">Produktabmessungen<\/td>\n<td align=\"LEFT\">\u200e24 x 10 x 5 cm; 800 Gramm<\/td>\n<\/tr>\n<tr>\n<td align=\"LEFT\" height=\"17\">Modellnummer<\/td>\n<td align=\"LEFT\">\u200eLampenfassung<\/td>\n<\/tr>\n<tr>\n<td align=\"LEFT\" height=\"17\">Hersteller<\/td>\n<td align=\"LEFT\">\u200eGreenSun LED Lighting<\/td>\n<\/tr>\n<tr>\n<td align=\"LEFT\" height=\"17\">Stilrichtung<\/td>\n<td align=\"LEFT\">\u200eVintage<\/td>\n<\/tr>\n<tr>\n<td align=\"LEFT\" height=\"17\">Couleur<\/td>\n<td align=\"LEFT\">\u200eLampenfassung Bronze<\/td>\n<\/tr>\n<tr>\n<td align=\"LEFT\" height=\"17\">Mat\u00e9riau<\/td>\n<td align=\"LEFT\">\u200eKeramik, Aluminium<\/td>\n<\/tr>\n<tr>\n<td align=\"LEFT\" height=\"17\">Spannung<\/td>\n<td align=\"LEFT\">\u200e220 Volt<\/td>\n<\/tr>\n<tr>\n<td align=\"LEFT\" height=\"17\">Batterien inbegriffen<\/td>\n<td align=\"LEFT\">\u200eNein<\/td>\n<\/tr>\n<tr>\n<td align=\"LEFT\" height=\"17\">Batterien notwendig<\/td>\n<td align=\"LEFT\">\u200eNein<\/td>\n<\/tr>\n<tr>\n<td align=\"LEFT\" height=\"17\">Lampentyp<\/td>\n<td align=\"LEFT\">\u200eGl\u00fchfaden, LED<\/td>\n<\/tr>\n<tr>\n<td align=\"LEFT\" height=\"17\">Stromverbrauch<\/td>\n<td align=\"LEFT\">\u200e600 Watt<\/td>\n<\/tr>\n<tr>\n<td align=\"LEFT\" height=\"17\">Artikelgewicht<\/td>\n<td align=\"LEFT\">\u200e800 g<\/td>\n<\/tr>\n<\/tbody>\n<\/table>\n<p>&nbsp;<\/p>","protected":false},"featured_media":80842,"comment_status":"open","ping_status":"closed","template":"","meta":{"_seopress_robots_primary_cat":"","_seopress_titles_title":"","_seopress_titles_desc":"","_seopress_robots_index":""},"product_brand":[],"product_cat":[1400,1401],"product_tag":[],"class_list":{"0":"post-80736","1":"product","2":"type-product","3":"status-publish","4":"has-post-thumbnail","6":"product_cat-wohnzubehoer","7":"product_cat-haushaltswaren","8":"product_shipping_class-standard-versand","10":"first","11":"instock","12":"sale","13":"taxable","14":"shipping-taxable","15":"purchasable","16":"product-type-simple"},"_links":{"self":[{"href":"https:\/\/www.soanam.de\/fr\/wp-json\/wp\/v2\/product\/80736","targetHints":{"allow":["GET"]}}],"collection":[{"href":"https:\/\/www.soanam.de\/fr\/wp-json\/wp\/v2\/product"}],"about":[{"href":"https:\/\/www.soanam.de\/fr\/wp-json\/wp\/v2\/types\/product"}],"replies":[{"embeddable":true,"href":"https:\/\/www.soanam.de\/fr\/wp-json\/wp\/v2\/comments?post=80736"}],"wp:featuredmedia":[{"embeddable":true,"href":"https:\/\/www.soanam.de\/fr\/wp-json\/wp\/v2\/media\/80842"}],"wp:attachment":[{"href":"https:\/\/www.soanam.de\/fr\/wp-json\/wp\/v2\/media?parent=80736"}],"wp:term":[{"taxonomy":"product_brand","embeddable":true,"href":"https:\/\/www.soanam.de\/fr\/wp-json\/wp\/v2\/product_brand?post=80736"},{"taxonomy":"product_cat","embeddable":true,"href":"https:\/\/www.soanam.de\/fr\/wp-json\/wp\/v2\/product_cat?post=80736"},{"taxonomy":"product_tag","embeddable":true,"href":"https:\/\/www.soanam.de\/fr\/wp-json\/wp\/v2\/product_tag?post=80736"}],"curies":[{"name":"wp","href":"https:\/\/api.w.org\/{rel}","templated":true}]}}