{"id":80635,"date":"2023-12-14T01:34:55","date_gmt":"2023-12-14T00:34:55","guid":{"rendered":"https:\/\/www.soanam.de\/?post_type=product&#038;p=80635"},"modified":"2023-12-14T01:37:47","modified_gmt":"2023-12-14T00:37:47","slug":"moteur-dessuie-glace-12-volts-85-degres-avec-interrupteur-marche-arret","status":"publish","type":"product","link":"https:\/\/www.soanam.de\/fr\/produkt\/wischermotor-12-volt-85-grad-mit-schalter-ein-aus\/","title":{"rendered":"Moteur d'essuie-glace 12 volts 85 degr\u00e9s avec interrupteur MARCHE\/ARR\u00caT"},"content":{"rendered":"<h3>Description<\/h3>\n<p>Utilisation universelle, convient aussi par exemple aux machines de chantier Neuson 6002RD (dans ce cas, les fiches doivent \u00eatre pinc\u00e9es) et les supports doivent \u00eatre adapt\u00e9s.<\/p>\n<p>L'original Neuson est TM.64.9819, ou TM649819 et la livraison se fait selon le plan ou la photo.<\/p>\n<p>\u00c9tat de l'article : Nouveau avec \u00e9tiquette : article neuf, non utilis\u00e9 et non port\u00e9 dans son emballage d'origine<\/p>","protected":false},"excerpt":{"rendered":"<p>Description Utilisation universelle, convient \u00e9galement par ex. aux machines de chantier Neuson 6002RD (dans ce cas, les connecteurs doivent \u00eatre serr\u00e9s) et les supports doivent \u00eatre adapt\u00e9s. L'original Neuson est TM.64.9819, ou TM649819 et est livr\u00e9 selon le plan ou l'image. \u00c9tat de l'article : Nouveau avec \u00e9tiquette : article neuf, non utilis\u00e9 et non port\u00e9 dans l'emballage d'origine<\/p>","protected":false},"featured_media":80764,"comment_status":"open","ping_status":"closed","template":"","meta":{"_seopress_robots_primary_cat":"","_seopress_titles_title":"","_seopress_titles_desc":"","_seopress_robots_index":""},"product_brand":[],"product_cat":[1730],"product_tag":[],"class_list":{"0":"post-80635","1":"product","2":"type-product","3":"status-publish","4":"has-post-thumbnail","6":"product_cat-sonstiges-2","7":"product_shipping_class-standard-versand","9":"first","10":"instock","11":"sale","12":"taxable","13":"shipping-taxable","14":"purchasable","15":"product-type-simple"},"_links":{"self":[{"href":"https:\/\/www.soanam.de\/fr\/wp-json\/wp\/v2\/product\/80635","targetHints":{"allow":["GET"]}}],"collection":[{"href":"https:\/\/www.soanam.de\/fr\/wp-json\/wp\/v2\/product"}],"about":[{"href":"https:\/\/www.soanam.de\/fr\/wp-json\/wp\/v2\/types\/product"}],"replies":[{"embeddable":true,"href":"https:\/\/www.soanam.de\/fr\/wp-json\/wp\/v2\/comments?post=80635"}],"wp:featuredmedia":[{"embeddable":true,"href":"https:\/\/www.soanam.de\/fr\/wp-json\/wp\/v2\/media\/80764"}],"wp:attachment":[{"href":"https:\/\/www.soanam.de\/fr\/wp-json\/wp\/v2\/media?parent=80635"}],"wp:term":[{"taxonomy":"product_brand","embeddable":true,"href":"https:\/\/www.soanam.de\/fr\/wp-json\/wp\/v2\/product_brand?post=80635"},{"taxonomy":"product_cat","embeddable":true,"href":"https:\/\/www.soanam.de\/fr\/wp-json\/wp\/v2\/product_cat?post=80635"},{"taxonomy":"product_tag","embeddable":true,"href":"https:\/\/www.soanam.de\/fr\/wp-json\/wp\/v2\/product_tag?post=80635"}],"curies":[{"name":"wp","href":"https:\/\/api.w.org\/{rel}","templated":true}]}}