{"id":80631,"date":"2023-12-14T01:34:53","date_gmt":"2023-12-14T00:34:53","guid":{"rendered":"https:\/\/www.soanam.de\/?post_type=product&#038;p=80631"},"modified":"2023-12-14T01:37:16","modified_gmt":"2023-12-14T00:37:16","slug":"strymon-el-capistan-dtape-delay-effet-pour-guitare","status":"publish","type":"product","link":"https:\/\/www.soanam.de\/fr\/produkt\/strymon-el-capistan-dtape-delay-effektgeraet-fuer-gitarren\/","title":{"rendered":"Strymon El Capistan dTape Delay - P\u00e9dale d'effets pour guitare"},"content":{"rendered":"<h3>Description<\/h3>\n<h5>Informations g\u00e9n\u00e9rales<\/h5>\n<p>Strymon a r\u00e9ussi \u00e0 cr\u00e9er un son analogique presque authentique \u00e0 partir d'une p\u00e9dale d'effet num\u00e9rique. Un v\u00e9ritable son vintage est ici combin\u00e9 \u00e0 une technique num\u00e9rique moderne et peu sensible pour cr\u00e9er un delay de grande classe. Pour ce faire, Strymon a \u00e9tudi\u00e9 de pr\u00e8s les caract\u00e9ristiques des v\u00e9ritables p\u00e9dales analogiques vintage et les a reproduites num\u00e9riquement de mani\u00e8re tr\u00e8s d\u00e9taill\u00e9e. La El Capistan dTape Echo est \u00e9quip\u00e9e d'un processeur SHARC extr\u00eamement puissant pour une reproduction sonore d\u00e9taill\u00e9e et naturelle.<\/p>\n<h6>Diff\u00e9rents modes de Tape Delay, haute r\u00e9solution dans une p\u00e9dale de plancher<\/h6>\n<p>Le commutateur de t\u00eate de bande permet de passer d'un type de d\u00e9lai \u00e0 l'autre. \"Fixed\" simule la t\u00eate de bande dans une position fixe, la vitesse de la bande pouvant \u00eatre d\u00e9termin\u00e9e au moyen du r\u00e9gulateur \"Time\". Le commutateur \"Mode\" sert \u00e0 choisir entre des \u00e9chos rapides et lents ((1\/4, 1\/8 et 1\/16). Avec Multi, deux t\u00eates de bande sont simul\u00e9es simultan\u00e9ment et Single assure le son d'une bande fixe avec une position de t\u00eate variable. Derri\u00e8re le mode C se cache en outre un looper. M\u00eame l'\u00e9tat de la bande peut \u00eatre artificiellement vieilli, am\u00e9lior\u00e9 ou d\u00e9t\u00e9rior\u00e9.<\/p>\n<h4>Caract\u00e9ristiques<\/h4>\n<h6>Formation du son<\/h6>\n<ul>\n<li>L'algorithme dTape, fabriqu\u00e9 \u00e0 la main, fournit des r\u00e9pliques m\u00e9ticuleusement nuanc\u00e9es des syst\u00e8mes d'\u00e9cho de bande.<\/li>\n<li>Trois machines \u00e0 bande en une : Fixed (une t\u00eate de lecture fixe), Multi (plusieurs t\u00eates de lecture) et Single (t\u00eate d'enregistrement mobile)<\/li>\n<li>Chaque machine \u00e0 bande dispose de trois modes pour des options d'\u00e9cho extr\u00eamement flexibles<\/li>\n<li>Cinq commandes pour le r\u00e9glage de la bande et le fa\u00e7onnage du son : Time, Mix, Tape Age, Repeats, Wow &amp; Flutter<\/li>\n<li>Cinq boutons rotatifs \"cach\u00e9s\" pour des modifications importantes du son : Tape Crinkle, Tape Bias, Low End Contour, Spring Reverb, +\/- 3dB Boost\/Cut<\/li>\n<li>Mode Sound-on-Sound avec Tape Splice et Bulk Erase instantan\u00e9s. Looper int\u00e9gr\u00e9 dans le style Tape !<\/li>\n<li>Appuie sur la touche et maintiens-la enfonc\u00e9e pour des r\u00e9p\u00e9titions infinies instantan\u00e9es<\/li>\n<\/ul>\n<h6>Connexions et interrupteurs<\/h6>\n<ul>\n<li>entr\u00e9e mono \u00e0 haute imp\u00e9dance (un cavalier interne permet une entr\u00e9e st\u00e9r\u00e9o TRS s\u00e9lectionnable)<\/li>\n<li>Sortie st\u00e9r\u00e9o<\/li>\n<li>entr\u00e9e de p\u00e9dale d'expression avec contr\u00f4le s\u00e9lectionnable sur chaque param\u00e8tre de contr\u00f4le<\/li>\n<li>Connexion pour le commutateur de favoris en option pour enregistrer un pr\u00e9r\u00e9glage<\/li>\n<li>p\u00e9dale tap tempo et bypass<\/li>\n<\/ul>\n<h6>Qualit\u00e9 sonore<\/h6>\n<ul>\n<li>Convertisseurs A\/N et N\/A 24 bits 96 kHz extr\u00eamement faibles en bruit et puissants<\/li>\n<li>Rapport signal\/bruit typique de 115db<\/li>\n<li>Dry Path analogique pour un signal sec sans latence<\/li>\n<li>Front-end analogique de haute qualit\u00e9 et section de sortie<\/li>\n<li>DSP SHARC super haute performance dans un facteur de forme compact<\/li>\n<\/ul>\n<h6>Autre<\/h6>\n<ul>\n<li>True Bypass (circuit de relais \u00e9lectrom\u00e9canique)<\/li>\n<li>Mode \"Trails\" s\u00e9lectionnable avec bypass analogique \u00e0 tampon de haute qualit\u00e9<\/li>\n<li>alimentation par un bloc d'alimentation standard de 9V DC (moins \u00e0 l'int\u00e9rieur, au moins 250 mA)<\/li>\n<li>Bo\u00eetier en aluminium anodis\u00e9 gris stable et l\u00e9ger<\/li>\n<li>Fabriqu\u00e9 avec amour aux \u00c9tats-Unis<\/li>\n<\/ul>","protected":false},"excerpt":{"rendered":"<h5>\u00c9tat de l'article : Nouveau avec \u00e9tiquette : article neuf, non utilis\u00e9 et non port\u00e9 dans son emballage d'origine<\/h5>\n<h5>Produkt Informationen<\/h5>\n<ul>\n<li>Type of reverb effect - Tape Delay<\/li>\n<li>Stereo output - Ja<\/li>\n<li>Tap tempo function - Ja<\/li>\n<li>True bypass - Ja<\/li>\n<li>Mini pedal - Nein<\/li>\n<li>Voltage - 9 V<\/li>\n<li>Can be powered by battery - Nein<\/li>\n<li>Centre positive\/negative - Center Negative (Mitte = Masse)<\/li>\n<li>Type of plug adapter - Hohlstecker, 2,1 mm<\/li>\n<li>Adapter included - Ja<\/li>\n<\/ul>\n<h5>Gewicht und Ma\u00dfe sind inklusive Verpackung<\/h5>\n<p>Gewicht (inkl. Verpackung) 500 gr<br \/>\nMa\u00dfe (inkl. Verpackung) 20,0 x 10,0 x 12,0 cm<\/p>\n<p><strong>Contenu de la livraison<\/strong><\/p>\n<p>1 x Strymon El Capistan dTape Echo<\/p>","protected":false},"featured_media":80743,"comment_status":"open","ping_status":"closed","template":"","meta":{"_seopress_robots_primary_cat":"","_seopress_titles_title":"","_seopress_titles_desc":"","_seopress_robots_index":""},"product_brand":[],"product_cat":[1730],"product_tag":[],"class_list":{"0":"post-80631","1":"product","2":"type-product","3":"status-publish","4":"has-post-thumbnail","6":"product_cat-sonstiges-2","7":"product_shipping_class-standard-versand","9":"first","10":"instock","11":"sale","12":"taxable","13":"shipping-taxable","14":"purchasable","15":"product-type-simple"},"_links":{"self":[{"href":"https:\/\/www.soanam.de\/fr\/wp-json\/wp\/v2\/product\/80631","targetHints":{"allow":["GET"]}}],"collection":[{"href":"https:\/\/www.soanam.de\/fr\/wp-json\/wp\/v2\/product"}],"about":[{"href":"https:\/\/www.soanam.de\/fr\/wp-json\/wp\/v2\/types\/product"}],"replies":[{"embeddable":true,"href":"https:\/\/www.soanam.de\/fr\/wp-json\/wp\/v2\/comments?post=80631"}],"wp:featuredmedia":[{"embeddable":true,"href":"https:\/\/www.soanam.de\/fr\/wp-json\/wp\/v2\/media\/80743"}],"wp:attachment":[{"href":"https:\/\/www.soanam.de\/fr\/wp-json\/wp\/v2\/media?parent=80631"}],"wp:term":[{"taxonomy":"product_brand","embeddable":true,"href":"https:\/\/www.soanam.de\/fr\/wp-json\/wp\/v2\/product_brand?post=80631"},{"taxonomy":"product_cat","embeddable":true,"href":"https:\/\/www.soanam.de\/fr\/wp-json\/wp\/v2\/product_cat?post=80631"},{"taxonomy":"product_tag","embeddable":true,"href":"https:\/\/www.soanam.de\/fr\/wp-json\/wp\/v2\/product_tag?post=80631"}],"curies":[{"name":"wp","href":"https:\/\/api.w.org\/{rel}","templated":true}]}}