{"id":80577,"date":"2023-12-14T01:33:38","date_gmt":"2023-12-14T00:33:38","guid":{"rendered":"https:\/\/www.soanam.de\/?post_type=product&#038;p=80577"},"modified":"2023-12-14T01:36:25","modified_gmt":"2023-12-14T00:36:25","slug":"wearlizer-bracelet-en-cuir-pour-apple-watch-38-mm-40mm-cuir-couleur-chair","status":"publish","type":"product","link":"https:\/\/www.soanam.de\/fr\/produkt\/wearlizer-leder-armband-fuer-apple-watch-38-mm-40mm-leder-hautfarben\/","title":{"rendered":"Wearlizer bracelet en cuir pour Apple Watch, 38 mm\/40mm, cuir, couleur chair"},"content":{"rendered":"<h3>Description du produit<\/h3>\n<p>Wearlizer pour bracelets iWatch adapt\u00e9 \u00e0 toutes les Apple Watch 38 mm (40 mm) :<br \/>\nBracelets Wearlizer Apple Watch compatibles avec l'Apple Watch s\u00e9rie 5, 4, 3, 2, 1 Edition Nike+ Hermes. Version 38 mm (40 mm), convient \u00e0 toutes les tailles de poignet de 157 \u00e0 227 mm.<\/p>\n<p><strong>Cuir v\u00e9ritable de premi\u00e8re qualit\u00e9 :<\/strong> Sculpt\u00e9 \u00e0 partir de mat\u00e9riaux en cuir v\u00e9ritable de premi\u00e8re qualit\u00e9, cette montre en cuir est extr\u00eamement confortable \u00e0 porter, d\u00e9contract\u00e9e et durable ; vous offrir un nouveau bracelet accessoire de montre Apple pour votre vie.<\/p>\n<p><strong>Design unique et a\u00e9rodynamique :<\/strong> Bracelet en cuir Wearlizer Apple Watch, 38 mm, design a\u00e9rodynamique unique, plus confortable que les autres Apple Watch 5, 4, 3, 2, 1.<\/p>\n<p><strong>Forme sobre et \u00e9l\u00e9gante<\/strong>: Ce bracelet en cuir iWatch est simple et \u00e9l\u00e9gant. La boucle m\u00e9tallique vous permet d'ajuster facilement la taille. Convient aux femmes et aux hommes dans la plupart des occasions. La mise \u00e0 niveau aux deux extr\u00e9mit\u00e9s verrouille le cadran de l'Apple Watch.<\/p>","protected":false},"excerpt":{"rendered":"<h3>Caract\u00e9ristiques de l'article<\/h3>\n<p>Artikelzustand: Neu - neuer und ungetragener Artikel in der Originalverpackung<\/p>\n<table dir=\"ltr\" style=\"height: 234px;\" border=\"1\" width=\"427\" cellspacing=\"0\" cellpadding=\"0\">\n<colgroup>\n<col width=\"194\" \/>\n<col width=\"211\" \/><\/colgroup>\n<tbody>\n<tr>\n<td data-sheets-value=\"{&quot;1&quot;:2,&quot;2&quot;:&quot;Abteilung:&quot;}\">Abteilung:<\/td>\n<td data-sheets-value=\"{&quot;1&quot;:2,&quot;2&quot;:&quot;Damen&quot;}\">Damen<\/td>\n<\/tr>\n<tr>\n<td data-sheets-value=\"{&quot;1&quot;:2,&quot;2&quot;:&quot;Armbandart:&quot;}\">Armbandart:<\/td>\n<td data-sheets-value=\"{&quot;1&quot;:2,&quot;2&quot;:&quot;Zweiteiliges Armband&quot;}\">Zweiteiliges Armband<\/td>\n<\/tr>\n<tr>\n<td data-sheets-value=\"{&quot;1&quot;:2,&quot;2&quot;:&quot;Armbandmaterial:&quot;}\">Armbandmaterial:<\/td>\n<td data-sheets-value=\"{&quot;1&quot;:2,&quot;2&quot;:&quot;Leder&quot;}\">Cuir<\/td>\n<\/tr>\n<tr>\n<td data-sheets-value=\"{&quot;1&quot;:2,&quot;2&quot;:&quot;Farbe:&quot;}\">couleur :<\/td>\n<td data-sheets-value=\"{&quot;1&quot;:2,&quot;2&quot;:&quot;Beige&quot;}\">Beige<\/td>\n<\/tr>\n<tr>\n<td data-sheets-value=\"{&quot;1&quot;:2,&quot;2&quot;:&quot;Marke:&quot;}\">Marke:<\/td>\n<td data-sheets-value=\"{&quot;1&quot;:2,&quot;2&quot;:&quot;Wearlizer&quot;}\">Wearlizer<\/td>\n<\/tr>\n<tr>\n<td data-sheets-value=\"{&quot;1&quot;:2,&quot;2&quot;:&quot;Markenkompatibilit\u00e4t:&quot;}\">Markenkompatibilit\u00e4t:<\/td>\n<td data-sheets-value=\"{&quot;1&quot;:2,&quot;2&quot;:&quot;Apple Watch Serie 5, 4, 3, 2, 1&quot;}\">Apple Watch Serie 5, 4, 3, 2, 1<\/td>\n<\/tr>\n<tr>\n<td data-sheets-value=\"{&quot;1&quot;:2,&quot;2&quot;:&quot;Modellkompatibilit\u00e4t:&quot;}\">Modellkompatibilit\u00e4t:<\/td>\n<td data-sheets-value=\"{&quot;1&quot;:2,&quot;2&quot;:&quot;Edition Nike+ Hermes&quot;}\">Edition Nike+ Hermes<\/td>\n<\/tr>\n<tr>\n<td data-sheets-value=\"{&quot;1&quot;:2,&quot;2&quot;:&quot;Produktart:&quot;}\">Produktart:<\/td>\n<td data-sheets-value=\"{&quot;1&quot;:2,&quot;2&quot;:&quot;iWatch Armband&quot;}\">iWatch Armband<\/td>\n<\/tr>\n<\/tbody>\n<\/table>","protected":false},"featured_media":80700,"comment_status":"open","ping_status":"closed","template":"","meta":{"_seopress_robots_primary_cat":"","_seopress_titles_title":"","_seopress_titles_desc":"","_seopress_robots_index":""},"product_brand":[],"product_cat":[1348,1357,1558],"product_tag":[],"class_list":{"0":"post-80577","1":"product","2":"type-product","3":"status-publish","4":"has-post-thumbnail","6":"product_cat-damen-mode","7":"product_cat-accessoires","8":"product_cat-sonstiges-accessoires","9":"product_shipping_class-standard-versand","11":"first","12":"instock","13":"sale","14":"taxable","15":"shipping-taxable","16":"purchasable","17":"product-type-simple"},"_links":{"self":[{"href":"https:\/\/www.soanam.de\/fr\/wp-json\/wp\/v2\/product\/80577","targetHints":{"allow":["GET"]}}],"collection":[{"href":"https:\/\/www.soanam.de\/fr\/wp-json\/wp\/v2\/product"}],"about":[{"href":"https:\/\/www.soanam.de\/fr\/wp-json\/wp\/v2\/types\/product"}],"replies":[{"embeddable":true,"href":"https:\/\/www.soanam.de\/fr\/wp-json\/wp\/v2\/comments?post=80577"}],"wp:featuredmedia":[{"embeddable":true,"href":"https:\/\/www.soanam.de\/fr\/wp-json\/wp\/v2\/media\/80700"}],"wp:attachment":[{"href":"https:\/\/www.soanam.de\/fr\/wp-json\/wp\/v2\/media?parent=80577"}],"wp:term":[{"taxonomy":"product_brand","embeddable":true,"href":"https:\/\/www.soanam.de\/fr\/wp-json\/wp\/v2\/product_brand?post=80577"},{"taxonomy":"product_cat","embeddable":true,"href":"https:\/\/www.soanam.de\/fr\/wp-json\/wp\/v2\/product_cat?post=80577"},{"taxonomy":"product_tag","embeddable":true,"href":"https:\/\/www.soanam.de\/fr\/wp-json\/wp\/v2\/product_tag?post=80577"}],"curies":[{"name":"wp","href":"https:\/\/api.w.org\/{rel}","templated":true}]}}