{"id":80575,"date":"2023-12-14T01:33:37","date_gmt":"2023-12-14T00:33:37","guid":{"rendered":"https:\/\/www.soanam.de\/?post_type=product&#038;p=80575"},"modified":"2023-12-14T01:36:13","modified_gmt":"2023-12-14T00:36:13","slug":"motu-4pre-6-x-8-kompaktes-audiointerface-with-4-mic-preamps","status":"publish","type":"product","link":"https:\/\/www.soanam.de\/fr\/produkt\/motu-4pre-6-x-8-kompaktes-audiointerface-with-4-mic-preamps\/","title":{"rendered":"MOTU 4pre 6 x 8 Interface audio compacte avec 4 pr\u00e9amplis micro"},"content":{"rendered":"<h3>Description<\/h3>\n<p>MOTU 4pre 6x8 Kompaktes Audiointerface ist ein kompaktes digitales Hybrid-Audio-Interface, das sowohl FireWire- als auch USB 2.0-Konnektivit\u00e4t bietet.<\/p>\n<p>L'interface peut \u00e9galement fonctionner comme une table de mixage autonome, sans qu'un ordinateur soit n\u00e9cessaire. Les entr\u00e9es combin\u00e9es micro\/guitare permettent d'enregistrer quatre microphones individuels ou deux paires st\u00e9r\u00e9o.<\/p>\n<p>Les pr\u00e9amplificateurs transparents offrent une alimentation fant\u00f4me commutable individuellement et un pad -20dB, tous les r\u00e9glages pouvant \u00eatre effectu\u00e9s sur le panneau avant ou via le logiciel CueMix fourni. Deux prises guitare offrent des caract\u00e9ristiques de charge \u00e0 haute imp\u00e9dance qui conviennent aux micros passifs et actifs. Les entr\u00e9es de ligne peuvent \u00eatre adapt\u00e9es pour les claviers, les mixeurs analogiques, les processeurs d'effets ou d'autres appareils avec diff\u00e9rents niveaux de r\u00e9f\u00e9rence.<\/p>\n<p>Quatre sorties analogiques permettent de connecter des moniteurs de studio actifs aux sorties principales, tandis que des sorties de ligne s\u00e9par\u00e9es peuvent \u00eatre utilis\u00e9es \u00e0 diverses fins, soit comme miroir des sorties principales, soit comme paire de sorties totalement ind\u00e9pendantes. Deux prises casque facilitent le travail avec les autres. Les entr\u00e9es\/sorties num\u00e9riques facilitent les transmissions num\u00e9riques avec la prise en charge de taux d'\u00e9chantillonnage allant jusqu'\u00e0 96 kHz.<\/p>\n<p>Le trim analogique \u00e0 commande num\u00e9rique fournit une qualit\u00e9 analogique avec une pr\u00e9cision num\u00e9rique, avec la possibilit\u00e9 de sauvegarder et de rappeler les r\u00e9glages de trim. Les entr\u00e9es num\u00e9riques S\/PDIF peuvent \u00e9galement \u00eatre r\u00e9gl\u00e9es. Les r\u00e9glages de volume instantan\u00e9s sont toujours \u00e0 port\u00e9e de main, ce qui fait de l'interface une parfaite table de mixage compacte et portable pour le live, avec ou sans ordinateur.<\/p>\n<p>Le logiciel CueMix inclus permet le mixage et le contr\u00f4le \u00e0 l'\u00e9cran et peut \u00eatre utilis\u00e9 c\u00f4te \u00e0 c\u00f4te avec n'importe quel logiciel audio h\u00f4te pour Mac ou Windows. Il peut \u00e9galement \u00eatre contr\u00f4l\u00e9 via l'interface de travail Mackie Control Universal Pro ou n'importe quel contr\u00f4leur compatible HUI. Il offre en outre des fonctions de talkback et de listenback ainsi qu'une s\u00e9rie d'outils d'analyse logicielle.<\/p>\n<p>La 4pre peut \u00eatre cha\u00een\u00e9e \u00e0 une autre interface audio Pre ou MOTU. La synchronisation directe du timecode SMPTE est support\u00e9e sans qu'un synchroniseur s\u00e9par\u00e9 soit n\u00e9cessaire. Le logiciel de console SMPTE fourni (pour Mac OS X et Windows) offre un ensemble complet d'outils pour g\u00e9n\u00e9rer du SMPTE pour le striping, la r\u00e9g\u00e9n\u00e9ration ou l'esclavage d'autres appareils \u00e0 l'ordinateur.<\/p>\n<h3>Sp\u00e9cification<\/h3>\n<table>\n<tbody>\n<tr>\n<td width=\"138\">Convertisseurs<\/td>\n<td width=\"466\">24 bits<\/td>\n<\/tr>\n<tr>\n<td><\/td>\n<td><\/td>\n<\/tr>\n<tr>\n<td>Taux d'\u00e9chantillonnage<\/td>\n<td>44.1, 48, 88.2, 96kHz<\/td>\n<\/tr>\n<tr>\n<td><\/td>\n<td><\/td>\n<\/tr>\n<tr>\n<td>Analog In<\/td>\n<td>4 x XLR\/TRS combo<\/td>\n<\/tr>\n<tr>\n<td><\/td>\n<td>2 x 1\/4\" TRS (balanced\/unbalanced)<\/td>\n<\/tr>\n<tr>\n<td><\/td>\n<td>2 x 1\/4\" hi-Z guitar<\/td>\n<\/tr>\n<tr>\n<td><\/td>\n<td><\/td>\n<\/tr>\n<tr>\n<td>Sorties analogiques<\/td>\n<td>2 x 1\/4\" balanced TRS main out<\/td>\n<\/tr>\n<tr>\n<td><\/td>\n<td>2 x 1\/4\" balanced TRS line out<\/td>\n<\/tr>\n<tr>\n<td><\/td>\n<td>2 x 1\/4\" TRS headphone<\/td>\n<\/tr>\n<tr>\n<td><\/td>\n<td><\/td>\n<\/tr>\n<tr>\n<td>Entr\u00e9e num\u00e9rique<\/td>\n<td>1 x RCA coaxial S\/PDIF<\/td>\n<\/tr>\n<tr>\n<td><\/td>\n<td><\/td>\n<\/tr>\n<tr>\n<td>Sortie num\u00e9rique<\/td>\n<td>1 x RCA coaxial S\/PDIF<\/td>\n<\/tr>\n<tr>\n<td><\/td>\n<td><\/td>\n<\/tr>\n<tr>\n<td>E\/S informatiques<\/td>\n<td>1 x FireWire 400 (type B)<\/td>\n<\/tr>\n<tr>\n<td><\/td>\n<td>1 x USB 2.0<\/td>\n<\/tr>\n<tr>\n<td><\/td>\n<td><\/td>\n<\/tr>\n<tr>\n<td>Entr\u00e9e\/sortie de synchronisation<\/td>\n<td>S\/PDIF<\/td>\n<\/tr>\n<tr>\n<td><\/td>\n<td>Code horaire SMPTE (LTC)<\/td>\n<\/tr>\n<tr>\n<td><\/td>\n<td><\/td>\n<\/tr>\n<tr>\n<td>Sortie casque<\/td>\n<td>2 x 1\/4\" TRS phone with independent volume control<\/td>\n<\/tr>\n<tr>\n<td><\/td>\n<td><\/td>\n<\/tr>\n<tr>\n<td>Puissance fant\u00f4me<\/td>\n<td>Individuel +48V<\/td>\n<\/tr>\n<tr>\n<td><\/td>\n<td><\/td>\n<\/tr>\n<tr>\n<td>Panneau avant<\/td>\n<td>2 x 10-segment ladder LEDs - main outs<\/td>\n<\/tr>\n<tr>\n<td><\/td>\n<td>4 x LED \u00e0 5 segments - inputs<\/td>\n<\/tr>\n<tr>\n<td><\/td>\n<td>2 x LED de pr\u00e9sence de signal - S\/PDIF I\/O<\/td>\n<\/tr>\n<tr>\n<td><\/td>\n<td>2 x LED de pr\u00e9sence de signal - sortie ligne st\u00e9r\u00e9o<\/td>\n<\/tr>\n<tr>\n<td><\/td>\n<td>4 x LEDs - 48V phantom power<\/td>\n<\/tr>\n<tr>\n<td><\/td>\n<td>4 x LEDs - -20 dB pad<\/td>\n<\/tr>\n<tr>\n<td><\/td>\n<td>5 x LED - mix\/trim (main, line, S\/PDIF, phone, trim)<\/td>\n<\/tr>\n<tr>\n<td><\/td>\n<td>1 x LED - Vol\/Pan<\/td>\n<\/tr>\n<tr>\n<td><\/td>\n<td><\/td>\n<\/tr>\n<tr>\n<td>Exigences en mati\u00e8re de puissance<\/td>\n<td>9-18V DC, 5W, tip + or -<\/td>\n<\/tr>\n<tr>\n<td><\/td>\n<td>Alimentation du bus FireWire<\/td>\n<\/tr>\n<tr>\n<td><\/td>\n<td>Adaptateur d'alimentation DC inclus, n\u00e9cessaire pour un fonctionnement autonome et USB 2.0<\/td>\n<\/tr>\n<\/tbody>\n<\/table>","protected":false},"excerpt":{"rendered":"<p>\u00c9tat de l'article : Nouveau avec \u00e9tiquette : article neuf, non utilis\u00e9 et non port\u00e9 dans son emballage d'origine<\/p>\n<ul>\n<li>MOTU 4Pre Audio Interface Features<\/li>\n<li>6 Input \/ 8 Output<\/li>\n<li>4 Microphone Preamps<\/li>\n<li>8-Bus Digital Mixer<\/li>\n<li>Digital I\/O<\/li>\n<li>Puissance fant\u00f4me<\/li>\n<li>Time Code Support<\/li>\n<li>24-bit\/96kHz<\/li>\n<li>Standalone Operation<\/li>\n<li>Mac OS X<\/li>\n<li>Windows Vista\/7<\/li>\n<\/ul>","protected":false},"featured_media":80686,"comment_status":"open","ping_status":"closed","template":"","meta":{"_seopress_robots_primary_cat":"","_seopress_titles_title":"","_seopress_titles_desc":"","_seopress_robots_index":""},"product_brand":[],"product_cat":[1730],"product_tag":[],"class_list":{"0":"post-80575","1":"product","2":"type-product","3":"status-publish","4":"has-post-thumbnail","6":"product_cat-sonstiges-2","7":"product_shipping_class-standard-versand","9":"first","10":"instock","11":"sale","12":"taxable","13":"shipping-taxable","14":"purchasable","15":"product-type-simple"},"_links":{"self":[{"href":"https:\/\/www.soanam.de\/fr\/wp-json\/wp\/v2\/product\/80575","targetHints":{"allow":["GET"]}}],"collection":[{"href":"https:\/\/www.soanam.de\/fr\/wp-json\/wp\/v2\/product"}],"about":[{"href":"https:\/\/www.soanam.de\/fr\/wp-json\/wp\/v2\/types\/product"}],"replies":[{"embeddable":true,"href":"https:\/\/www.soanam.de\/fr\/wp-json\/wp\/v2\/comments?post=80575"}],"wp:featuredmedia":[{"embeddable":true,"href":"https:\/\/www.soanam.de\/fr\/wp-json\/wp\/v2\/media\/80686"}],"wp:attachment":[{"href":"https:\/\/www.soanam.de\/fr\/wp-json\/wp\/v2\/media?parent=80575"}],"wp:term":[{"taxonomy":"product_brand","embeddable":true,"href":"https:\/\/www.soanam.de\/fr\/wp-json\/wp\/v2\/product_brand?post=80575"},{"taxonomy":"product_cat","embeddable":true,"href":"https:\/\/www.soanam.de\/fr\/wp-json\/wp\/v2\/product_cat?post=80575"},{"taxonomy":"product_tag","embeddable":true,"href":"https:\/\/www.soanam.de\/fr\/wp-json\/wp\/v2\/product_tag?post=80575"}],"curies":[{"name":"wp","href":"https:\/\/api.w.org\/{rel}","templated":true}]}}