{"id":80572,"date":"2023-12-14T01:33:36","date_gmt":"2023-12-14T00:33:36","guid":{"rendered":"https:\/\/www.soanam.de\/?post_type=product&#038;p=80572"},"modified":"2023-12-14T01:35:55","modified_gmt":"2023-12-14T00:35:55","slug":"lascana-blazer-court-classique-blanc-taille-40","status":"publish","type":"product","link":"https:\/\/www.soanam.de\/fr\/produkt\/lascana-klassischer-kurzblazer-in-weiss-groesse-40\/","title":{"rendered":"LASCANA blazer court classique, blanc, taille 40"},"content":{"rendered":"<p>Blazer classique de Lascana<br \/>\nBouton en forme de corne<br \/>\nles \u00e9paulettes assurent un ajustement parfait<br \/>\nCoutures de s\u00e9paration qui sculptent la silhouette<br \/>\nQualit\u00e9 fine avec stretch<\/p>\n<p>Le meilleur du look business, classique, \u00e9l\u00e9gant et f\u00e9minin.<br \/>\nLa forme classique avec une l\u00e9g\u00e8re taille est mise en sc\u00e8ne par des coutures de s\u00e9paration qui sculptent la silhouette, la coupe souligne ta silhouette.<br \/>\n\u00c0 chaque contact avec la mati\u00e8re, tu sens la qualit\u00e9 fine et stretch du blazer pour femmes.<br \/>\nLe bouton en forme de corne devient le centre visuel \u00e0 l'avant.<br \/>\nPendant ce temps, les \u00e9paulettes soulignent la zone des \u00e9paules.<\/p>\n<p>Mat\u00e9riau : Ext\u00e9rieur : 75% polyester, 20% viscose, 5% \u00e9lasthanne. Doublure : 100% polyester<br \/>\nConseils d'entretien : Nettoyage \u00e0 sec<\/p>\n<p>couleur : blanc<br \/>\n\u00c9chantillon : sans<br \/>\nTaille : 40<\/p>\n<p>Largeur des \u00e9paules : 40cm<br \/>\nTour de poitrine : 100cm<br \/>\nLongueur des manches : 61cm<br \/>\nlongueur totale : 66cm<\/p>","protected":false},"excerpt":{"rendered":"<table class=\"dv_characteristicsTable\">\n<tbody>\n<tr>\n<td class=\"left\">Taille<\/td>\n<td>40<\/td>\n<\/tr>\n<tr>\n<td class=\"left\">Gr\u00f6\u00dfentyp<\/td>\n<td>Normalgr\u00f6\u00dfen<\/td>\n<\/tr>\n<tr>\n<td class=\"left\">Composition du mat\u00e9riau<\/td>\n<td>Obermaterial: 75% Polyester, 20% Viskose, 5% Elasthan. Futter: 100% Polyester<\/td>\n<\/tr>\n<tr>\n<td class=\"left\">Materialart<\/td>\n<td>Jersey<\/td>\n<\/tr>\n<tr>\n<td class=\"left\">Materialeigenschaften<\/td>\n<td>Stretch<\/td>\n<\/tr>\n<tr>\n<td class=\"left\">Conseils d'entretien<\/td>\n<td>Reinigung<\/td>\n<\/tr>\n<tr>\n<td class=\"left\">Optik<\/td>\n<td>unifarben<\/td>\n<\/tr>\n<tr>\n<td class=\"left\">Stil<\/td>\n<td>modisch<\/td>\n<\/tr>\n<tr>\n<td class=\"left\">Couleur<\/td>\n<td>wei\u00df<\/td>\n<\/tr>\n<tr>\n<td class=\"left\">Kragen<\/td>\n<td>Col \u00e0 revers<\/td>\n<\/tr>\n<tr>\n<td class=\"left\">\u00c4rmel<\/td>\n<td>Manches longues<\/td>\n<\/tr>\n<tr>\n<td class=\"left\">Rumpfabschlussdetails<\/td>\n<td>mit Schlitz, hinten<\/td>\n<\/tr>\n<tr>\n<td class=\"left\">Coupe<\/td>\n<td>normal<\/td>\n<\/tr>\n<tr>\n<td class=\"left\">Schnittform L\u00e4nge<\/td>\n<td>h\u00fcftlang<\/td>\n<\/tr>\n<tr>\n<td class=\"left\">Sacs<\/td>\n<td>Paspeltaschen<\/td>\n<\/tr>\n<tr>\n<td class=\"left\">Verschluss<\/td>\n<td>1-Knopf-Form<\/td>\n<\/tr>\n<tr>\n<td class=\"left\">Besondere Merkmale<\/td>\n<td>in klassischer Form<\/td>\n<\/tr>\n<\/tbody>\n<\/table>","protected":false},"featured_media":80676,"comment_status":"open","ping_status":"closed","template":"","meta":{"_seopress_robots_primary_cat":"","_seopress_titles_title":"","_seopress_titles_desc":"","_seopress_robots_index":""},"product_brand":[],"product_cat":[1348,1354,1492],"product_tag":[],"class_list":{"0":"post-80572","1":"product","2":"type-product","3":"status-publish","4":"has-post-thumbnail","6":"product_cat-damen-mode","7":"product_cat-jacken-maentel","8":"product_cat-blazer","9":"product_shipping_class-standard-versand","11":"first","12":"instock","13":"taxable","14":"shipping-taxable","15":"purchasable","16":"product-type-simple"},"_links":{"self":[{"href":"https:\/\/www.soanam.de\/fr\/wp-json\/wp\/v2\/product\/80572","targetHints":{"allow":["GET"]}}],"collection":[{"href":"https:\/\/www.soanam.de\/fr\/wp-json\/wp\/v2\/product"}],"about":[{"href":"https:\/\/www.soanam.de\/fr\/wp-json\/wp\/v2\/types\/product"}],"replies":[{"embeddable":true,"href":"https:\/\/www.soanam.de\/fr\/wp-json\/wp\/v2\/comments?post=80572"}],"wp:featuredmedia":[{"embeddable":true,"href":"https:\/\/www.soanam.de\/fr\/wp-json\/wp\/v2\/media\/80676"}],"wp:attachment":[{"href":"https:\/\/www.soanam.de\/fr\/wp-json\/wp\/v2\/media?parent=80572"}],"wp:term":[{"taxonomy":"product_brand","embeddable":true,"href":"https:\/\/www.soanam.de\/fr\/wp-json\/wp\/v2\/product_brand?post=80572"},{"taxonomy":"product_cat","embeddable":true,"href":"https:\/\/www.soanam.de\/fr\/wp-json\/wp\/v2\/product_cat?post=80572"},{"taxonomy":"product_tag","embeddable":true,"href":"https:\/\/www.soanam.de\/fr\/wp-json\/wp\/v2\/product_tag?post=80572"}],"curies":[{"name":"wp","href":"https:\/\/api.w.org\/{rel}","templated":true}]}}