{"id":80560,"date":"2023-12-14T01:33:10","date_gmt":"2023-12-14T00:33:10","guid":{"rendered":"https:\/\/www.soanam.de\/?post_type=product&#038;p=80560"},"modified":"2023-12-14T01:35:50","modified_gmt":"2023-12-14T00:35:50","slug":"songmics-support-decran-en-bambou-60-x-302-x-85-cm-nature-lld201","status":"publish","type":"product","link":"https:\/\/www.soanam.de\/fr\/produkt\/songmics-monitorstaender-aus-bambus-60-x-302-x-85-cm-natur-lld201\/","title":{"rendered":"SONGMICS Support d'\u00e9cran en bambou, 60 x 30,2 x 8,5 cm, naturel LLD201"},"content":{"rendered":"<h3>Description<\/h3>\n<p>Le support d'\u00e9cran Songmics est fabriqu\u00e9 en bambou, issu d'une culture durable et consciente, et tous les bords sont joliment arrondis. Une utilisation s\u00fbre et respectueuse de l'environnement est ainsi possible.<\/p>\n<p>Il a suffisamment de surface d'appui pour le pied de l'\u00e9cran (60 cm de large et 30,2 cm de profondeur). Faites de l'ergonomie sur votre lieu de travail, \u00e9vitez les maux d'yeux, de t\u00eate et de cou. Avec ce support de table, vous gardez \u00e9galement votre table propre et spacieuse.<\/p>\n<p>Ce support d'\u00e9cran allie un design fin et moderne \u00e0 une fonctionnalit\u00e9 pratique pour cr\u00e9er une pi\u00e8ce d\u00e9corative chic qui peut \u00eatre utilis\u00e9e non seulement \u00e0 la maison ou au bureau pour sur\u00e9lever l'\u00e9cran, mais aussi comme pr\u00e9sentoir dans les magasins.<\/p>\n<h3>D\u00e9tails du produit :<\/h3>\n<p>Dimensions : 60 x 8,5 x 30,2 cm (l x h x p)<br \/>\nMat\u00e9riau : bambou<br \/>\nDimensions de l'emballage : 75 x 32 x 3,3 cm<br \/>\nPoids net : 2,35 kg<br \/>\nPoids brut : 2,65 kg<br \/>\nContenu de la livraison :<\/p>\n<p>1 x support de moniteur<br \/>\n1 x instructions<br \/>\n1 x sac d'accessoires<\/p>","protected":false},"excerpt":{"rendered":"<p>\u00c9tat de l'article : Nouveau avec \u00e9tiquette : article neuf, non utilis\u00e9 et non port\u00e9 dans son emballage d'origine<\/p>\n<table style=\"height: 156px;\" border=\"0\" width=\"397\" frame=\"VOID\" rules=\"NONE\" cellspacing=\"0\">\n<colgroup>\n<col width=\"242\" \/>\n<col width=\"87\" \/><\/colgroup>\n<tbody>\n<tr>\n<td align=\"LEFT\" width=\"242\" height=\"17\">Marque<\/td>\n<td align=\"LEFT\" width=\"87\">SONGMICS<\/td>\n<\/tr>\n<tr>\n<td align=\"LEFT\" height=\"17\">Kompatible Ger\u00e4te<\/td>\n<td align=\"LEFT\">Drucker<\/td>\n<\/tr>\n<tr>\n<td align=\"LEFT\" height=\"17\">Empfohlene Anwendungen f\u00fcr Produkt<\/td>\n<td align=\"LEFT\">Schreibtisch<\/td>\n<\/tr>\n<tr>\n<td align=\"LEFT\" height=\"17\">Couleur<\/td>\n<td align=\"LEFT\">Nature<\/td>\n<\/tr>\n<tr>\n<td align=\"LEFT\" height=\"17\">Befestigungsart<\/td>\n<td align=\"LEFT\">Tischplatte<\/td>\n<\/tr>\n<\/tbody>\n<\/table>","protected":false},"featured_media":80665,"comment_status":"open","ping_status":"closed","template":"","meta":{"_seopress_robots_primary_cat":"","_seopress_titles_title":"","_seopress_titles_desc":"","_seopress_robots_index":""},"product_brand":[],"product_cat":[1421],"product_tag":[],"class_list":{"0":"post-80560","1":"product","2":"type-product","3":"status-publish","4":"has-post-thumbnail","6":"product_cat-buerobedarf","7":"product_shipping_class-standard-versand","9":"first","10":"instock","11":"sale","12":"taxable","13":"shipping-taxable","14":"purchasable","15":"product-type-simple"},"_links":{"self":[{"href":"https:\/\/www.soanam.de\/fr\/wp-json\/wp\/v2\/product\/80560","targetHints":{"allow":["GET"]}}],"collection":[{"href":"https:\/\/www.soanam.de\/fr\/wp-json\/wp\/v2\/product"}],"about":[{"href":"https:\/\/www.soanam.de\/fr\/wp-json\/wp\/v2\/types\/product"}],"replies":[{"embeddable":true,"href":"https:\/\/www.soanam.de\/fr\/wp-json\/wp\/v2\/comments?post=80560"}],"wp:featuredmedia":[{"embeddable":true,"href":"https:\/\/www.soanam.de\/fr\/wp-json\/wp\/v2\/media\/80665"}],"wp:attachment":[{"href":"https:\/\/www.soanam.de\/fr\/wp-json\/wp\/v2\/media?parent=80560"}],"wp:term":[{"taxonomy":"product_brand","embeddable":true,"href":"https:\/\/www.soanam.de\/fr\/wp-json\/wp\/v2\/product_brand?post=80560"},{"taxonomy":"product_cat","embeddable":true,"href":"https:\/\/www.soanam.de\/fr\/wp-json\/wp\/v2\/product_cat?post=80560"},{"taxonomy":"product_tag","embeddable":true,"href":"https:\/\/www.soanam.de\/fr\/wp-json\/wp\/v2\/product_tag?post=80560"}],"curies":[{"name":"wp","href":"https:\/\/api.w.org\/{rel}","templated":true}]}}