{"id":80493,"date":"2023-12-14T01:31:53","date_gmt":"2023-12-14T00:31:53","guid":{"rendered":"https:\/\/www.soanam.de\/?post_type=product&#038;p=80493"},"modified":"2024-10-09T16:03:06","modified_gmt":"2024-10-09T14:03:06","slug":"nav-scandinavia-elevate-dragonfly-mobile-argent-3-dragonflies-acier-inoxydable","status":"publish","type":"product","link":"https:\/\/www.soanam.de\/fr\/produkt\/nav-scandinavia-elevate-dragonfly-mobile-silver-3-dragonflies-stainless-steel\/","title":{"rendered":"NAV Scandinavia Elevate Dragonfly Mobile Silver, 3 Dragonflies - Stainless Steel"},"content":{"rendered":"<p>3 Dragonflies - Stainless Steel Mobile with Dragonflies Decoration Hanging, Soothing Movement and Balance, 43 x 41 cm, Scandinavian Design<\/p>\n<h3>Description<\/h3>\n<p>Des libellules artistiques s'\u00e9l\u00e8vent dans le ciel en un tourbillon de mouvements apaisants dans des mobiles design raffin\u00e9s.<\/p>\n<p>D\u00e9tails incroyables et design raffin\u00e9 - chaque pendentif est une \u0153uvre d'art qui, dans son ensemble, constitue une pi\u00e8ce de d\u00e9claration raffin\u00e9e.<br \/>\nEin anmutiges dekoratives Design, das Ihrem Wohnzimmer, Schlafzimmer, Kinderzimmer oder B\u00fcro ein Gef\u00fchl von Ruhe und Gelassenheit verleiht - eine Freude an spielerischer Bewegung und Zen-\u00e4hnlicher Balance<br \/>\nUne touche d'\u00e9l\u00e9gance discr\u00e8te : pendentif au motif ajour\u00e9 en acier inoxydable de 3 mm d'\u00e9paisseur en argent brillant.<br \/>\nMat\u00e9riaux de haute qualit\u00e9 : tiges en acier inoxydable d\u00e9licates mais durables et fil m\u00e9tallique tress\u00e9 solide de 0,2 mm pour un style durable<br \/>\nLeicht und einfach aufzuh\u00e4ngen: Ein subtiler und funktionaler Karabinerring bietet H\u00f6henverstellbarkeit und eine Vielzahl von Aufh\u00e4ngem\u00f6glichkeiten - von einem Haken an der Decke oder um einen Balken geschlungen<br \/>\nChaque mobile est livr\u00e9 avec 2 m de fil m\u00e9tallique tress\u00e9, ce qui offre une grande flexibilit\u00e9 de suspension et vous permet de choisir et de modifier facilement la hauteur de suspension.<br \/>\nSuspendez-les au-dessus de meubles bas comme des buffets ou des tables pour remplir un espace vide, apportez de la vari\u00e9t\u00e9 dans le coin d'une pi\u00e8ce ou placez-les devant une fen\u00eatre pour capter la lumi\u00e8re naturelle.<br \/>\nPas seulement pour la maison, ELEVATE attire l'attention dans les salles d'attente, les restaurants, les halls et les chambres d'h\u00f4tel.<\/p>\n<p>Geschenkidee: Ein wundersch\u00f6nes St\u00fcck Design f\u00fcr den Kunstliebhaber oder Naturliebhaber, der es liebt, sich zu entspannen, zu entspannen und das Leben zu genie\u00dfen - perfekt f\u00fcr den Mann oder die Frau, die die klaren und einfachen Qualit\u00e4ten des skandinavischen Designs sch\u00e4tzen. Ideal f\u00fcr Geburtstage, Weihnachten, Muttertag oder Vatertag<br \/>\nDesign scandinave par : NAV Scandinavia Designteam<\/p>","protected":false},"excerpt":{"rendered":"<p>\u00c9tat de l'article : Nouveau avec \u00e9tiquette : article neuf, non utilis\u00e9 et non port\u00e9 dans son emballage d'origine<\/p>\n<p>Abmessung: 360 x 100 x 360<\/p>\n<p>Material Libelle:<\/p>\n<p>Silber: 0,3 mm Edelstahl 304, poliert<br \/>\nDrahtgestell: 0,6 - 1 mm Edelstahldraht<br \/>\nSchnur: 0,2 mm geflochtenes Drahtseil - Inklusive verstellbarer 200 cm langer Aufh\u00e4ngeschnur mit Karabinerhaken zum Aufh\u00e4ngen<\/p>","protected":false},"featured_media":80582,"comment_status":"open","ping_status":"closed","template":"","meta":{"_seopress_robots_primary_cat":"","_seopress_titles_title":"","_seopress_titles_desc":"","_seopress_robots_index":""},"product_brand":[],"product_cat":[1400,1420],"product_tag":[],"class_list":{"0":"post-80493","1":"product","2":"type-product","3":"status-publish","4":"has-post-thumbnail","6":"product_cat-wohnzubehoer","7":"product_cat-wohndekoration","9":"first","10":"outofstock","11":"sale","12":"taxable","13":"shipping-taxable","14":"purchasable","15":"product-type-simple"},"_links":{"self":[{"href":"https:\/\/www.soanam.de\/fr\/wp-json\/wp\/v2\/product\/80493","targetHints":{"allow":["GET"]}}],"collection":[{"href":"https:\/\/www.soanam.de\/fr\/wp-json\/wp\/v2\/product"}],"about":[{"href":"https:\/\/www.soanam.de\/fr\/wp-json\/wp\/v2\/types\/product"}],"replies":[{"embeddable":true,"href":"https:\/\/www.soanam.de\/fr\/wp-json\/wp\/v2\/comments?post=80493"}],"wp:featuredmedia":[{"embeddable":true,"href":"https:\/\/www.soanam.de\/fr\/wp-json\/wp\/v2\/media\/80582"}],"wp:attachment":[{"href":"https:\/\/www.soanam.de\/fr\/wp-json\/wp\/v2\/media?parent=80493"}],"wp:term":[{"taxonomy":"product_brand","embeddable":true,"href":"https:\/\/www.soanam.de\/fr\/wp-json\/wp\/v2\/product_brand?post=80493"},{"taxonomy":"product_cat","embeddable":true,"href":"https:\/\/www.soanam.de\/fr\/wp-json\/wp\/v2\/product_cat?post=80493"},{"taxonomy":"product_tag","embeddable":true,"href":"https:\/\/www.soanam.de\/fr\/wp-json\/wp\/v2\/product_tag?post=80493"}],"curies":[{"name":"wp","href":"https:\/\/api.w.org\/{rel}","templated":true}]}}