{"id":80492,"date":"2023-12-14T01:31:53","date_gmt":"2023-12-14T00:31:53","guid":{"rendered":"https:\/\/www.soanam.de\/?post_type=product&#038;p=80492"},"modified":"2023-12-14T01:33:49","modified_gmt":"2023-12-14T00:33:49","slug":"mobile-salu-mobiles-beleben-befluegeln-raeume","status":"publish","type":"product","link":"https:\/\/www.soanam.de\/fr\/produkt\/mobile-salu-mobiles-beleben-befluegeln-raeume\/","title":{"rendered":"MOBIL\u00c9 SALU \u2013 mobiles beleben befl\u00fcgeln r\u00e4ume!"},"content":{"rendered":"<h3>Description<\/h3>\n<p>Mobile SALU. Dies handgearbeitete Mobile ist ein 9-teiliges Mobile, dass in seiner stengen Einfachheit fasziniert. Die horizontalen und vertikalen Stellungen der Kreise zueinander ergeben immer neue Konstellationen aus unterschiedlichen Blickwinkeln<\/p>\n<p>Die einzelnen Elemente bestehen aus hochwertigem, durchgef\u00e4rbtem 600 gr. Papier welches mit lichtechten Farben handbemalt wurden. Das Mobil\u00e9 ist mit einem ausreichend langen Faden und einer Aufh\u00e4ngung versehen<\/p>\n<p>Es ist eine Dekoration f\u00fcr viele R\u00e4ume und \"Ecken\". \u00dcberall wirkt es als Blickfang.<\/p>\n<p>Ein sich im Lufthauch bewegendes Raumobjekt, dass den Betrachter in den Bann zieht. Die Fl\u00e4chen bewegen sich beim kleinsten Luftzug und drehen sich umeinander. Es schwebt und beruhigt den Betrachter.<\/p>\n<p>\u00c9tat de l'article : Nouveau avec \u00e9tiquette : article neuf, non utilis\u00e9 et non port\u00e9 dans son emballage d'origine<\/p>","protected":false},"excerpt":{"rendered":"<p>Caract\u00e9ristiques de l'article<\/p>\n<p>9-teilig, signiert<br \/>\nGr\u00f6\u00dfe ca. 55 x 55cm<br \/>\nMaterial: Edelstahldraht, (festes) 600 gr Papier, bemalt und lackiert.<\/p>","protected":false},"featured_media":80580,"comment_status":"open","ping_status":"closed","template":"","meta":{"_seopress_robots_primary_cat":"","_seopress_titles_title":"","_seopress_titles_desc":"","_seopress_robots_index":""},"product_brand":[],"product_cat":[1400,1420],"product_tag":[],"class_list":{"0":"post-80492","1":"product","2":"type-product","3":"status-publish","4":"has-post-thumbnail","6":"product_cat-wohnzubehoer","7":"product_cat-wohndekoration","8":"product_shipping_class-standard-versand","10":"first","11":"instock","12":"sale","13":"taxable","14":"shipping-taxable","15":"purchasable","16":"product-type-simple"},"_links":{"self":[{"href":"https:\/\/www.soanam.de\/fr\/wp-json\/wp\/v2\/product\/80492","targetHints":{"allow":["GET"]}}],"collection":[{"href":"https:\/\/www.soanam.de\/fr\/wp-json\/wp\/v2\/product"}],"about":[{"href":"https:\/\/www.soanam.de\/fr\/wp-json\/wp\/v2\/types\/product"}],"replies":[{"embeddable":true,"href":"https:\/\/www.soanam.de\/fr\/wp-json\/wp\/v2\/comments?post=80492"}],"wp:featuredmedia":[{"embeddable":true,"href":"https:\/\/www.soanam.de\/fr\/wp-json\/wp\/v2\/media\/80580"}],"wp:attachment":[{"href":"https:\/\/www.soanam.de\/fr\/wp-json\/wp\/v2\/media?parent=80492"}],"wp:term":[{"taxonomy":"product_brand","embeddable":true,"href":"https:\/\/www.soanam.de\/fr\/wp-json\/wp\/v2\/product_brand?post=80492"},{"taxonomy":"product_cat","embeddable":true,"href":"https:\/\/www.soanam.de\/fr\/wp-json\/wp\/v2\/product_cat?post=80492"},{"taxonomy":"product_tag","embeddable":true,"href":"https:\/\/www.soanam.de\/fr\/wp-json\/wp\/v2\/product_tag?post=80492"}],"curies":[{"name":"wp","href":"https:\/\/api.w.org\/{rel}","templated":true}]}}