{"id":80470,"date":"2023-12-14T01:31:28","date_gmt":"2023-12-14T00:31:28","guid":{"rendered":"https:\/\/www.soanam.de\/?post_type=product&#038;p=80470"},"modified":"2023-12-14T01:33:26","modified_gmt":"2023-12-14T00:33:26","slug":"flensted-mobile-mobile-bauhaus","status":"publish","type":"product","link":"https:\/\/www.soanam.de\/fr\/produkt\/flensted-mobiles-mobile-bauhaus\/","title":{"rendered":"Flensted Mobile Bauhaus"},"content":{"rendered":"<h3>Description<\/h3>\n<p>Ce mobile a \u00e9t\u00e9 con\u00e7u pour le mus\u00e9e Bauhaus de Weimar et est fabriqu\u00e9 dans ses formes et ses couleurs.<\/p>\n<p>Les mobiles en soi ont une grande tradition dans les pays du Grand Nord. Mais le culte de ces beaux carillons \u00e9oliens est n\u00e9 des superbes cr\u00e9ations de Christian Flensted et de sa femme Grethe. Depuis 1954, ils ont con\u00e7u de magnifiques mobiles avec un grand souci du d\u00e9tail. La premi\u00e8re cr\u00e9ation \u00e9tait un mobile de cigogne et a connu un grand succ\u00e8s d\u00e8s le d\u00e9but. Les mobiles danois sont fabriqu\u00e9s dans l'entreprise familiale par la troisi\u00e8me g\u00e9n\u00e9ration. Non seulement le design, mais aussi la fabrication de ces petits tr\u00e9sors se fait encore aujourd'hui au Danemark. Jusqu'\u00e0 60 personnes fabriquent les mobiles \u00e0 domicile avec beaucoup d'amour et de pr\u00e9cision.<\/p>\n<p>\u00c9tat de l'article : Nouveau avec \u00e9tiquette : article neuf, non utilis\u00e9 et non port\u00e9 dans son emballage d'origine<\/p>","protected":false},"excerpt":{"rendered":"<p>Caract\u00e9ristiques de l'article<\/p>\n<table style=\"height: 185px;\" border=\"0\" width=\"375\" frame=\"VOID\" rules=\"NONE\" cellspacing=\"0\">\n<colgroup>\n<col width=\"183\" \/>\n<col width=\"127\" \/><\/colgroup>\n<tbody>\n<tr>\n<td align=\"LEFT\" width=\"183\" height=\"17\">Design:<\/td>\n<td align=\"LEFT\" width=\"127\">Ole Flensted<\/td>\n<\/tr>\n<tr>\n<td align=\"LEFT\" height=\"17\">mat\u00e9riel :<\/td>\n<td align=\"LEFT\">Polypropylen, Holz<\/td>\n<\/tr>\n<tr>\n<td align=\"LEFT\" height=\"17\">Ma\u00dfe (BxH):<\/td>\n<td align=\"LEFT\">35 x 62 cm<\/td>\n<\/tr>\n<tr>\n<td align=\"LEFT\" height=\"17\">Hersteller:<\/td>\n<td align=\"LEFT\">Flensted Mobiles<\/td>\n<\/tr>\n<tr>\n<td align=\"LEFT\" height=\"17\">EAN :<\/td>\n<td align=\"LEFT\">5706602042817<\/td>\n<\/tr>\n<tr>\n<td align=\"LEFT\" height=\"17\">Herstellernummer :<\/td>\n<td align=\"LEFT\">428<\/td>\n<\/tr>\n<\/tbody>\n<\/table>","protected":false},"featured_media":80570,"comment_status":"open","ping_status":"closed","template":"","meta":{"_seopress_robots_primary_cat":"","_seopress_titles_title":"","_seopress_titles_desc":"","_seopress_robots_index":""},"product_brand":[],"product_cat":[1400,1420],"product_tag":[],"class_list":{"0":"post-80470","1":"product","2":"type-product","3":"status-publish","4":"has-post-thumbnail","6":"product_cat-wohnzubehoer","7":"product_cat-wohndekoration","8":"product_shipping_class-standard-versand","10":"first","11":"instock","12":"sale","13":"taxable","14":"shipping-taxable","15":"purchasable","16":"product-type-simple"},"_links":{"self":[{"href":"https:\/\/www.soanam.de\/fr\/wp-json\/wp\/v2\/product\/80470","targetHints":{"allow":["GET"]}}],"collection":[{"href":"https:\/\/www.soanam.de\/fr\/wp-json\/wp\/v2\/product"}],"about":[{"href":"https:\/\/www.soanam.de\/fr\/wp-json\/wp\/v2\/types\/product"}],"replies":[{"embeddable":true,"href":"https:\/\/www.soanam.de\/fr\/wp-json\/wp\/v2\/comments?post=80470"}],"wp:featuredmedia":[{"embeddable":true,"href":"https:\/\/www.soanam.de\/fr\/wp-json\/wp\/v2\/media\/80570"}],"wp:attachment":[{"href":"https:\/\/www.soanam.de\/fr\/wp-json\/wp\/v2\/media?parent=80470"}],"wp:term":[{"taxonomy":"product_brand","embeddable":true,"href":"https:\/\/www.soanam.de\/fr\/wp-json\/wp\/v2\/product_brand?post=80470"},{"taxonomy":"product_cat","embeddable":true,"href":"https:\/\/www.soanam.de\/fr\/wp-json\/wp\/v2\/product_cat?post=80470"},{"taxonomy":"product_tag","embeddable":true,"href":"https:\/\/www.soanam.de\/fr\/wp-json\/wp\/v2\/product_tag?post=80470"}],"curies":[{"name":"wp","href":"https:\/\/api.w.org\/{rel}","templated":true}]}}