{"id":80469,"date":"2023-12-14T01:31:27","date_gmt":"2023-12-14T00:31:27","guid":{"rendered":"https:\/\/www.soanam.de\/?post_type=product&#038;p=80469"},"modified":"2023-12-14T01:33:24","modified_gmt":"2023-12-14T00:33:24","slug":"olephants-plexi-mobile-a-suspendre-24-pouces-en-plastique","status":"publish","type":"product","link":"https:\/\/www.soanam.de\/fr\/produkt\/olephants-plexi-hanging-mobile-24-inches-plastic\/","title":{"rendered":"Olephants, plexi Hanging Mobile - 24 Inches Plastic"},"content":{"rendered":"<h2><strong>Flensted Mobiles - Olephants avec bo\u00eete cadeau, plexi<\/strong><\/h2>\n<p>Cette variante d'Olephant est d\u00e9coup\u00e9e au laser en acrylique translucide et donc plus ch\u00e8re que les mod\u00e8les en carton. Gr\u00e2ce au mat\u00e9riau, elle est tr\u00e8s int\u00e9ressante \u00e0 regarder et les surfaces projettent des taches de soleil sur le sol.<\/p>\n<p><strong>Con\u00e7u par Ole Flensted<\/strong><br \/>\nIl est toujours bon d'avoir des r\u00eaves et m\u00eame un mirage pourrait devenir r\u00e9alit\u00e9 si vous n'abandonnez pas la poursuite de votre r\u00eave. Laissez le mobile vous rappeler de rester en \u00e9quilibre et de continuer \u00e0 avancer pour r\u00e9aliser vos r\u00eaves, quels qu'ils soient et quelle que soit leur taille. Fonction suppl\u00e9mentaire : vous pouvez remplacer l'une des ailes par une aile bleue que nous avons ajout\u00e9e pour vous.<\/p>\n<p><strong>Modifier et acc\u00e9l\u00e9rer les couleurs et les formes<\/strong><br \/>\nChez Flensted Mobiles, ils aiment donner un sentiment positif \u00e0 votre quotidien en associant leurs mat\u00e9riaux, qui ne font souvent pas plus d'un millim\u00e8tre d'\u00e9paisseur, \u00e0 une bonne id\u00e9e - et en compl\u00e9tant toutes les traditions par la qualit\u00e9 et la cr\u00e9ativit\u00e9. Le r\u00e9sultat : des couleurs et des formes qui se d\u00e9placent un peu comme notre m\u00e8re la Terre dans son orbite autour du soleil.<\/p>\n<p>Cela signifie que les \u00e9l\u00e9ments d'un mobile se d\u00e9placent effectivement \u00e0 une vitesse de 107.136 km\/h et 29,76 km\/s. Pas mal pour quelques longueurs de fil, un peu de m\u00e9tal et quelques morceaux de mat\u00e9riaux color\u00e9s.<\/p>\n<p><strong>Trouvez la s\u00e9r\u00e9nit\u00e9, vivez l'instant pr\u00e9sent<\/strong><br \/>\nLe monde qui vous entoure est en perp\u00e9tuel mouvement. Vous avez peut-\u00eatre besoin de calme pour rassembler vos id\u00e9es. Trouver l'inspiration. Se relaxer et se d\u00e9tendre. Penser \u00e0 de nouvelles pens\u00e9es. Penser plus souvent. Ou peut-\u00eatre m\u00eame penser moins de temps en temps.<\/p>\n<p>Un mobile de Flensted vous offre tout cela d'un seul coup : la s\u00e9r\u00e9nit\u00e9, des pens\u00e9es vivifiantes et une nouvelle inspiration pour vivre le moment pr\u00e9sent. Laissez les mobiles Flensted illuminer et embellir votre monde - et laissez-vous inspirer par leur danse \u00e9l\u00e9gante et enjou\u00e9e avec l'air de la vitalit\u00e9, de l'inspiration et de la s\u00e9r\u00e9nit\u00e9.<\/p>","protected":false},"excerpt":{"rendered":"<table style=\"height: 158px;\" border=\"0\" width=\"256\" frame=\"VOID\" rules=\"NONE\" cellspacing=\"0\">\n<colgroup>\n<col width=\"86\" \/>\n<col width=\"127\" \/><\/colgroup>\n<tbody>\n<tr>\n<td align=\"LEFT\" width=\"86\" height=\"17\">EAN<\/td>\n<td align=\"LEFT\" width=\"127\">5706602014999<\/td>\n<\/tr>\n<tr>\n<td align=\"LEFT\" height=\"17\">Marque<\/td>\n<td align=\"LEFT\">Flensted Mobiles<\/td>\n<\/tr>\n<tr>\n<td align=\"LEFT\" height=\"17\">Dimensions<\/td>\n<td align=\"LEFT\">47 x 35 cm<\/td>\n<\/tr>\n<tr>\n<td align=\"LEFT\" height=\"17\">Mat\u00e9riau<\/td>\n<td align=\"LEFT\">Acrylique<\/td>\n<\/tr>\n<tr>\n<td align=\"LEFT\" height=\"17\">Design<\/td>\n<td align=\"LEFT\">Ole Flensted, 2009<\/td>\n<\/tr>\n<\/tbody>\n<\/table>","protected":false},"featured_media":80569,"comment_status":"open","ping_status":"closed","template":"","meta":{"_seopress_robots_primary_cat":"","_seopress_titles_title":"","_seopress_titles_desc":"","_seopress_robots_index":""},"product_brand":[],"product_cat":[1400,1420],"product_tag":[],"class_list":{"0":"post-80469","1":"product","2":"type-product","3":"status-publish","4":"has-post-thumbnail","6":"product_cat-wohnzubehoer","7":"product_cat-wohndekoration","8":"product_shipping_class-standard-versand","10":"first","11":"instock","12":"sale","13":"taxable","14":"shipping-taxable","15":"purchasable","16":"product-type-simple"},"_links":{"self":[{"href":"https:\/\/www.soanam.de\/fr\/wp-json\/wp\/v2\/product\/80469","targetHints":{"allow":["GET"]}}],"collection":[{"href":"https:\/\/www.soanam.de\/fr\/wp-json\/wp\/v2\/product"}],"about":[{"href":"https:\/\/www.soanam.de\/fr\/wp-json\/wp\/v2\/types\/product"}],"replies":[{"embeddable":true,"href":"https:\/\/www.soanam.de\/fr\/wp-json\/wp\/v2\/comments?post=80469"}],"wp:featuredmedia":[{"embeddable":true,"href":"https:\/\/www.soanam.de\/fr\/wp-json\/wp\/v2\/media\/80569"}],"wp:attachment":[{"href":"https:\/\/www.soanam.de\/fr\/wp-json\/wp\/v2\/media?parent=80469"}],"wp:term":[{"taxonomy":"product_brand","embeddable":true,"href":"https:\/\/www.soanam.de\/fr\/wp-json\/wp\/v2\/product_brand?post=80469"},{"taxonomy":"product_cat","embeddable":true,"href":"https:\/\/www.soanam.de\/fr\/wp-json\/wp\/v2\/product_cat?post=80469"},{"taxonomy":"product_tag","embeddable":true,"href":"https:\/\/www.soanam.de\/fr\/wp-json\/wp\/v2\/product_tag?post=80469"}],"curies":[{"name":"wp","href":"https:\/\/api.w.org\/{rel}","templated":true}]}}