{"id":80399,"date":"2023-12-14T01:29:53","date_gmt":"2023-12-14T00:29:53","guid":{"rendered":"https:\/\/www.soanam.de\/?post_type=product&#038;p=80399"},"modified":"2023-12-14T01:32:10","modified_gmt":"2023-12-14T00:32:10","slug":"jordan-air-therma-hoodie-rouge-taille-s","status":"publish","type":"product","link":"https:\/\/www.soanam.de\/fr\/produkt\/jordan-air-therma-hoodie-in-rot-groesse-s\/","title":{"rendered":"Sweat \u00e0 capuche Jordan Air Therma, rouge, taille S"},"content":{"rendered":"<p>Sport : Basket-ball<br \/>\nCeinture : \u00c9lastique<br \/>\ncol : capuche<br \/>\nCapuche : R\u00e9glable<br \/>\nPoignets de manches : \u00c9lastique<br \/>\nD\u00e9tails capuche : capuche avec cordon de serrage<br \/>\nmotif : imprim\u00e9<br \/>\nD\u00e9tails : ceinture \u00e9lastique<br \/>\nFonction : Respirant, s\u00e9chage rapide<\/p>\n<p>Technologie : Dri-Fit (Nike) \u00e9vacue l'humidit\u00e9, est respirant et s\u00e8che rapidement, int\u00e9rieur en polaire, poche kangourou<br \/>\nTechnologie : Therma (Nike) gestion de la temp\u00e9rature maintient au chaud lors de temp\u00e9ratures ext\u00e9rieures froides<\/p>\n<p>Mat\u00e9riau : polyester 100%<br \/>\nConseils d'entretien : Lavage en machine<\/p>\n<p>couleur : rouge<br \/>\nmotif : logo imprim\u00e9<br \/>\nTaille : S<\/p>\n<p>Largeur des \u00e9paules : 45cm<br \/>\nTour de poitrine : 112cm<br \/>\nLongueur des manches : 64cm<br \/>\nlongueur totale : 71cm<\/p>","protected":false},"excerpt":{"rendered":"<table class=\"dv_characteristicsTable\">\n<tbody>\n<tr>\n<td class=\"left\">Taille<\/td>\n<td>S<\/td>\n<\/tr>\n<tr>\n<td class=\"left\">Gr\u00f6\u00dfentyp<\/td>\n<td>Normalgr\u00f6\u00dfen<\/td>\n<\/tr>\n<tr>\n<td class=\"left\">Composition du mat\u00e9riau<\/td>\n<td>Dessus : 100% polyester<\/td>\n<\/tr>\n<tr>\n<td class=\"left\">Conseils d'entretien<\/td>\n<td>Lavage en machine<\/td>\n<\/tr>\n<tr>\n<td class=\"left\">Stil<\/td>\n<td>sportlich<\/td>\n<\/tr>\n<tr>\n<td class=\"left\">Couleur<\/td>\n<td>rot<\/td>\n<\/tr>\n<tr>\n<td class=\"left\">Capuche<\/td>\n<td>mit Kapuze<\/td>\n<\/tr>\n<tr>\n<td class=\"left\">Kapuzendetails<\/td>\n<td>mit Kordelzug<\/td>\n<\/tr>\n<tr>\n<td class=\"left\">Sacs<\/td>\n<td>Poche kangourou<\/td>\n<\/tr>\n<\/tbody>\n<\/table>","protected":false},"featured_media":80504,"comment_status":"open","ping_status":"closed","template":"","meta":{"_seopress_robots_primary_cat":"","_seopress_titles_title":"","_seopress_titles_desc":"","_seopress_robots_index":""},"product_brand":[],"product_cat":[1345,1485,1592],"product_tag":[],"class_list":{"0":"post-80399","1":"product","2":"type-product","3":"status-publish","4":"has-post-thumbnail","6":"product_cat-herrenmode","7":"product_cat-pullover-sweater-herrenmode","8":"product_cat-hoodies-pullover-sweater-herrenmode","9":"product_shipping_class-standard-versand","11":"first","12":"instock","13":"taxable","14":"shipping-taxable","15":"purchasable","16":"product-type-simple"},"_links":{"self":[{"href":"https:\/\/www.soanam.de\/fr\/wp-json\/wp\/v2\/product\/80399","targetHints":{"allow":["GET"]}}],"collection":[{"href":"https:\/\/www.soanam.de\/fr\/wp-json\/wp\/v2\/product"}],"about":[{"href":"https:\/\/www.soanam.de\/fr\/wp-json\/wp\/v2\/types\/product"}],"replies":[{"embeddable":true,"href":"https:\/\/www.soanam.de\/fr\/wp-json\/wp\/v2\/comments?post=80399"}],"wp:featuredmedia":[{"embeddable":true,"href":"https:\/\/www.soanam.de\/fr\/wp-json\/wp\/v2\/media\/80504"}],"wp:attachment":[{"href":"https:\/\/www.soanam.de\/fr\/wp-json\/wp\/v2\/media?parent=80399"}],"wp:term":[{"taxonomy":"product_brand","embeddable":true,"href":"https:\/\/www.soanam.de\/fr\/wp-json\/wp\/v2\/product_brand?post=80399"},{"taxonomy":"product_cat","embeddable":true,"href":"https:\/\/www.soanam.de\/fr\/wp-json\/wp\/v2\/product_cat?post=80399"},{"taxonomy":"product_tag","embeddable":true,"href":"https:\/\/www.soanam.de\/fr\/wp-json\/wp\/v2\/product_tag?post=80399"}],"curies":[{"name":"wp","href":"https:\/\/api.w.org\/{rel}","templated":true}]}}