{"id":80397,"date":"2023-12-14T01:29:53","date_gmt":"2023-12-14T00:29:53","guid":{"rendered":"https:\/\/www.soanam.de\/?post_type=product&#038;p=80397"},"modified":"2023-12-14T01:32:02","modified_gmt":"2023-12-14T00:32:02","slug":"superdry-womens-rw-classic-applique-hooded-sweatshirt-en-gris-chine-taille-42","status":"publish","type":"product","link":"https:\/\/www.soanam.de\/fr\/produkt\/superdry-womens-rw-classic-applique-hooded-sweatshirt-in-grau-meliert-groesse-42\/","title":{"rendered":"Superdry Women's Rw Classic Applique Hooded Sweatshirt , gris chin\u00e9, taille 42"},"content":{"rendered":"<p>Sweat \u00e0 capuche de Superdry<br \/>\nW-Knit Sweat\/capuche en coton<br \/>\nLogo brod\u00e9<br \/>\nPoche kangourou<br \/>\ncol \u00e0 poignets\/c\u00f4tes<br \/>\nTissu sweat, int\u00e9rieur gratt\u00e9<\/p>\n<p>Le sweat-shirt \u00e0 capuche de Superdry est un basique pour se sentir bien.<br \/>\nAvec sa grande inscription brod\u00e9e sur le devant, ce sweat \u00e0 capuche classique attire tous les regards.<br \/>\nGr\u00e2ce aux poignets c\u00f4tel\u00e9s, la coupe d\u00e9contract\u00e9e est tr\u00e8s confortable et le mat\u00e9riau sweat est \u00e9galement tr\u00e8s agr\u00e9able \u00e0 porter.<\/p>\n<p>Mati\u00e8re : 58% coton, 42% polyester<br \/>\nConseils d'entretien : Lavage en machine<\/p>\n<p>couleur : gris chin\u00e9<br \/>\nmotif : logo brod\u00e9<br \/>\nTaille : 42<\/p>\n<p>Largeur des \u00e9paules : 43cm<br \/>\nTour de poitrine : 111cm<br \/>\nLongueur des manches : 62cm<br \/>\nlongueur totale : 63cm<\/p>","protected":false},"excerpt":{"rendered":"<table class=\"dv_characteristicsTable\">\n<tbody>\n<tr>\n<td class=\"left\">Taille<\/td>\n<td>42<\/td>\n<\/tr>\n<tr>\n<td class=\"left\">Gr\u00f6\u00dfentyp<\/td>\n<td>Normalgr\u00f6\u00dfen<\/td>\n<\/tr>\n<tr>\n<td class=\"left\">Composition du mat\u00e9riau<\/td>\n<td>Obermaterial: 58% Baumwolle , 42% Polyester<\/td>\n<\/tr>\n<tr>\n<td class=\"left\">Materialart<\/td>\n<td>angeraute Sweatware<\/td>\n<\/tr>\n<tr>\n<td class=\"left\">Conseils d'entretien<\/td>\n<td>Lavage en machine<\/td>\n<\/tr>\n<tr>\n<td class=\"left\">Optik<\/td>\n<td>bestickt, meliert<\/td>\n<\/tr>\n<tr>\n<td class=\"left\">Couleur<\/td>\n<td>grau-meliert<\/td>\n<\/tr>\n<tr>\n<td class=\"left\">Capuche<\/td>\n<td>mit Kapuze<\/td>\n<\/tr>\n<tr>\n<td class=\"left\">Kapuzenf\u00fctterung<\/td>\n<td>Sweatware<\/td>\n<\/tr>\n<tr>\n<td class=\"left\">Applikationen<\/td>\n<td>Stickerei<\/td>\n<\/tr>\n<tr>\n<td class=\"left\">Sacs<\/td>\n<td>Poche kangourou<\/td>\n<\/tr>\n<tr>\n<td class=\"left\">Besondere Merkmale<\/td>\n<td>keine<\/td>\n<\/tr>\n<tr>\n<td class=\"left\">\u00c4rmel<\/td>\n<td>Manches longues<\/td>\n<\/tr>\n<tr>\n<td class=\"left\">\u00c4rmelabschluss<\/td>\n<td>B\u00fcndchen<\/td>\n<\/tr>\n<tr>\n<td class=\"left\">Rumpfabschluss<\/td>\n<td>B\u00fcndchen<\/td>\n<\/tr>\n<tr>\n<td class=\"left\">Coupe<\/td>\n<td>Basic<\/td>\n<\/tr>\n<tr>\n<td class=\"left\">Schnittform L\u00e4nge<\/td>\n<td>h\u00fcftlang<\/td>\n<\/tr>\n<\/tbody>\n<\/table>","protected":false},"featured_media":80499,"comment_status":"open","ping_status":"closed","template":"","meta":{"_seopress_robots_primary_cat":"","_seopress_titles_title":"","_seopress_titles_desc":"","_seopress_robots_index":""},"product_brand":[],"product_cat":[1351,1487,1595],"product_tag":[],"class_list":{"0":"post-80397","1":"product","2":"type-product","3":"status-publish","4":"has-post-thumbnail","6":"product_cat-kindermode","7":"product_cat-pullover-sweater-kindermode","8":"product_cat-hoodies-pullover-sweater-kindermode","9":"product_shipping_class-standard-versand","11":"first","12":"instock","13":"taxable","14":"shipping-taxable","15":"purchasable","16":"product-type-simple"},"_links":{"self":[{"href":"https:\/\/www.soanam.de\/fr\/wp-json\/wp\/v2\/product\/80397","targetHints":{"allow":["GET"]}}],"collection":[{"href":"https:\/\/www.soanam.de\/fr\/wp-json\/wp\/v2\/product"}],"about":[{"href":"https:\/\/www.soanam.de\/fr\/wp-json\/wp\/v2\/types\/product"}],"replies":[{"embeddable":true,"href":"https:\/\/www.soanam.de\/fr\/wp-json\/wp\/v2\/comments?post=80397"}],"wp:featuredmedia":[{"embeddable":true,"href":"https:\/\/www.soanam.de\/fr\/wp-json\/wp\/v2\/media\/80499"}],"wp:attachment":[{"href":"https:\/\/www.soanam.de\/fr\/wp-json\/wp\/v2\/media?parent=80397"}],"wp:term":[{"taxonomy":"product_brand","embeddable":true,"href":"https:\/\/www.soanam.de\/fr\/wp-json\/wp\/v2\/product_brand?post=80397"},{"taxonomy":"product_cat","embeddable":true,"href":"https:\/\/www.soanam.de\/fr\/wp-json\/wp\/v2\/product_cat?post=80397"},{"taxonomy":"product_tag","embeddable":true,"href":"https:\/\/www.soanam.de\/fr\/wp-json\/wp\/v2\/product_tag?post=80397"}],"curies":[{"name":"wp","href":"https:\/\/api.w.org\/{rel}","templated":true}]}}