{"id":80396,"date":"2023-12-14T01:29:52","date_gmt":"2023-12-14T00:29:52","guid":{"rendered":"https:\/\/www.soanam.de\/?post_type=product&#038;p=80396"},"modified":"2023-12-14T01:31:57","modified_gmt":"2023-12-14T00:31:57","slug":"adidas-graphic-sweatshirt-noir-taille-xs","status":"publish","type":"product","link":"https:\/\/www.soanam.de\/fr\/produkt\/adidas-graphic-sweatshirt-in-schwarz-groesse-xs\/","title":{"rendered":"ADIDAS Graphic Sweatshirt, en noir, taille XS"},"content":{"rendered":"<p>ADIDAS PERFORMANCE Sweat-shirt<br \/>\nImprim\u00e9 \u00e0 th\u00e8me<br \/>\nEncolure ronde<br \/>\n\u00c9paule recoup\u00e9e<br \/>\ncol \u00e0 poignets\/c\u00f4tes<br \/>\nOurlet droit<br \/>\nTissu sweat<\/p>\n<p>Le sweat-shirt d'adidas Performance transforme le classique en un v\u00e9ritable accroche-regard.<br \/>\nAvec sa grande inscription imprim\u00e9e sur le devant, ce sweat classique \u00e0 col rond attire en effet tous les regards.<br \/>\nGr\u00e2ce aux poignets c\u00f4tel\u00e9s, la coupe d\u00e9contract\u00e9e est tr\u00e8s confortable et le mat\u00e9riau sweat est \u00e9galement tr\u00e8s agr\u00e9able \u00e0 porter.<\/p>\n<p>Mati\u00e8re : 67% coton, 33% polyester<br \/>\nConseils d'entretien : Lavage en machine<\/p>\n<p>couleur : noir<br \/>\nmotif : imprim\u00e9 \u00e0 th\u00e8me<br \/>\nTaille : XS<\/p>\n<p>Largeur des \u00e9paules : 56cm<br \/>\nTour de poitrine : 100cm<br \/>\nLongueur des manches : 51cm<br \/>\nlongueur totale : 61cm<\/p>","protected":false},"excerpt":{"rendered":"<table class=\"dv_characteristicsTable\">\n<tbody>\n<tr>\n<td class=\"left\">Taille<\/td>\n<td>XS<\/td>\n<\/tr>\n<tr>\n<td class=\"left\">Gr\u00f6\u00dfentyp<\/td>\n<td>Normalgr\u00f6\u00dfen<\/td>\n<\/tr>\n<tr>\n<td class=\"left\">Composition du mat\u00e9riau<\/td>\n<td>Obermaterial: 67% Baumwolle, 33% Polyester<\/td>\n<\/tr>\n<tr>\n<td class=\"left\">Materialart<\/td>\n<td>Sweatware<\/td>\n<\/tr>\n<tr>\n<td class=\"left\">Materialeigenschaften<\/td>\n<td>pflegeleicht<\/td>\n<\/tr>\n<tr>\n<td class=\"left\">Conseils d'entretien<\/td>\n<td>Lavage en machine<\/td>\n<\/tr>\n<tr>\n<td class=\"left\">Optik<\/td>\n<td>kontrastfarbene Details, bedruckt<\/td>\n<\/tr>\n<tr>\n<td class=\"left\">Stil<\/td>\n<td>casual<\/td>\n<\/tr>\n<tr>\n<td class=\"left\">Herstellerfarbbezeichnung<\/td>\n<td>black<\/td>\n<\/tr>\n<tr>\n<td class=\"left\">Couleur<\/td>\n<td>black<\/td>\n<\/tr>\n<tr>\n<td class=\"left\">Capuche<\/td>\n<td>ohne Kapuze<\/td>\n<\/tr>\n<tr>\n<td class=\"left\">Applikationen<\/td>\n<td>Markenlabel, Brandlabel innen, Kontrastdetails, Druck, Logoschriftzug<\/td>\n<\/tr>\n<tr>\n<td class=\"left\">Besondere Merkmale<\/td>\n<td>mit Statement-Druck<\/td>\n<\/tr>\n<tr>\n<td class=\"left\">Ausschnitt<\/td>\n<td>Rundhals<\/td>\n<\/tr>\n<tr>\n<td class=\"left\">\u00c4rmel<\/td>\n<td>Manches longues<\/td>\n<\/tr>\n<tr>\n<td class=\"left\">\u00c4rmelabschluss<\/td>\n<td>Poignets c\u00f4tel\u00e9s<\/td>\n<\/tr>\n<tr>\n<td class=\"left\">Coupe<\/td>\n<td>relaxed fit<\/td>\n<\/tr>\n<\/tbody>\n<\/table>","protected":false},"featured_media":80496,"comment_status":"open","ping_status":"closed","template":"","meta":{"_seopress_robots_primary_cat":"","_seopress_titles_title":"","_seopress_titles_desc":"","_seopress_robots_index":""},"product_brand":[],"product_cat":[1348,1456,1577],"product_tag":[],"class_list":{"0":"post-80396","1":"product","2":"type-product","3":"status-publish","4":"has-post-thumbnail","6":"product_cat-damen-mode","7":"product_cat-pullover-sweater","8":"product_cat-sweatshirts","9":"product_shipping_class-standard-versand","11":"first","12":"instock","13":"taxable","14":"shipping-taxable","15":"purchasable","16":"product-type-simple"},"_links":{"self":[{"href":"https:\/\/www.soanam.de\/fr\/wp-json\/wp\/v2\/product\/80396","targetHints":{"allow":["GET"]}}],"collection":[{"href":"https:\/\/www.soanam.de\/fr\/wp-json\/wp\/v2\/product"}],"about":[{"href":"https:\/\/www.soanam.de\/fr\/wp-json\/wp\/v2\/types\/product"}],"replies":[{"embeddable":true,"href":"https:\/\/www.soanam.de\/fr\/wp-json\/wp\/v2\/comments?post=80396"}],"wp:featuredmedia":[{"embeddable":true,"href":"https:\/\/www.soanam.de\/fr\/wp-json\/wp\/v2\/media\/80496"}],"wp:attachment":[{"href":"https:\/\/www.soanam.de\/fr\/wp-json\/wp\/v2\/media?parent=80396"}],"wp:term":[{"taxonomy":"product_brand","embeddable":true,"href":"https:\/\/www.soanam.de\/fr\/wp-json\/wp\/v2\/product_brand?post=80396"},{"taxonomy":"product_cat","embeddable":true,"href":"https:\/\/www.soanam.de\/fr\/wp-json\/wp\/v2\/product_cat?post=80396"},{"taxonomy":"product_tag","embeddable":true,"href":"https:\/\/www.soanam.de\/fr\/wp-json\/wp\/v2\/product_tag?post=80396"}],"curies":[{"name":"wp","href":"https:\/\/api.w.org\/{rel}","templated":true}]}}