{"id":80374,"date":"2023-12-14T00:31:55","date_gmt":"2023-12-13T23:31:55","guid":{"rendered":"https:\/\/www.soanam.de\/?post_type=product&#038;p=80374"},"modified":"2023-12-14T01:31:42","modified_gmt":"2023-12-14T00:31:42","slug":"chemise-a-manches-longues-ajc-col-chale-blanc-bleu-taille-40-42","status":"publish","type":"product","link":"https:\/\/www.soanam.de\/fr\/produkt\/ajc-langarmshirt-mit-schalkragen-in-weiss-blau-groesse-40-42\/","title":{"rendered":"AJC T-shirt manches longues col ch\u00e2le, blanc-bleu, taille 40\/42"},"content":{"rendered":"<p>T-shirt ray\u00e9 \u00e0 manches longues de AJC<br \/>\nCoupe ajust\u00e9e<br \/>\nContrastes sur les manches et le col<br \/>\nAvec col douillet et cordon de serrage<br \/>\nJersey doux en pur coton<\/p>\n<p>La doublure de la capuche, le cordon de serrage et les poignets sont de couleur unie et cr\u00e9ent ainsi des contrastes de couleurs d\u00e9contract\u00e9s. La qualit\u00e9 agr\u00e9ablement douce du coton compl\u00e8te parfaitement le style du sweat \u00e0 capuche.<br \/>\nLe milleraies maritime est toujours \u00e0 la mode.<\/p>\n<p>Mati\u00e8re : 100% coton<br \/>\nConseils d'entretien : Lavage en machine<\/p>\n<p>couleur : blanc, bleu<br \/>\nmotif : rayures<br \/>\nTaille : 40\/42<\/p>\n<p>Largeur des \u00e9paules : 39cm<br \/>\nTour de poitrine : 104cm<br \/>\nLongueur des manches : 63cm<br \/>\nlongueur totale : 68cm<\/p>","protected":false},"excerpt":{"rendered":"<table class=\"dv_characteristicsTable\">\n<tbody>\n<tr>\n<td class=\"left\">Taille<\/td>\n<td>40\/42 (M)<\/td>\n<\/tr>\n<tr>\n<td class=\"left\">Gr\u00f6\u00dfentyp<\/td>\n<td>Normalgr\u00f6\u00dfen<\/td>\n<\/tr>\n<tr>\n<td class=\"left\">Composition du mat\u00e9riau<\/td>\n<td>Obermaterial: 100% Baumwolle<\/td>\n<\/tr>\n<tr>\n<td class=\"left\">Materialart<\/td>\n<td>Single Jersey<\/td>\n<\/tr>\n<tr>\n<td class=\"left\">Conseils d'entretien<\/td>\n<td>Lavage en machine<\/td>\n<\/tr>\n<tr>\n<td class=\"left\">Optik<\/td>\n<td>gestreift<\/td>\n<\/tr>\n<tr>\n<td class=\"left\">Stil<\/td>\n<td>sportlich<\/td>\n<\/tr>\n<tr>\n<td class=\"left\">Couleur<\/td>\n<td>wei\u00df-blau<\/td>\n<\/tr>\n<tr>\n<td class=\"left\">Kragen<\/td>\n<td>Schalkragen<\/td>\n<\/tr>\n<tr>\n<td class=\"left\">\u00c4rmel<\/td>\n<td>Manches longues<\/td>\n<\/tr>\n<tr>\n<td class=\"left\">\u00c4rmeldetails<\/td>\n<td>mit Umschlag<\/td>\n<\/tr>\n<tr>\n<td class=\"left\">\u00c4rmelabschluss<\/td>\n<td>B\u00fcndchen<\/td>\n<\/tr>\n<tr>\n<td class=\"left\">\u00c4rmelabschlussdetails<\/td>\n<td>kontrastfarben<\/td>\n<\/tr>\n<tr>\n<td class=\"left\">Coupe<\/td>\n<td>figurbetont<\/td>\n<\/tr>\n<tr>\n<td class=\"left\">Kapuzenf\u00fctterung<\/td>\n<td>kontrastfarben<\/td>\n<\/tr>\n<tr>\n<td class=\"left\">Applikationen<\/td>\n<td>Markenlabel<\/td>\n<\/tr>\n<tr>\n<td class=\"left\">Sacs<\/td>\n<td>Ohne Taschen<\/td>\n<\/tr>\n<tr>\n<td class=\"left\">Besondere Merkmale<\/td>\n<td>mit Streifen und Schalkragen<\/td>\n<\/tr>\n<\/tbody>\n<\/table>","protected":false},"featured_media":80480,"comment_status":"open","ping_status":"closed","template":"","meta":{"_seopress_robots_primary_cat":"","_seopress_titles_title":"","_seopress_titles_desc":"","_seopress_robots_index":""},"product_brand":[],"product_cat":[1348,1456,1583],"product_tag":[],"class_list":{"0":"post-80374","1":"product","2":"type-product","3":"status-publish","4":"has-post-thumbnail","6":"product_cat-damen-mode","7":"product_cat-pullover-sweater","8":"product_cat-hoodies","9":"product_shipping_class-standard-versand","11":"first","12":"instock","13":"taxable","14":"shipping-taxable","15":"purchasable","16":"product-type-simple"},"_links":{"self":[{"href":"https:\/\/www.soanam.de\/fr\/wp-json\/wp\/v2\/product\/80374","targetHints":{"allow":["GET"]}}],"collection":[{"href":"https:\/\/www.soanam.de\/fr\/wp-json\/wp\/v2\/product"}],"about":[{"href":"https:\/\/www.soanam.de\/fr\/wp-json\/wp\/v2\/types\/product"}],"replies":[{"embeddable":true,"href":"https:\/\/www.soanam.de\/fr\/wp-json\/wp\/v2\/comments?post=80374"}],"wp:featuredmedia":[{"embeddable":true,"href":"https:\/\/www.soanam.de\/fr\/wp-json\/wp\/v2\/media\/80480"}],"wp:attachment":[{"href":"https:\/\/www.soanam.de\/fr\/wp-json\/wp\/v2\/media?parent=80374"}],"wp:term":[{"taxonomy":"product_brand","embeddable":true,"href":"https:\/\/www.soanam.de\/fr\/wp-json\/wp\/v2\/product_brand?post=80374"},{"taxonomy":"product_cat","embeddable":true,"href":"https:\/\/www.soanam.de\/fr\/wp-json\/wp\/v2\/product_cat?post=80374"},{"taxonomy":"product_tag","embeddable":true,"href":"https:\/\/www.soanam.de\/fr\/wp-json\/wp\/v2\/product_tag?post=80374"}],"curies":[{"name":"wp","href":"https:\/\/api.w.org\/{rel}","templated":true}]}}