{"id":80371,"date":"2023-12-14T00:31:54","date_gmt":"2023-12-13T23:31:54","guid":{"rendered":"https:\/\/www.soanam.de\/?post_type=product&#038;p=80371"},"modified":"2023-12-14T01:31:31","modified_gmt":"2023-12-14T00:31:31","slug":"h-i-s-sweat-a-rayures-en-tapisserie-blanche-taille-40-42","status":"publish","type":"product","link":"https:\/\/www.soanam.de\/fr\/produkt\/h-i-s-sweater-mit-tapestreifen-in-weiss-groesse-40-42\/","title":{"rendered":"Sweat-shirt H.I.S \u00e0 rayures tapisserie, blanc, taille 40\/42"},"content":{"rendered":"<p>Sweat-shirt \u00e0 rayures de H.I.S.<br \/>\nEncolure ronde<br \/>\nOurlets avec de larges bords-c\u00f4tes<br \/>\nForme droite<br \/>\nLogo de la marque<br \/>\nSweat doux avec coton<\/p>\n<p>Sur ce sweat de H.I.S, une bande de tapisserie de couleur contrast\u00e9e qui court sur la poitrine et le haut des manches attire joliment le regard.<br \/>\nLe pull pr\u00e9sente toujours des d\u00e9tails classiques, comme le col rond, les ourlets avec de larges bords-c\u00f4tes et une coupe droite au tomb\u00e9 d\u00e9contract\u00e9.<br \/>\nLe tissu sweat doux et \u00e9lastique avec un pourcentage \u00e9lev\u00e9 de coton le rend en outre super agr\u00e9able \u00e0 porter.<\/p>\n<p>Mati\u00e8re : 77% coton , 20% polyester, 3% \u00e9lasthanne<br \/>\nConseils d'entretien : Lavage en machine<\/p>\n<p>couleur : blanc<br \/>\nmotif : bandes de tapisserie<br \/>\nTaille : 40\/42<\/p>\n<p>Largeur des \u00e9paules : 45cm<br \/>\nTour de poitrine : 110cm<br \/>\nLongueur des manches : 60cm<br \/>\nlongueur totale : 64cm<\/p>","protected":false},"excerpt":{"rendered":"<table class=\"dv_characteristicsTable\">\n<tbody>\n<tr>\n<td class=\"left\">Taille<\/td>\n<td>40\/42<\/td>\n<\/tr>\n<tr>\n<td class=\"left\">Gr\u00f6\u00dfentyp<\/td>\n<td>Normalgr\u00f6\u00dfen<\/td>\n<\/tr>\n<tr>\n<td class=\"left\">Composition du mat\u00e9riau<\/td>\n<td>Obermaterial: 77% Baumwolle\u00a0, 20% Polyester, 3% Elasthan<\/td>\n<\/tr>\n<tr>\n<td class=\"left\">Materialart<\/td>\n<td>Sweatware<\/td>\n<\/tr>\n<tr>\n<td class=\"left\">Materialeigenschaften<\/td>\n<td>pflegeleicht<\/td>\n<\/tr>\n<tr>\n<td class=\"left\">Conseils d'entretien<\/td>\n<td>Lavage en machine<\/td>\n<\/tr>\n<tr>\n<td class=\"left\">Optik<\/td>\n<td>unifarben mit Farbeinsatz, kontrastfarbene Details<\/td>\n<\/tr>\n<tr>\n<td class=\"left\">Stil<\/td>\n<td>Basic<\/td>\n<\/tr>\n<tr>\n<td class=\"left\">Couleur<\/td>\n<td>wei\u00df<\/td>\n<\/tr>\n<tr>\n<td class=\"left\">Applikationen<\/td>\n<td>Kontraststreifen<\/td>\n<\/tr>\n<tr>\n<td class=\"left\">Besondere Merkmale<\/td>\n<td>mit kontrastfarbigem Tape<\/td>\n<\/tr>\n<tr>\n<td class=\"left\">Ausschnitt<\/td>\n<td>Rundhals<\/td>\n<\/tr>\n<tr>\n<td class=\"left\">\u00c4rmel<\/td>\n<td>Manches longues<\/td>\n<\/tr>\n<tr>\n<td class=\"left\">\u00c4rmelabschluss<\/td>\n<td>breiter Bund<\/td>\n<\/tr>\n<tr>\n<td class=\"left\">Coupe<\/td>\n<td>Basic<\/td>\n<\/tr>\n<tr>\n<td class=\"left\">Schnittform L\u00e4nge<\/td>\n<td>normal<\/td>\n<\/tr>\n<\/tbody>\n<\/table>","protected":false},"featured_media":80472,"comment_status":"open","ping_status":"closed","template":"","meta":{"_seopress_robots_primary_cat":"","_seopress_titles_title":"","_seopress_titles_desc":"","_seopress_robots_index":""},"product_brand":[],"product_cat":[1348,1456,1577],"product_tag":[],"class_list":{"0":"post-80371","1":"product","2":"type-product","3":"status-publish","4":"has-post-thumbnail","6":"product_cat-damen-mode","7":"product_cat-pullover-sweater","8":"product_cat-sweatshirts","9":"product_shipping_class-standard-versand","11":"first","12":"instock","13":"taxable","14":"shipping-taxable","15":"purchasable","16":"product-type-simple"},"_links":{"self":[{"href":"https:\/\/www.soanam.de\/fr\/wp-json\/wp\/v2\/product\/80371","targetHints":{"allow":["GET"]}}],"collection":[{"href":"https:\/\/www.soanam.de\/fr\/wp-json\/wp\/v2\/product"}],"about":[{"href":"https:\/\/www.soanam.de\/fr\/wp-json\/wp\/v2\/types\/product"}],"replies":[{"embeddable":true,"href":"https:\/\/www.soanam.de\/fr\/wp-json\/wp\/v2\/comments?post=80371"}],"wp:featuredmedia":[{"embeddable":true,"href":"https:\/\/www.soanam.de\/fr\/wp-json\/wp\/v2\/media\/80472"}],"wp:attachment":[{"href":"https:\/\/www.soanam.de\/fr\/wp-json\/wp\/v2\/media?parent=80371"}],"wp:term":[{"taxonomy":"product_brand","embeddable":true,"href":"https:\/\/www.soanam.de\/fr\/wp-json\/wp\/v2\/product_brand?post=80371"},{"taxonomy":"product_cat","embeddable":true,"href":"https:\/\/www.soanam.de\/fr\/wp-json\/wp\/v2\/product_cat?post=80371"},{"taxonomy":"product_tag","embeddable":true,"href":"https:\/\/www.soanam.de\/fr\/wp-json\/wp\/v2\/product_tag?post=80371"}],"curies":[{"name":"wp","href":"https:\/\/api.w.org\/{rel}","templated":true}]}}