{"id":80330,"date":"2023-12-14T00:31:02","date_gmt":"2023-12-13T23:31:02","guid":{"rendered":"https:\/\/www.soanam.de\/?post_type=product&#038;p=80330"},"modified":"2024-03-10T21:48:21","modified_gmt":"2024-03-10T20:48:21","slug":"magnifique-sweatshirt-otina-en-noir-taille-l","status":"publish","type":"product","link":"https:\/\/www.soanam.de\/fr\/produkt\/herrlicher-sweatshirt-otina-in-schwarz-groesse-l\/","title":{"rendered":"Herrlicher Sweatshirt OTINA, in Schwarz, Gr\u00f6\u00dfe L"},"content":{"rendered":"<p>Sweater Otina von Herrlicher<br \/>\nOversized: Figurumspielende Passform<br \/>\nHerrlicher Logoprint vorne - und \"Heldin\" Statement-Print auf der R\u00fcckseite<br \/>\nIm ultimativem Relax-Look<br \/>\nAus hochwertiger Sweat Qualit\u00e4t<\/p>\n<p>Das Sweatshirt von Herrlicher ist bequem und stylisch.<br \/>\nBequem durch die Basic-Form mit klassischem Rundhalsausschnitt und Rippb\u00fcndchen an den langen \u00c4rmeln.<br \/>\nStylisch durch die bedruckte Vorder- und R\u00fcckseite sowie durch die stark \u00fcberschnittenen Schultern\u00e4hte.<\/p>\n<p>Mati\u00e8re : 80% coton, 20% polyester<br \/>\nConseils d'entretien : Lavage en machine<\/p>\n<p>couleur : noir<br \/>\nMuster: Frontdruck, Statement-Print<br \/>\nTaille : L<\/p>\n<p>largeur des \u00e9paules : 60cm<br \/>\nTour de poitrine : 120cm<br \/>\nLongueur des manches : 58cm<br \/>\nlongueur totale : 64cm<\/p>","protected":false},"excerpt":{"rendered":"<table class=\"dv_characteristicsTable\">\n<tbody>\n<tr>\n<td class=\"left\">Taille<\/td>\n<td>L (40)<\/td>\n<\/tr>\n<tr>\n<td class=\"left\">Gr\u00f6\u00dfentyp<\/td>\n<td>Normalgr\u00f6\u00dfen<\/td>\n<\/tr>\n<tr>\n<td class=\"left\">Composition du mat\u00e9riau<\/td>\n<td>Obermaterial: 80% Baumwolle, 20% Polyester<\/td>\n<\/tr>\n<tr>\n<td class=\"left\">Materialart<\/td>\n<td>Sweatware<\/td>\n<\/tr>\n<tr>\n<td class=\"left\">Materialeigenschaften<\/td>\n<td>pflegeleicht<\/td>\n<\/tr>\n<tr>\n<td class=\"left\">Conseils d'entretien<\/td>\n<td>Lavage en machine<\/td>\n<\/tr>\n<tr>\n<td class=\"left\">Optik<\/td>\n<td>kontrastfarbene Details, bedruckt<\/td>\n<\/tr>\n<tr>\n<td class=\"left\">Stil<\/td>\n<td>casual<\/td>\n<\/tr>\n<tr>\n<td class=\"left\">Herstellerfarbbezeichnung<\/td>\n<td>black 11<\/td>\n<\/tr>\n<tr>\n<td class=\"left\">Couleur<\/td>\n<td>black<\/td>\n<\/tr>\n<tr>\n<td class=\"left\">Capuche<\/td>\n<td>ohne Kapuze<\/td>\n<\/tr>\n<tr>\n<td class=\"left\">Applikationen<\/td>\n<td>Markenlabel, Brandlabel innen, Kontrastdetails, Druck, Logoschriftzug<\/td>\n<\/tr>\n<tr>\n<td class=\"left\">Besondere Merkmale<\/td>\n<td>mit Statement-Druck<\/td>\n<\/tr>\n<tr>\n<td class=\"left\">Ausschnitt<\/td>\n<td>Rundhals<\/td>\n<\/tr>\n<tr>\n<td class=\"left\">\u00c4rmel<\/td>\n<td>Manches longues<\/td>\n<\/tr>\n<tr>\n<td class=\"left\">\u00c4rmelabschluss<\/td>\n<td>Poignets c\u00f4tel\u00e9s<\/td>\n<\/tr>\n<tr>\n<td class=\"left\">Coupe<\/td>\n<td>relaxed fit<\/td>\n<\/tr>\n<\/tbody>\n<\/table>","protected":false},"featured_media":80431,"comment_status":"open","ping_status":"closed","template":"","meta":{"_seopress_robots_primary_cat":"","_seopress_titles_title":"","_seopress_titles_desc":"","_seopress_robots_index":""},"product_brand":[],"product_cat":[1348,1456,1577],"product_tag":[],"class_list":{"0":"post-80330","1":"product","2":"type-product","3":"status-publish","4":"has-post-thumbnail","6":"product_cat-damen-mode","7":"product_cat-pullover-sweater","8":"product_cat-sweatshirts","9":"product_shipping_class-standard-versand","11":"first","12":"outofstock","13":"taxable","14":"shipping-taxable","15":"purchasable","16":"product-type-simple"},"_links":{"self":[{"href":"https:\/\/www.soanam.de\/fr\/wp-json\/wp\/v2\/product\/80330","targetHints":{"allow":["GET"]}}],"collection":[{"href":"https:\/\/www.soanam.de\/fr\/wp-json\/wp\/v2\/product"}],"about":[{"href":"https:\/\/www.soanam.de\/fr\/wp-json\/wp\/v2\/types\/product"}],"replies":[{"embeddable":true,"href":"https:\/\/www.soanam.de\/fr\/wp-json\/wp\/v2\/comments?post=80330"}],"wp:featuredmedia":[{"embeddable":true,"href":"https:\/\/www.soanam.de\/fr\/wp-json\/wp\/v2\/media\/80431"}],"wp:attachment":[{"href":"https:\/\/www.soanam.de\/fr\/wp-json\/wp\/v2\/media?parent=80330"}],"wp:term":[{"taxonomy":"product_brand","embeddable":true,"href":"https:\/\/www.soanam.de\/fr\/wp-json\/wp\/v2\/product_brand?post=80330"},{"taxonomy":"product_cat","embeddable":true,"href":"https:\/\/www.soanam.de\/fr\/wp-json\/wp\/v2\/product_cat?post=80330"},{"taxonomy":"product_tag","embeddable":true,"href":"https:\/\/www.soanam.de\/fr\/wp-json\/wp\/v2\/product_tag?post=80330"}],"curies":[{"name":"wp","href":"https:\/\/api.w.org\/{rel}","templated":true}]}}