{"id":80284,"date":"2023-12-14T00:30:11","date_gmt":"2023-12-13T23:30:11","guid":{"rendered":"https:\/\/www.soanam.de\/?post_type=product&#038;p=80284"},"modified":"2023-12-14T00:32:06","modified_gmt":"2023-12-13T23:32:06","slug":"bench-kapuzensweatshirt-mit-glanzprint-in-rauchrosa-groesse-40-42","status":"publish","type":"product","link":"https:\/\/www.soanam.de\/fr\/produkt\/bench-kapuzensweatshirt-mit-glanzprint-in-rauchrosa-groesse-40-42\/","title":{"rendered":"Bench . Sweat-shirt \u00e0 capuche, imprim\u00e9 brillant, rose fum\u00e9, taille 40\/42"},"content":{"rendered":"<p>Sweatshirt mit Kapuze von Bench<br \/>\n\u00dcberschnittene \u00c4rmel<br \/>\nTapestreifen in H\u00e4keloptik am \u00c4rmel<br \/>\nLogoprint in Glanzoptik am Saum<br \/>\nKuschelweiche Sweatqualit\u00e4t mit Modalanteil<\/p>\n<p>Das stylische Sweatshirt von Bench kommt mit einer extragro\u00dfen Kapuze inklusive Tunnelzug.<br \/>\nCoole Details wie ein glitzernder Logoprint, geringelte \u00c4rmelb\u00fcndchen und seitlich eingesetzte Streifen aus Mesh komplettieren den sportiven Look des Hoodies.<br \/>\nDie weiche Maschenware sowie die Oversizeform sorgen f\u00fcr einen tollen Tragekomfort.<\/p>\n<p>Material: 70% Baumwolle , 19% Modal, 11% Polyester<br \/>\nConseils d'entretien : Lavage en machine<\/p>\n<p>Couleur : rose fum\u00e9<br \/>\nMuster: Glanzprint<br \/>\nTaille : 40\/42<\/p>\n<p>Largeur des \u00e9paules : 69cm<br \/>\nTour de poitrine : 132cm<br \/>\n\u00c4rmell\u00e4nge: 49cm<br \/>\nlongueur totale : 60cm<\/p>\n<p>Il s'agit pour ce nouvel article d'un retour client sans \u00e9tiquette.<\/p>","protected":false},"excerpt":{"rendered":"<table class=\"dv_characteristicsTable\">\n<tbody>\n<tr>\n<td class=\"left\">Taille<\/td>\n<td>40\/42<\/td>\n<\/tr>\n<tr>\n<td class=\"left\">Gr\u00f6\u00dfentyp<\/td>\n<td>Normalgr\u00f6\u00dfen<\/td>\n<\/tr>\n<tr>\n<td class=\"left\">Composition du mat\u00e9riau<\/td>\n<td>Obermaterial: 70% Baumwolle\u00a0, 19% Modal, 11% Polyester<\/td>\n<\/tr>\n<tr>\n<td class=\"left\">Conseils d'entretien<\/td>\n<td>Lavage en machine<\/td>\n<\/tr>\n<tr>\n<td class=\"left\">Couleur<\/td>\n<td>rosa<\/td>\n<\/tr>\n<tr>\n<td class=\"left\">Capuche<\/td>\n<td>mit Kapuze<\/td>\n<\/tr>\n<tr>\n<td class=\"left\">Kapuzendetails<\/td>\n<td>mit Kordelzug<\/td>\n<\/tr>\n<tr>\n<td class=\"left\">Applikationen<\/td>\n<td>Logodruck<\/td>\n<\/tr>\n<tr>\n<td class=\"left\">Sacs<\/td>\n<td>Ohne Taschen<\/td>\n<\/tr>\n<tr>\n<td class=\"left\">Besondere Merkmale<\/td>\n<td>mit gestreiftem Bund und Glanzprint<\/td>\n<\/tr>\n<tr>\n<td class=\"left\">\u00c4rmel<\/td>\n<td>Manches longues<\/td>\n<\/tr>\n<tr>\n<td class=\"left\">\u00c4rmelabschluss<\/td>\n<td>B\u00fcndchen<\/td>\n<\/tr>\n<\/tbody>\n<\/table>","protected":false},"featured_media":80383,"comment_status":"open","ping_status":"closed","template":"","meta":{"_seopress_robots_primary_cat":"","_seopress_titles_title":"","_seopress_titles_desc":"","_seopress_robots_index":""},"product_brand":[],"product_cat":[1348,1456,1583],"product_tag":[],"class_list":{"0":"post-80284","1":"product","2":"type-product","3":"status-publish","4":"has-post-thumbnail","6":"product_cat-damen-mode","7":"product_cat-pullover-sweater","8":"product_cat-hoodies","9":"product_shipping_class-standard-versand","11":"first","12":"instock","13":"sale","14":"taxable","15":"shipping-taxable","16":"purchasable","17":"product-type-simple"},"_links":{"self":[{"href":"https:\/\/www.soanam.de\/fr\/wp-json\/wp\/v2\/product\/80284","targetHints":{"allow":["GET"]}}],"collection":[{"href":"https:\/\/www.soanam.de\/fr\/wp-json\/wp\/v2\/product"}],"about":[{"href":"https:\/\/www.soanam.de\/fr\/wp-json\/wp\/v2\/types\/product"}],"replies":[{"embeddable":true,"href":"https:\/\/www.soanam.de\/fr\/wp-json\/wp\/v2\/comments?post=80284"}],"wp:featuredmedia":[{"embeddable":true,"href":"https:\/\/www.soanam.de\/fr\/wp-json\/wp\/v2\/media\/80383"}],"wp:attachment":[{"href":"https:\/\/www.soanam.de\/fr\/wp-json\/wp\/v2\/media?parent=80284"}],"wp:term":[{"taxonomy":"product_brand","embeddable":true,"href":"https:\/\/www.soanam.de\/fr\/wp-json\/wp\/v2\/product_brand?post=80284"},{"taxonomy":"product_cat","embeddable":true,"href":"https:\/\/www.soanam.de\/fr\/wp-json\/wp\/v2\/product_cat?post=80284"},{"taxonomy":"product_tag","embeddable":true,"href":"https:\/\/www.soanam.de\/fr\/wp-json\/wp\/v2\/product_tag?post=80284"}],"curies":[{"name":"wp","href":"https:\/\/api.w.org\/{rel}","templated":true}]}}