{"id":80283,"date":"2023-12-14T00:30:10","date_gmt":"2023-12-13T23:30:10","guid":{"rendered":"https:\/\/www.soanam.de\/?post_type=product&#038;p=80283"},"modified":"2023-12-14T00:32:02","modified_gmt":"2023-12-13T23:32:02","slug":"bench-robe-sweat-imprime-fleuri-rose-fume-taille-36-38","status":"publish","type":"product","link":"https:\/\/www.soanam.de\/fr\/produkt\/bench-sweatkleid-mit-blumenprint-in-rauchrosa-groesse-36-38\/","title":{"rendered":"Bench . Robe sweat rose fum\u00e9, imprim\u00e9 fleurs, taille 36\/38"},"content":{"rendered":"<p>Robe sweat de Bench avec imprim\u00e9 floral sur l'\u00e9paule<br \/>\n\u00c9paules recoup\u00e9es et manches longues<br \/>\nAvec des d\u00e9tails de bande sur la capuche<br \/>\nBords c\u00f4tes \u00e0 l'ourlet et aux manches<br \/>\nM\u00e9lange de coton agr\u00e9able<\/p>\n<p>Gr\u00e2ce \u00e0 son m\u00e9lange de coton, la robe sweat de Bench est si douce et douillette.<br \/>\nPour cr\u00e9er un look typiquement sportif, la robe est dot\u00e9e d'une capuche et de poignets et d'un ourlet c\u00f4tel\u00e9s.<br \/>\nLes \u00e9paules recoup\u00e9es ont un effet d\u00e9contract\u00e9, tandis que l'imprim\u00e9 floral sur l'\u00e9paule et les rubans de couleur contrast\u00e9e dans le cordon de serrage attirent l'attention.<\/p>\n<p>Mat\u00e9riau : Ext\u00e9rieur : 65% coton , 35% polyester. Doublure de la capuche : 100% coton<br \/>\nConseils d'entretien : Lavage en machine<\/p>\n<p>Couleur : rose fum\u00e9<br \/>\nmotif : imprim\u00e9 floral<br \/>\nTaille : 36\/38<\/p>\n<p>Largeur des \u00e9paules : 57cm<br \/>\nTour de poitrine : 110cm<br \/>\nLongueur des manches : 56cm<br \/>\nlongueur totale : 89cm<\/p>","protected":false},"excerpt":{"rendered":"<table class=\"dv_characteristicsTable\">\n<tbody>\n<tr>\n<td class=\"left\">Taille<\/td>\n<td>36\/38<\/td>\n<\/tr>\n<tr>\n<td class=\"left\">Gr\u00f6\u00dfentyp<\/td>\n<td>Normalgr\u00f6\u00dfen<\/td>\n<\/tr>\n<tr>\n<td class=\"left\">Composition du mat\u00e9riau<\/td>\n<td>Obermaterial: 65% Baumwolle\u00a0, 35% Polyester. Kapuzenfutter: 100% Baumwolle<\/td>\n<\/tr>\n<tr>\n<td class=\"left\">Conseils d'entretien<\/td>\n<td>Lavage en machine<\/td>\n<\/tr>\n<tr>\n<td class=\"left\">Optik<\/td>\n<td>kontrastfarbene Details, bedruckt, unifarben<\/td>\n<\/tr>\n<tr>\n<td class=\"left\">Stil<\/td>\n<td>casual<\/td>\n<\/tr>\n<tr>\n<td class=\"left\">\u00c4rmel<\/td>\n<td>Manches longues<\/td>\n<\/tr>\n<tr>\n<td class=\"left\">\u00c4rmelabschluss<\/td>\n<td>B\u00fcndchen<\/td>\n<\/tr>\n<tr>\n<td class=\"left\">Kleidersaum<\/td>\n<td>B\u00fcndchen<\/td>\n<\/tr>\n<tr>\n<td class=\"left\">Coupe<\/td>\n<td>bequem<\/td>\n<\/tr>\n<tr>\n<td class=\"left\">Schnittform L\u00e4nge<\/td>\n<td>kurz<\/td>\n<\/tr>\n<tr>\n<td class=\"left\">Couleur<\/td>\n<td>rauchrosa<\/td>\n<\/tr>\n<tr>\n<td class=\"left\">Capuche<\/td>\n<td>mit Kapuze<\/td>\n<\/tr>\n<tr>\n<td class=\"left\">Applikationen<\/td>\n<td>Print, B\u00e4nder<\/td>\n<\/tr>\n<tr>\n<td class=\"left\">Besondere Merkmale<\/td>\n<td>mit Blumenprint auf der Schulter<\/td>\n<\/tr>\n<\/tbody>\n<\/table>","protected":false},"featured_media":80380,"comment_status":"open","ping_status":"closed","template":"","meta":{"_seopress_robots_primary_cat":"","_seopress_titles_title":"","_seopress_titles_desc":"","_seopress_robots_index":""},"product_brand":[],"product_cat":[1348,1379,1594],"product_tag":[],"class_list":{"0":"post-80283","1":"product","2":"type-product","3":"status-publish","4":"has-post-thumbnail","6":"product_cat-damen-mode","7":"product_cat-kleider","8":"product_cat-pulloverkleider","9":"product_shipping_class-standard-versand","11":"first","12":"instock","13":"sale","14":"taxable","15":"shipping-taxable","16":"purchasable","17":"product-type-simple"},"_links":{"self":[{"href":"https:\/\/www.soanam.de\/fr\/wp-json\/wp\/v2\/product\/80283","targetHints":{"allow":["GET"]}}],"collection":[{"href":"https:\/\/www.soanam.de\/fr\/wp-json\/wp\/v2\/product"}],"about":[{"href":"https:\/\/www.soanam.de\/fr\/wp-json\/wp\/v2\/types\/product"}],"replies":[{"embeddable":true,"href":"https:\/\/www.soanam.de\/fr\/wp-json\/wp\/v2\/comments?post=80283"}],"wp:featuredmedia":[{"embeddable":true,"href":"https:\/\/www.soanam.de\/fr\/wp-json\/wp\/v2\/media\/80380"}],"wp:attachment":[{"href":"https:\/\/www.soanam.de\/fr\/wp-json\/wp\/v2\/media?parent=80283"}],"wp:term":[{"taxonomy":"product_brand","embeddable":true,"href":"https:\/\/www.soanam.de\/fr\/wp-json\/wp\/v2\/product_brand?post=80283"},{"taxonomy":"product_cat","embeddable":true,"href":"https:\/\/www.soanam.de\/fr\/wp-json\/wp\/v2\/product_cat?post=80283"},{"taxonomy":"product_tag","embeddable":true,"href":"https:\/\/www.soanam.de\/fr\/wp-json\/wp\/v2\/product_tag?post=80283"}],"curies":[{"name":"wp","href":"https:\/\/api.w.org\/{rel}","templated":true}]}}