{"id":80262,"date":"2023-12-14T00:29:45","date_gmt":"2023-12-13T23:29:45","guid":{"rendered":"https:\/\/www.soanam.de\/?post_type=product&#038;p=80262"},"modified":"2023-12-14T00:31:47","modified_gmt":"2023-12-13T23:31:47","slug":"bench-sweat-a-capuche-imprime-fleurs-rose-fume-taille-40-42","status":"publish","type":"product","link":"https:\/\/www.soanam.de\/fr\/produkt\/bench-hoodie-mit-blumenprint-in-rauchrosa-groesse-40-42\/","title":{"rendered":"Bench . Sweat \u00e0 capuche rose fum\u00e9, imprim\u00e9 fleurs, taille 40\/42"},"content":{"rendered":"<p>Hoodie de Bench avec un imprim\u00e9 floral sur l'\u00e9paule<br \/>\n\u00c9paules recoup\u00e9es et manches longues<br \/>\nAvec des d\u00e9tails de bande sur les manches et la capuche<br \/>\nPoignets c\u00f4tel\u00e9s<br \/>\nM\u00e9lange de coton agr\u00e9able<\/p>\n<p>Que ce soit l'imprim\u00e9 fleuri sur l'\u00e9paule ou les bandes imprim\u00e9es sur les manches et dans la capuche, le sweat \u00e0 capuche de Bench est l'objet de style ultime.<br \/>\nLes \u00e9paules recoup\u00e9es lui conf\u00e8rent une dose suppl\u00e9mentaire de d\u00e9contraction, qui gagne en confort gr\u00e2ce au mat\u00e9riau en coton doux.<\/p>\n<p>Mat\u00e9riau : Ext\u00e9rieur : 65% coton , 35% polyester. Doublure de la capuche : 100% coton<br \/>\nConseils d'entretien : Lavage en machine<\/p>\n<p>Couleur : rose fum\u00e9<br \/>\nmotif : imprim\u00e9 floral<br \/>\nTaille : 40\/42<\/p>\n<p>Largeur des \u00e9paules : 58cm<br \/>\nTour de poitrine : 116cm<br \/>\nLongueur des manches : 53cm<br \/>\nlongueur totale : 66cm<\/p>","protected":false},"excerpt":{"rendered":"<table class=\"dv_characteristicsTable\">\n<tbody>\n<tr>\n<td class=\"left\">Taille<\/td>\n<td>40\/42<\/td>\n<\/tr>\n<tr>\n<td class=\"left\">Gr\u00f6\u00dfentyp<\/td>\n<td>Normalgr\u00f6\u00dfen<\/td>\n<\/tr>\n<tr>\n<td class=\"left\">Composition du mat\u00e9riau<\/td>\n<td>Obermaterial: 65% Baumwolle\u00a0, 35% Polyester. Kapuzenfutter: 100% Baumwolle<\/td>\n<\/tr>\n<tr>\n<td class=\"left\">Conseils d'entretien<\/td>\n<td>Lavage en machine<\/td>\n<\/tr>\n<tr>\n<td class=\"left\">Optik<\/td>\n<td>bedruckt, kontrastfarbene Details, unifarben<\/td>\n<\/tr>\n<tr>\n<td class=\"left\">Stil<\/td>\n<td>casual<\/td>\n<\/tr>\n<tr>\n<td class=\"left\">Couleur<\/td>\n<td>rauchrosa<\/td>\n<\/tr>\n<tr>\n<td class=\"left\">Capuche<\/td>\n<td>mit Kapuze<\/td>\n<\/tr>\n<tr>\n<td class=\"left\">Kapuzendetails<\/td>\n<td>mit Kordelzug<\/td>\n<\/tr>\n<tr>\n<td class=\"left\">Kapuzenf\u00fctterung<\/td>\n<td>Ton in Ton<\/td>\n<\/tr>\n<tr>\n<td class=\"left\">Applikationen<\/td>\n<td>Print<\/td>\n<\/tr>\n<tr>\n<td class=\"left\">Besondere Merkmale<\/td>\n<td>mit bedrucktem Tape und Blumenprint<\/td>\n<\/tr>\n<tr>\n<td class=\"left\">\u00c4rmel<\/td>\n<td>Manches longues<\/td>\n<\/tr>\n<tr>\n<td class=\"left\">\u00c4rmelabschluss<\/td>\n<td>B\u00fcndchen<\/td>\n<\/tr>\n<tr>\n<td class=\"left\">Rumpfabschluss<\/td>\n<td>abgesteppt<\/td>\n<\/tr>\n<tr>\n<td class=\"left\">Coupe<\/td>\n<td>bequem<\/td>\n<\/tr>\n<tr>\n<td class=\"left\">Schnittform L\u00e4nge<\/td>\n<td>normal<\/td>\n<\/tr>\n<\/tbody>\n<\/table>","protected":false},"featured_media":80364,"comment_status":"open","ping_status":"closed","template":"","meta":{"_seopress_robots_primary_cat":"","_seopress_titles_title":"","_seopress_titles_desc":"","_seopress_robots_index":""},"product_brand":[],"product_cat":[1348,1456,1583],"product_tag":[],"class_list":{"0":"post-80262","1":"product","2":"type-product","3":"status-publish","4":"has-post-thumbnail","6":"product_cat-damen-mode","7":"product_cat-pullover-sweater","8":"product_cat-hoodies","9":"product_shipping_class-standard-versand","11":"first","12":"outofstock","13":"sale","14":"taxable","15":"shipping-taxable","16":"purchasable","17":"product-type-simple"},"_links":{"self":[{"href":"https:\/\/www.soanam.de\/fr\/wp-json\/wp\/v2\/product\/80262","targetHints":{"allow":["GET"]}}],"collection":[{"href":"https:\/\/www.soanam.de\/fr\/wp-json\/wp\/v2\/product"}],"about":[{"href":"https:\/\/www.soanam.de\/fr\/wp-json\/wp\/v2\/types\/product"}],"replies":[{"embeddable":true,"href":"https:\/\/www.soanam.de\/fr\/wp-json\/wp\/v2\/comments?post=80262"}],"wp:featuredmedia":[{"embeddable":true,"href":"https:\/\/www.soanam.de\/fr\/wp-json\/wp\/v2\/media\/80364"}],"wp:attachment":[{"href":"https:\/\/www.soanam.de\/fr\/wp-json\/wp\/v2\/media?parent=80262"}],"wp:term":[{"taxonomy":"product_brand","embeddable":true,"href":"https:\/\/www.soanam.de\/fr\/wp-json\/wp\/v2\/product_brand?post=80262"},{"taxonomy":"product_cat","embeddable":true,"href":"https:\/\/www.soanam.de\/fr\/wp-json\/wp\/v2\/product_cat?post=80262"},{"taxonomy":"product_tag","embeddable":true,"href":"https:\/\/www.soanam.de\/fr\/wp-json\/wp\/v2\/product_tag?post=80262"}],"curies":[{"name":"wp","href":"https:\/\/api.w.org\/{rel}","templated":true}]}}