{"id":80260,"date":"2023-12-14T00:29:45","date_gmt":"2023-12-13T23:29:45","guid":{"rendered":"https:\/\/www.soanam.de\/?post_type=product&#038;p=80260"},"modified":"2023-12-14T00:31:43","modified_gmt":"2023-12-13T23:31:43","slug":"levis-sweatshirt-grafic-crew-en-blanc-taille-m","status":"publish","type":"product","link":"https:\/\/www.soanam.de\/fr\/produkt\/levis-sweatshirt-grafic-crew-in-weiss-groesse-m\/","title":{"rendered":"Levi's sweat-shirt GRAFIC CREW, en blanc, taille M"},"content":{"rendered":"<p>Sweat-shirt avec logo imprim\u00e9 de Levi's<br \/>\nImprim\u00e9 \"California\" avec palmier<br \/>\nForme courte et droite<br \/>\nEn pur coton<\/p>\n<p>Lorsqu'il s'agit de styles de sweat sportifs, les larges bordures aux poignets et \u00e0 l'ourlet ne doivent pas manquer, tout comme le col rond classique et confortable.<br \/>\nLe point fort de ce pull en coton est l'imprim\u00e9 de couleur contrast\u00e9e avec palmier, inscription et logo sur la poitrine.<br \/>\nUn classique est r\u00e9\u00e9dit\u00e9.<\/p>\n<p>Mati\u00e8re : 100% coton<br \/>\nConseils d'entretien : Lavage en machine<\/p>\n<p>couleur : blanc-multicolore<br \/>\nMotif : \"California\" avec palmier<br \/>\nTaille : M<\/p>\n<p>largeur des \u00e9paules : 60cm<br \/>\nTour de poitrine : 127cm<br \/>\nLongueur des manches : 53cm<br \/>\nlongueur totale : 59cm<\/p>\n<p>&nbsp;<\/p>\n<p>Il s'agit pour ce nouvel article d'un retour client sans \u00e9tiquette.<\/p>","protected":false},"excerpt":{"rendered":"<table class=\"dv_characteristicsTable\">\n<tbody>\n<tr>\n<td class=\"left\">Taille<\/td>\n<td>M<\/td>\n<\/tr>\n<tr>\n<td class=\"left\">Gr\u00f6\u00dfentyp<\/td>\n<td>Normalgr\u00f6\u00dfen<\/td>\n<\/tr>\n<tr>\n<td class=\"left\">Composition du mat\u00e9riau<\/td>\n<td>Obermaterial: 100% Baumwolle<\/td>\n<\/tr>\n<tr>\n<td class=\"left\">Materialart<\/td>\n<td>Sweatware<\/td>\n<\/tr>\n<tr>\n<td class=\"left\">Conseils d'entretien<\/td>\n<td>Lavage en machine<\/td>\n<\/tr>\n<tr>\n<td class=\"left\">Optik<\/td>\n<td>unifarben, bedruckt<\/td>\n<\/tr>\n<tr>\n<td class=\"left\">Stil<\/td>\n<td>sportlich<\/td>\n<\/tr>\n<tr>\n<td class=\"left\">Couleur<\/td>\n<td>wei\u00df<\/td>\n<\/tr>\n<tr>\n<td class=\"left\">Applikationen<\/td>\n<td>Print<\/td>\n<\/tr>\n<tr>\n<td class=\"left\">Besondere Merkmale<\/td>\n<td>\"California\" mit Palme<\/td>\n<\/tr>\n<tr>\n<td class=\"left\">Ausschnitt<\/td>\n<td>Rundhals<\/td>\n<\/tr>\n<tr>\n<td class=\"left\">\u00c4rmel<\/td>\n<td>Manches longues<\/td>\n<\/tr>\n<tr>\n<td class=\"left\">Coupe<\/td>\n<td>oversize<\/td>\n<\/tr>\n<tr>\n<td class=\"left\">Schnittdetails<\/td>\n<td>an den Schultern \u00fcberlappend<\/td>\n<\/tr>\n<tr>\n<td class=\"left\">Schnittform L\u00e4nge<\/td>\n<td>kurz<\/td>\n<\/tr>\n<\/tbody>\n<\/table>","protected":false},"featured_media":80361,"comment_status":"open","ping_status":"closed","template":"","meta":{"_seopress_robots_primary_cat":"","_seopress_titles_title":"","_seopress_titles_desc":"","_seopress_robots_index":""},"product_brand":[],"product_cat":[1348,1456,1577],"product_tag":[],"class_list":{"0":"post-80260","1":"product","2":"type-product","3":"status-publish","4":"has-post-thumbnail","6":"product_cat-damen-mode","7":"product_cat-pullover-sweater","8":"product_cat-sweatshirts","9":"product_shipping_class-standard-versand","11":"first","12":"instock","13":"sale","14":"taxable","15":"shipping-taxable","16":"purchasable","17":"product-type-simple"},"_links":{"self":[{"href":"https:\/\/www.soanam.de\/fr\/wp-json\/wp\/v2\/product\/80260","targetHints":{"allow":["GET"]}}],"collection":[{"href":"https:\/\/www.soanam.de\/fr\/wp-json\/wp\/v2\/product"}],"about":[{"href":"https:\/\/www.soanam.de\/fr\/wp-json\/wp\/v2\/types\/product"}],"replies":[{"embeddable":true,"href":"https:\/\/www.soanam.de\/fr\/wp-json\/wp\/v2\/comments?post=80260"}],"wp:featuredmedia":[{"embeddable":true,"href":"https:\/\/www.soanam.de\/fr\/wp-json\/wp\/v2\/media\/80361"}],"wp:attachment":[{"href":"https:\/\/www.soanam.de\/fr\/wp-json\/wp\/v2\/media?parent=80260"}],"wp:term":[{"taxonomy":"product_brand","embeddable":true,"href":"https:\/\/www.soanam.de\/fr\/wp-json\/wp\/v2\/product_brand?post=80260"},{"taxonomy":"product_cat","embeddable":true,"href":"https:\/\/www.soanam.de\/fr\/wp-json\/wp\/v2\/product_cat?post=80260"},{"taxonomy":"product_tag","embeddable":true,"href":"https:\/\/www.soanam.de\/fr\/wp-json\/wp\/v2\/product_tag?post=80260"}],"curies":[{"name":"wp","href":"https:\/\/api.w.org\/{rel}","templated":true}]}}