{"id":80223,"date":"2023-12-14T00:02:11","date_gmt":"2023-12-13T23:02:11","guid":{"rendered":"https:\/\/www.soanam.de\/?post_type=product&#038;p=80223"},"modified":"2023-12-14T00:31:07","modified_gmt":"2023-12-13T23:31:07","slug":"s-oliver-sweat-a-capuche-marine-taille-xl","status":"publish","type":"product","link":"https:\/\/www.soanam.de\/fr\/produkt\/s-oliver-kapuzensweatshirt-in-marine-groesse-xl\/","title":{"rendered":"s.Oliver sweat \u00e0 capuche, marine, taille XL"},"content":{"rendered":"<p>Hoodie de s.Oliver<br \/>\nRayure \u00e0 la mode<br \/>\nAvec le logo de la marque<br \/>\ncordon de serrage et cordelette<br \/>\nRegular-fit\/ forme normale<br \/>\nEn coton<\/p>\n<p>Le pull \u00e0 manches longues et capuche de s.Oliver est dot\u00e9 d'un joli d\u00e9tail \u00e0 rayures sur le devant.<br \/>\nL'inscription de la marque sur la poitrine, le cordon de serrage et la capuche doubl\u00e9e sont d'autres d\u00e9tails de ce beau hoodie basique.<br \/>\nLe coton doux et la doublure douillette en polaire offrent un confort optimal.<\/p>\n<p>Mati\u00e8re : 100% coton<br \/>\nConseils d'entretien : Lavage en machine<\/p>\n<p>couleur : marine<br \/>\nmotif : rayures<br \/>\nTaille : XL<\/p>\n<p>Largeur des \u00e9paules : 52cm<br \/>\nTour de poitrine : 126cm<br \/>\nLongueur des manches : 67cm<br \/>\nlongueur totale : 73cm<\/p>","protected":false},"excerpt":{"rendered":"<table class=\"dv_characteristicsTable\">\n<tbody>\n<tr>\n<td class=\"left\">Taille<\/td>\n<td>XL (52\/54)<\/td>\n<\/tr>\n<tr>\n<td class=\"left\">Gr\u00f6\u00dfentyp<\/td>\n<td>Normalgr\u00f6\u00dfen<\/td>\n<\/tr>\n<tr>\n<td class=\"left\">Composition du mat\u00e9riau<\/td>\n<td>Obermaterial: 100% Baumwolle<\/td>\n<\/tr>\n<tr>\n<td class=\"left\">Conseils d'entretien<\/td>\n<td>Lavage en machine<\/td>\n<\/tr>\n<tr>\n<td class=\"left\">Stil<\/td>\n<td>casual<\/td>\n<\/tr>\n<tr>\n<td class=\"left\">Herstellerfarbbezeichnung<\/td>\n<td>navy<\/td>\n<\/tr>\n<tr>\n<td class=\"left\">Couleur<\/td>\n<td>marine<\/td>\n<\/tr>\n<tr>\n<td class=\"left\">Capuche<\/td>\n<td>mit Kapuze<\/td>\n<\/tr>\n<tr>\n<td class=\"left\">Kapuzendetails<\/td>\n<td>mit Kordelz\u00fcgen<\/td>\n<\/tr>\n<tr>\n<td class=\"left\">Kapuzenf\u00fctterung<\/td>\n<td>Ton in Ton<\/td>\n<\/tr>\n<tr>\n<td class=\"left\">Sacs<\/td>\n<td>ohne<\/td>\n<\/tr>\n<tr>\n<td class=\"left\">\u00c4rmel<\/td>\n<td>Manches longues<\/td>\n<\/tr>\n<tr>\n<td class=\"left\">\u00c4rmelabschluss<\/td>\n<td>Poignets c\u00f4tel\u00e9s<\/td>\n<\/tr>\n<tr>\n<td class=\"left\">Rumpfabschluss<\/td>\n<td>Poignets c\u00f4tel\u00e9s<\/td>\n<\/tr>\n<tr>\n<td class=\"left\">Coupe<\/td>\n<td>Basic<\/td>\n<\/tr>\n<\/tbody>\n<\/table>","protected":false},"featured_media":80333,"comment_status":"open","ping_status":"closed","template":"","meta":{"_seopress_robots_primary_cat":"","_seopress_titles_title":"","_seopress_titles_desc":"","_seopress_robots_index":""},"product_brand":[],"product_cat":[1345,1485,1592],"product_tag":[],"class_list":{"0":"post-80223","1":"product","2":"type-product","3":"status-publish","4":"has-post-thumbnail","6":"product_cat-herrenmode","7":"product_cat-pullover-sweater-herrenmode","8":"product_cat-hoodies-pullover-sweater-herrenmode","9":"product_shipping_class-standard-versand","11":"first","12":"instock","13":"taxable","14":"shipping-taxable","15":"purchasable","16":"product-type-simple"},"_links":{"self":[{"href":"https:\/\/www.soanam.de\/fr\/wp-json\/wp\/v2\/product\/80223","targetHints":{"allow":["GET"]}}],"collection":[{"href":"https:\/\/www.soanam.de\/fr\/wp-json\/wp\/v2\/product"}],"about":[{"href":"https:\/\/www.soanam.de\/fr\/wp-json\/wp\/v2\/types\/product"}],"replies":[{"embeddable":true,"href":"https:\/\/www.soanam.de\/fr\/wp-json\/wp\/v2\/comments?post=80223"}],"wp:featuredmedia":[{"embeddable":true,"href":"https:\/\/www.soanam.de\/fr\/wp-json\/wp\/v2\/media\/80333"}],"wp:attachment":[{"href":"https:\/\/www.soanam.de\/fr\/wp-json\/wp\/v2\/media?parent=80223"}],"wp:term":[{"taxonomy":"product_brand","embeddable":true,"href":"https:\/\/www.soanam.de\/fr\/wp-json\/wp\/v2\/product_brand?post=80223"},{"taxonomy":"product_cat","embeddable":true,"href":"https:\/\/www.soanam.de\/fr\/wp-json\/wp\/v2\/product_cat?post=80223"},{"taxonomy":"product_tag","embeddable":true,"href":"https:\/\/www.soanam.de\/fr\/wp-json\/wp\/v2\/product_tag?post=80223"}],"curies":[{"name":"wp","href":"https:\/\/api.w.org\/{rel}","templated":true}]}}