{"id":80222,"date":"2023-12-14T00:02:11","date_gmt":"2023-12-13T23:02:11","guid":{"rendered":"https:\/\/www.soanam.de\/?post_type=product&#038;p=80222"},"modified":"2023-12-14T00:30:59","modified_gmt":"2023-12-13T23:30:59","slug":"kangaroos-leichtes-kapuzenshirt-in-schwarz-groesse-38","status":"publish","type":"product","link":"https:\/\/www.soanam.de\/fr\/produkt\/kangaroos-leichtes-kapuzenshirt-in-schwarz-groesse-38\/","title":{"rendered":"KangaROOS Sweat \u00e0 capuche l\u00e9ger , noir, taille 38"},"content":{"rendered":"<p>Kapuzen-Shirt von KangaROOS<br \/>\nKapuze kontrastfarben gef\u00fcttert<br \/>\nKleine Knopfleiste am Ausschnitt<br \/>\n\u00c4rmelb\u00fcndchen mit Daumenl\u00f6chern<br \/>\nMarkenschriftzug auf dem \u00c4rmel<br \/>\nAufgesetzte K\u00e4ngurutasche<br \/>\nAus weicher, reiner Baumwolle<\/p>\n<p>Das Sweatshirt von KangaROOS ist praktisch und bequem.<br \/>\nEchte Eyecatcher sind die kurze Knopfleiste vorn und das kontrastfarbene Kapuzenfutter.<br \/>\nDer Hoodie ist aus besonders kuschelweicher Qualit\u00e4t und macht eine tolle Figur.<br \/>\nSuperl\u00e4ssig sind die Seitenn\u00e4hte in Kontrastfarbe.<\/p>\n<p>Mati\u00e8re : 100% coton<br \/>\nConseils d'entretien : Lavage en machine<\/p>\n<p>couleur : noir<br \/>\nMuster: Markenschriftzug<br \/>\nTaille : 38<\/p>\n<p>Largeur des \u00e9paules : 41cm<br \/>\nTour de poitrine : 89cm<br \/>\nLongueur des manches : 65cm<br \/>\nlongueur totale : 68cm<\/p>","protected":false},"excerpt":{"rendered":"<table class=\"dv_characteristicsTable\">\n<tbody>\n<tr>\n<td class=\"left\">Taille<\/td>\n<td>38<\/td>\n<\/tr>\n<tr>\n<td class=\"left\">Gr\u00f6\u00dfentyp<\/td>\n<td>Normalgr\u00f6\u00dfen<\/td>\n<\/tr>\n<tr>\n<td class=\"left\">Composition du mat\u00e9riau<\/td>\n<td>Obermaterial: 100% Baumwolle. Kapuzenfutter: 100% Baumwolle<\/td>\n<\/tr>\n<tr>\n<td class=\"left\">Materialart<\/td>\n<td>Jersey, Rippware<\/td>\n<\/tr>\n<tr>\n<td class=\"left\">Conseils d'entretien<\/td>\n<td>Lavage en machine<\/td>\n<\/tr>\n<tr>\n<td class=\"left\">Optik<\/td>\n<td>unifarben<\/td>\n<\/tr>\n<tr>\n<td class=\"left\">Stil<\/td>\n<td>casual<\/td>\n<\/tr>\n<tr>\n<td class=\"left\">Couleur<\/td>\n<td>schwarz<\/td>\n<\/tr>\n<tr>\n<td class=\"left\">Ausschnittdetails<\/td>\n<td>mit Knopfleiste<\/td>\n<\/tr>\n<tr>\n<td class=\"left\">\u00c4rmel<\/td>\n<td>Manches longues<\/td>\n<\/tr>\n<tr>\n<td class=\"left\">\u00c4rmelabschluss<\/td>\n<td>Babylock<\/td>\n<\/tr>\n<tr>\n<td class=\"left\">\u00c4rmelabschlussdetails<\/td>\n<td>mit Daumenl\u00f6chern<\/td>\n<\/tr>\n<tr>\n<td class=\"left\">Coupe<\/td>\n<td>figurbetont<\/td>\n<\/tr>\n<tr>\n<td class=\"left\">Schnittform L\u00e4nge<\/td>\n<td>h\u00fcftbedeckend<\/td>\n<\/tr>\n<tr>\n<td class=\"left\">Capuche<\/td>\n<td>mit Kapuze<\/td>\n<\/tr>\n<tr>\n<td class=\"left\">Kapuzendetails<\/td>\n<td>mit Kordelzug<\/td>\n<\/tr>\n<tr>\n<td class=\"left\">Kapuzenf\u00fctterung<\/td>\n<td>kontrastfarben, gef\u00fcttert<\/td>\n<\/tr>\n<tr>\n<td class=\"left\">Applikationen<\/td>\n<td>Druck<\/td>\n<\/tr>\n<tr>\n<td class=\"left\">Sacs<\/td>\n<td>Poche kangourou<\/td>\n<\/tr>\n<tr>\n<td class=\"left\">Besondere Merkmale<\/td>\n<td>Kapuze kontrastfarben gef\u00fcttert<\/td>\n<\/tr>\n<\/tbody>\n<\/table>","protected":false},"featured_media":80325,"comment_status":"open","ping_status":"closed","template":"","meta":{"_seopress_robots_primary_cat":"","_seopress_titles_title":"","_seopress_titles_desc":"","_seopress_robots_index":""},"product_brand":[],"product_cat":[1348,1456,1583],"product_tag":[],"class_list":{"0":"post-80222","1":"product","2":"type-product","3":"status-publish","4":"has-post-thumbnail","6":"product_cat-damen-mode","7":"product_cat-pullover-sweater","8":"product_cat-hoodies","9":"product_shipping_class-standard-versand","11":"first","12":"instock","13":"taxable","14":"shipping-taxable","15":"purchasable","16":"product-type-simple"},"_links":{"self":[{"href":"https:\/\/www.soanam.de\/fr\/wp-json\/wp\/v2\/product\/80222","targetHints":{"allow":["GET"]}}],"collection":[{"href":"https:\/\/www.soanam.de\/fr\/wp-json\/wp\/v2\/product"}],"about":[{"href":"https:\/\/www.soanam.de\/fr\/wp-json\/wp\/v2\/types\/product"}],"replies":[{"embeddable":true,"href":"https:\/\/www.soanam.de\/fr\/wp-json\/wp\/v2\/comments?post=80222"}],"wp:featuredmedia":[{"embeddable":true,"href":"https:\/\/www.soanam.de\/fr\/wp-json\/wp\/v2\/media\/80325"}],"wp:attachment":[{"href":"https:\/\/www.soanam.de\/fr\/wp-json\/wp\/v2\/media?parent=80222"}],"wp:term":[{"taxonomy":"product_brand","embeddable":true,"href":"https:\/\/www.soanam.de\/fr\/wp-json\/wp\/v2\/product_brand?post=80222"},{"taxonomy":"product_cat","embeddable":true,"href":"https:\/\/www.soanam.de\/fr\/wp-json\/wp\/v2\/product_cat?post=80222"},{"taxonomy":"product_tag","embeddable":true,"href":"https:\/\/www.soanam.de\/fr\/wp-json\/wp\/v2\/product_tag?post=80222"}],"curies":[{"name":"wp","href":"https:\/\/api.w.org\/{rel}","templated":true}]}}