{"id":80203,"date":"2023-12-14T00:01:46","date_gmt":"2023-12-13T23:01:46","guid":{"rendered":"https:\/\/www.soanam.de\/?post_type=product&#038;p=80203"},"modified":"2023-12-14T00:30:45","modified_gmt":"2023-12-13T23:30:45","slug":"tommy-jeans-longsleeve-mit-stehkragen-in-weiss-groesse-l","status":"publish","type":"product","link":"https:\/\/www.soanam.de\/fr\/produkt\/tommy-jeans-longsleeve-mit-stehkragen-in-weiss-groesse-l\/","title":{"rendered":"Tommy Jeans Longsleeve mit Stehkragen, in Wei\u00df, Gr\u00f6\u00dfe L"},"content":{"rendered":"<p>Herren Longsleeve von Tommy Jeans<br \/>\nStehkragen mit Logo-Stickerei<br \/>\nLogo-Stickerei auf Brusth\u00f6he<br \/>\nCoupe droite<br \/>\nGerippte \u00c4rmelb\u00fcndchen<br \/>\nBaumwoll-Elasthan-Mix<\/p>\n<p>Das Longsleeve von Tommy Jeans ist aus einem Baumwoll-Elasthan-Mix gefertigt, was die Trageeigenschaften sehr positiv beeinflusst.<br \/>\nEs ist gerade geschnitten, kommt mit einem Stehkragen mit gro\u00dfer Logo-Stickerei und der typischen Hilfiger-Flag auf der Brust.<\/p>\n<p>Mati\u00e8re : 95% coton, 5% \u00e9lasthanne<br \/>\nConseils d'entretien : Lavage en machine<\/p>\n<p>couleur : blanc<br \/>\nmotif : logo brod\u00e9<br \/>\nTaille : L<\/p>\n<p>Largeur des \u00e9paules : 45cm<br \/>\nTour de poitrine : 114cm<br \/>\nLongueur des manches : 68cm<br \/>\nlongueur totale : 74cm<\/p>\n<p>Il s'agit pour ce nouvel article d'un retour client sans \u00e9tiquette.<\/p>","protected":false},"excerpt":{"rendered":"<p>Mati\u00e8re : 95% coton, 5% \u00e9lasthanne<br \/>\nConseils d'entretien : Lavage en machine<\/p>\n<p>couleur : blanc<br \/>\nmotif : logo brod\u00e9<br \/>\nTaille : L<\/p>","protected":false},"featured_media":80312,"comment_status":"open","ping_status":"closed","template":"","meta":{"_seopress_robots_primary_cat":"","_seopress_titles_title":"","_seopress_titles_desc":"","_seopress_robots_index":""},"product_brand":[],"product_cat":[1345,1485,1486],"product_tag":[],"class_list":{"0":"post-80203","1":"product","2":"type-product","3":"status-publish","4":"has-post-thumbnail","6":"product_cat-herrenmode","7":"product_cat-pullover-sweater-herrenmode","8":"product_cat-langarmshirts-pullover-sweater-herrenmode","9":"product_shipping_class-standard-versand","11":"first","12":"instock","13":"sale","14":"taxable","15":"shipping-taxable","16":"purchasable","17":"product-type-simple"},"_links":{"self":[{"href":"https:\/\/www.soanam.de\/fr\/wp-json\/wp\/v2\/product\/80203","targetHints":{"allow":["GET"]}}],"collection":[{"href":"https:\/\/www.soanam.de\/fr\/wp-json\/wp\/v2\/product"}],"about":[{"href":"https:\/\/www.soanam.de\/fr\/wp-json\/wp\/v2\/types\/product"}],"replies":[{"embeddable":true,"href":"https:\/\/www.soanam.de\/fr\/wp-json\/wp\/v2\/comments?post=80203"}],"wp:featuredmedia":[{"embeddable":true,"href":"https:\/\/www.soanam.de\/fr\/wp-json\/wp\/v2\/media\/80312"}],"wp:attachment":[{"href":"https:\/\/www.soanam.de\/fr\/wp-json\/wp\/v2\/media?parent=80203"}],"wp:term":[{"taxonomy":"product_brand","embeddable":true,"href":"https:\/\/www.soanam.de\/fr\/wp-json\/wp\/v2\/product_brand?post=80203"},{"taxonomy":"product_cat","embeddable":true,"href":"https:\/\/www.soanam.de\/fr\/wp-json\/wp\/v2\/product_cat?post=80203"},{"taxonomy":"product_tag","embeddable":true,"href":"https:\/\/www.soanam.de\/fr\/wp-json\/wp\/v2\/product_tag?post=80203"}],"curies":[{"name":"wp","href":"https:\/\/api.w.org\/{rel}","templated":true}]}}