{"id":80200,"date":"2023-12-14T00:01:45","date_gmt":"2023-12-13T23:01:45","guid":{"rendered":"https:\/\/www.soanam.de\/?post_type=product&#038;p=80200"},"modified":"2023-12-14T00:30:27","modified_gmt":"2023-12-13T23:30:27","slug":"sweat-shirt-a-capuche-camp-david-noir-taille-xxl","status":"publish","type":"product","link":"https:\/\/www.soanam.de\/fr\/produkt\/camp-david-kapuzensweatshirt-in-schwarz-groesse-xxl\/","title":{"rendered":"CAMP DAVID sweat \u00e0 capuche, en noir, taille XXL"},"content":{"rendered":"<p>CAMP DAVID Hoodie<br \/>\nAvec un grand imprim\u00e9 sur le devant<br \/>\nAvec capuche<br \/>\nRegular-fit\/forme normale<br \/>\nM\u00e9lange de coton agr\u00e9able<\/p>\n<p>Avec le sweat \u00e0 capuche de Camp David, tu r\u00e9ussis un look relax qui n'est pas seulement incroyablement beau, mais qui est aussi extr\u00eamement agr\u00e9able \u00e0 porter.<br \/>\nLa combinaison souveraine du sweat-shirt \u00e0 capuche en sweat-shirt agr\u00e9ablement doux et du grand imprim\u00e9 frontal typique et de la broderie de l'\u00e9tiquette y veille.<br \/>\nDes traits de caract\u00e8re typiques, comme les larges poignets et l'ourlet et le cordon de serrage classique avec capuche, compl\u00e8tent le look de ce sweat \u00e0 capuche cool.<\/p>\n<p>Mati\u00e8re : 80% coton, 20% polyester<br \/>\nConseils d'entretien : Lavage en machine<\/p>\n<p>couleur : noir<br \/>\nMotif : impression frontale et broderie<br \/>\nTaille : XXL<\/p>\n<p>Largeur des \u00e9paules:56cm<br \/>\nTour de poitrine : 130cm<br \/>\nLongueur des manches : 71cm<br \/>\nlongueur totale : 79cm<\/p>","protected":false},"excerpt":{"rendered":"<table class=\"dv_characteristicsTable\">\n<tbody>\n<tr>\n<td class=\"left\">Taille<\/td>\n<td>XXL<\/td>\n<\/tr>\n<tr>\n<td class=\"left\">Gr\u00f6\u00dfentyp<\/td>\n<td>Normalgr\u00f6\u00dfen<\/td>\n<\/tr>\n<tr>\n<td class=\"left\">Composition du mat\u00e9riau<\/td>\n<td>Obermaterial: 80% Baumwolle, 20% Polyester<\/td>\n<\/tr>\n<tr>\n<td class=\"left\">Materialart<\/td>\n<td>Sweatware<\/td>\n<\/tr>\n<tr>\n<td class=\"left\">Materialeigenschaften<\/td>\n<td>pflegeleicht<\/td>\n<\/tr>\n<tr>\n<td class=\"left\">Conseils d'entretien<\/td>\n<td>Lavage en machine<\/td>\n<\/tr>\n<tr>\n<td class=\"left\">Optik<\/td>\n<td>bedruckt<\/td>\n<\/tr>\n<tr>\n<td class=\"left\">Stil<\/td>\n<td>casual<\/td>\n<\/tr>\n<tr>\n<td class=\"left\">Herstellerfarbbezeichnung<\/td>\n<td>black<\/td>\n<\/tr>\n<tr>\n<td class=\"left\">Couleur<\/td>\n<td>schwarz-altwei\u00df<\/td>\n<\/tr>\n<tr>\n<td class=\"left\">Capuche<\/td>\n<td>mit Kapuze<\/td>\n<\/tr>\n<tr>\n<td class=\"left\">Kapuzendetails<\/td>\n<td>mit Kordelzug<\/td>\n<\/tr>\n<tr>\n<td class=\"left\">Kapuzenf\u00fctterung<\/td>\n<td>farblich passend<\/td>\n<\/tr>\n<tr>\n<td class=\"left\">Applikationen<\/td>\n<td>Druck, Kordelzug<\/td>\n<\/tr>\n<tr>\n<td class=\"left\">Besondere Merkmale<\/td>\n<td>mit gro\u00dfem Frontprint<\/td>\n<\/tr>\n<tr>\n<td class=\"left\">Ausschnitt<\/td>\n<td>Rundhals<\/td>\n<\/tr>\n<tr>\n<td class=\"left\">\u00c4rmel<\/td>\n<td>Manches longues<\/td>\n<\/tr>\n<tr>\n<td class=\"left\">\u00c4rmelabschluss<\/td>\n<td>abgestepptes B\u00fcndchen<\/td>\n<\/tr>\n<tr>\n<td class=\"left\">Rumpfabschluss<\/td>\n<td>abgestepptes B\u00fcndchen<\/td>\n<\/tr>\n<tr>\n<td class=\"left\">Coupe<\/td>\n<td>normal<\/td>\n<\/tr>\n<\/tbody>\n<\/table>","protected":false},"featured_media":80297,"comment_status":"open","ping_status":"closed","template":"","meta":{"_seopress_robots_primary_cat":"","_seopress_titles_title":"","_seopress_titles_desc":"","_seopress_robots_index":""},"product_brand":[],"product_cat":[1345,1485,1592],"product_tag":[],"class_list":{"0":"post-80200","1":"product","2":"type-product","3":"status-publish","4":"has-post-thumbnail","6":"product_cat-herrenmode","7":"product_cat-pullover-sweater-herrenmode","8":"product_cat-hoodies-pullover-sweater-herrenmode","9":"product_shipping_class-standard-versand","11":"first","12":"instock","13":"taxable","14":"shipping-taxable","15":"purchasable","16":"product-type-simple"},"_links":{"self":[{"href":"https:\/\/www.soanam.de\/fr\/wp-json\/wp\/v2\/product\/80200","targetHints":{"allow":["GET"]}}],"collection":[{"href":"https:\/\/www.soanam.de\/fr\/wp-json\/wp\/v2\/product"}],"about":[{"href":"https:\/\/www.soanam.de\/fr\/wp-json\/wp\/v2\/types\/product"}],"replies":[{"embeddable":true,"href":"https:\/\/www.soanam.de\/fr\/wp-json\/wp\/v2\/comments?post=80200"}],"wp:featuredmedia":[{"embeddable":true,"href":"https:\/\/www.soanam.de\/fr\/wp-json\/wp\/v2\/media\/80297"}],"wp:attachment":[{"href":"https:\/\/www.soanam.de\/fr\/wp-json\/wp\/v2\/media?parent=80200"}],"wp:term":[{"taxonomy":"product_brand","embeddable":true,"href":"https:\/\/www.soanam.de\/fr\/wp-json\/wp\/v2\/product_brand?post=80200"},{"taxonomy":"product_cat","embeddable":true,"href":"https:\/\/www.soanam.de\/fr\/wp-json\/wp\/v2\/product_cat?post=80200"},{"taxonomy":"product_tag","embeddable":true,"href":"https:\/\/www.soanam.de\/fr\/wp-json\/wp\/v2\/product_tag?post=80200"}],"curies":[{"name":"wp","href":"https:\/\/api.w.org\/{rel}","templated":true}]}}