{"id":80185,"date":"2023-12-14T00:01:19","date_gmt":"2023-12-13T23:01:19","guid":{"rendered":"https:\/\/www.soanam.de\/?post_type=product&#038;p=80185"},"modified":"2023-12-14T00:30:22","modified_gmt":"2023-12-13T23:30:22","slug":"alife-kickin-crewneck-sweater-darlaak-en-anthracite-taille-m","status":"publish","type":"product","link":"https:\/\/www.soanam.de\/fr\/produkt\/alife-kickin-crewneck-sweater-darlaak-in-anthrazit-groesse-m\/","title":{"rendered":"Alife &amp; Kickin Crewneck Sweater DarlaAK, en anthracite, taille M"},"content":{"rendered":"<p>Crewneck Sweater von Alife &amp; Kickin<br \/>\nAvec col rond<br \/>\nFigurumspielende, leicht taillierte Passform<br \/>\nMit dem typischen Herz-Labeling<br \/>\nAus formstabiler Baumwoll-Mischung<\/p>\n<p>Mit dem Sweater DalaAK von Alife and Kickin gelingt Dir ein Sweatpullover-Relax-Look, der nicht nur unglaublich gut aussieht sondern sich auch noch ausgesprochen gut anf\u00fchlt.<br \/>\nDaf\u00fcr sorgt die souver\u00e4ne Kombi des Langarmshirts aus angenehm weicher Sweatware und die \u00fcberschnittene, oben weiter gehaltene \u00c4rmelpartie, die einen gewissen l\u00e4ssigen Effekt erzeugt.<br \/>\nTypische Charakterz\u00fcge, wie die breiten B\u00fcndchen an \u00c4rmeln und Saum und der klassische eingefasste Rundhalsausschnitt komplettieren die Aufmachung des gechillten Sweatshirts.<\/p>\n<p>Mati\u00e8re : 50% coton, 50% polyester<br \/>\nConseils d'entretien : Lavage en machine<\/p>\n<p>Farbe: moonless<br \/>\n\u00c9chantillon : sans<br \/>\nTaille : M<\/p>\n<p>Schulterbreite:53cm<br \/>\nTour de poitrine : 108cm<br \/>\nLongueur des manches : 61cm<br \/>\nlongueur totale : 65cm<\/p>","protected":false},"excerpt":{"rendered":"<table class=\"dv_characteristicsTable\">\n<tbody>\n<tr>\n<td class=\"left\">Taille<\/td>\n<td>M<\/td>\n<\/tr>\n<tr>\n<td class=\"left\">Gr\u00f6\u00dfentyp<\/td>\n<td>Normalgr\u00f6\u00dfen<\/td>\n<\/tr>\n<tr>\n<td class=\"left\">Composition du mat\u00e9riau<\/td>\n<td>Obermaterial: 50% Baumwolle, 50% Polyester<\/td>\n<\/tr>\n<tr>\n<td class=\"left\">Materialart<\/td>\n<td>Sweatware<\/td>\n<\/tr>\n<tr>\n<td class=\"left\">Conseils d'entretien<\/td>\n<td>Lavage en machine<\/td>\n<\/tr>\n<tr>\n<td class=\"left\">Optik<\/td>\n<td>uni<\/td>\n<\/tr>\n<tr>\n<td class=\"left\">Stil<\/td>\n<td>casual<\/td>\n<\/tr>\n<tr>\n<td class=\"left\">Herstellerfarbbezeichnung<\/td>\n<td>moonless<\/td>\n<\/tr>\n<tr>\n<td class=\"left\">Couleur<\/td>\n<td>anthrazit<\/td>\n<\/tr>\n<tr>\n<td class=\"left\">Applikationen<\/td>\n<td>Markenlabel<\/td>\n<\/tr>\n<tr>\n<td class=\"left\">Besondere Merkmale<\/td>\n<td>cooler Crewneck-Sweater<\/td>\n<\/tr>\n<tr>\n<td class=\"left\">Ausschnitt<\/td>\n<td>Rundhals<\/td>\n<\/tr>\n<tr>\n<td class=\"left\">\u00c4rmel<\/td>\n<td>Manches longues<\/td>\n<\/tr>\n<tr>\n<td class=\"left\">\u00c4rmelabschluss<\/td>\n<td>B\u00fcndchen<\/td>\n<\/tr>\n<tr>\n<td class=\"left\">Rumpfabschluss<\/td>\n<td>B\u00fcndchen<\/td>\n<\/tr>\n<tr>\n<td class=\"left\">Coupe<\/td>\n<td>bequem<\/td>\n<\/tr>\n<\/tbody>\n<\/table>","protected":false},"featured_media":80295,"comment_status":"open","ping_status":"closed","template":"","meta":{"_seopress_robots_primary_cat":"","_seopress_titles_title":"","_seopress_titles_desc":"","_seopress_robots_index":""},"product_brand":[],"product_cat":[1348,1456,1577],"product_tag":[],"class_list":{"0":"post-80185","1":"product","2":"type-product","3":"status-publish","4":"has-post-thumbnail","6":"product_cat-damen-mode","7":"product_cat-pullover-sweater","8":"product_cat-sweatshirts","9":"product_shipping_class-standard-versand","11":"first","12":"instock","13":"sale","14":"taxable","15":"shipping-taxable","16":"purchasable","17":"product-type-simple"},"_links":{"self":[{"href":"https:\/\/www.soanam.de\/fr\/wp-json\/wp\/v2\/product\/80185","targetHints":{"allow":["GET"]}}],"collection":[{"href":"https:\/\/www.soanam.de\/fr\/wp-json\/wp\/v2\/product"}],"about":[{"href":"https:\/\/www.soanam.de\/fr\/wp-json\/wp\/v2\/types\/product"}],"replies":[{"embeddable":true,"href":"https:\/\/www.soanam.de\/fr\/wp-json\/wp\/v2\/comments?post=80185"}],"wp:featuredmedia":[{"embeddable":true,"href":"https:\/\/www.soanam.de\/fr\/wp-json\/wp\/v2\/media\/80295"}],"wp:attachment":[{"href":"https:\/\/www.soanam.de\/fr\/wp-json\/wp\/v2\/media?parent=80185"}],"wp:term":[{"taxonomy":"product_brand","embeddable":true,"href":"https:\/\/www.soanam.de\/fr\/wp-json\/wp\/v2\/product_brand?post=80185"},{"taxonomy":"product_cat","embeddable":true,"href":"https:\/\/www.soanam.de\/fr\/wp-json\/wp\/v2\/product_cat?post=80185"},{"taxonomy":"product_tag","embeddable":true,"href":"https:\/\/www.soanam.de\/fr\/wp-json\/wp\/v2\/product_tag?post=80185"}],"curies":[{"name":"wp","href":"https:\/\/api.w.org\/{rel}","templated":true}]}}