{"id":80104,"date":"2023-12-13T23:59:00","date_gmt":"2023-12-13T22:59:00","guid":{"rendered":"https:\/\/www.soanam.de\/?post_type=product&#038;p=80104"},"modified":"2023-12-14T00:02:34","modified_gmt":"2023-12-13T23:02:34","slug":"fussgut-veines-amies-des-genoux-paquet-de-2-noir-taille-43-45","status":"publish","type":"product","link":"https:\/\/www.soanam.de\/fr\/produkt\/fussgut-venenfreund-kniestruempfe-im-2er-pack-in-schwarz-groesse-43-45\/","title":{"rendered":"Lot de 2 mi-bas \"Ami des veines\", en noir, taille 43-45"},"content":{"rendered":"<p>Chaussettes pour diab\u00e9tiques en pack de deux<br \/>\n\u00c9lasticit\u00e9 adapt\u00e9e aux veines<br \/>\nPointe sans pression, cousue \u00e0 la main<br \/>\nAirchannel dans le dos du pied<br \/>\nRembourrage renforc\u00e9 dans la zone de marche<\/p>\n<p>Mi-bas confortables pour hommes et femmes, avec une largeur d'extension favorable aux veines au niveau de la ceinture et de la tige.<br \/>\nLes bas sont confortables sur la jambe et ne coupent pas.<br \/>\nLa pointe est minutieusement cousue \u00e0 la main et ne pr\u00e9sente donc pas de couture compressive, \u00e9galement recommand\u00e9e pour les diab\u00e9tiques. Qualit\u00e9 durable et durable, car une meilleure durabilit\u00e9 est garantie par le renforcement des talons, des pointes et de la zone de marche.<\/p>\n<p>Mati\u00e8re : 98% coton, 2% \u00e9lasthanne<br \/>\nConseils d'entretien : Lavage en machine<\/p>\n<p>couleur : noir<br \/>\n\u00c9chantillon : sans<br \/>\nTaille : 43-45<\/p>","protected":false},"excerpt":{"rendered":"<table class=\"dv_characteristicsTable\">\n<caption>MASSANGABE<\/caption>\n<tbody>\n<tr>\n<td class=\"left\">Taille<\/td>\n<td>3 (43\/44\/45)<\/td>\n<\/tr>\n<tr>\n<td class=\"left\">Gr\u00f6\u00dfentyp<\/td>\n<td>Sockengr\u00f6\u00dfe<\/td>\n<\/tr>\n<\/tbody>\n<\/table>\n<table class=\"dv_characteristicsTable\">\n<caption>PRODUKTDETAILS<\/caption>\n<tbody>\n<tr>\n<td class=\"left\">Conseils d'entretien<\/td>\n<td>Lavage en machine<\/td>\n<\/tr>\n<\/tbody>\n<\/table>\n<table class=\"dv_characteristicsTable\">\n<caption>MAT\u00c9RIEL<\/caption>\n<tbody>\n<tr>\n<td class=\"left\">Composition du mat\u00e9riau<\/td>\n<td>Obermaterial: 98% Baumwolle, 2% Elasthan<\/td>\n<\/tr>\n<\/tbody>\n<\/table>\n<table class=\"dv_characteristicsTable\">\n<caption>FARBE<\/caption>\n<tbody>\n<tr>\n<td class=\"left\">Couleur<\/td>\n<td>schwarz<\/td>\n<\/tr>\n<\/tbody>\n<\/table>","protected":false},"featured_media":80237,"comment_status":"open","ping_status":"closed","template":"","meta":{"_seopress_robots_primary_cat":"","_seopress_titles_title":"","_seopress_titles_desc":"","_seopress_robots_index":""},"product_brand":[],"product_cat":[1345,1348,1444,1549,1590,1591],"product_tag":[],"class_list":{"0":"post-80104","1":"product","2":"type-product","3":"status-publish","4":"has-post-thumbnail","6":"product_cat-herrenmode","7":"product_cat-damen-mode","8":"product_cat-unterwaesche","9":"product_cat-unterwaesche-herrenmode","10":"product_cat-socken","11":"product_cat-socken-unterwaesche-herrenmode","12":"product_shipping_class-standard-versand","14":"first","15":"instock","16":"taxable","17":"shipping-taxable","18":"purchasable","19":"product-type-simple"},"_links":{"self":[{"href":"https:\/\/www.soanam.de\/fr\/wp-json\/wp\/v2\/product\/80104","targetHints":{"allow":["GET"]}}],"collection":[{"href":"https:\/\/www.soanam.de\/fr\/wp-json\/wp\/v2\/product"}],"about":[{"href":"https:\/\/www.soanam.de\/fr\/wp-json\/wp\/v2\/types\/product"}],"replies":[{"embeddable":true,"href":"https:\/\/www.soanam.de\/fr\/wp-json\/wp\/v2\/comments?post=80104"}],"wp:featuredmedia":[{"embeddable":true,"href":"https:\/\/www.soanam.de\/fr\/wp-json\/wp\/v2\/media\/80237"}],"wp:attachment":[{"href":"https:\/\/www.soanam.de\/fr\/wp-json\/wp\/v2\/media?parent=80104"}],"wp:term":[{"taxonomy":"product_brand","embeddable":true,"href":"https:\/\/www.soanam.de\/fr\/wp-json\/wp\/v2\/product_brand?post=80104"},{"taxonomy":"product_cat","embeddable":true,"href":"https:\/\/www.soanam.de\/fr\/wp-json\/wp\/v2\/product_cat?post=80104"},{"taxonomy":"product_tag","embeddable":true,"href":"https:\/\/www.soanam.de\/fr\/wp-json\/wp\/v2\/product_tag?post=80104"}],"curies":[{"name":"wp","href":"https:\/\/api.w.org\/{rel}","templated":true}]}}