{"id":80061,"date":"2023-12-13T23:57:05","date_gmt":"2023-12-13T22:57:05","guid":{"rendered":"https:\/\/www.soanam.de\/?post_type=product&#038;p=80061"},"modified":"2023-12-14T00:01:57","modified_gmt":"2023-12-13T23:01:57","slug":"sympatico-teddyfleece-thermoleggings-en-noir-taille-l-xl","status":"publish","type":"product","link":"https:\/\/www.soanam.de\/fr\/produkt\/sympatico-teddyfleece-thermoleggings-in-schwarz-groesse-l-xl\/","title":{"rendered":"Sympatico Cale\u00e7on thermique en Teddyfleece, en noir, taille L\/XL"},"content":{"rendered":"<p>Leggings thermiques opaques et r\u00e9sistants<br \/>\nInt\u00e9rieur chaud et moelleux<br \/>\nEn polaire de nounours douillette<br \/>\nCeinture confortable et douce<\/p>\n<p>Le legging thermique opaque et r\u00e9sistant de Sympatico est le compagnon id\u00e9al des journ\u00e9es froides.<br \/>\nGr\u00e2ce \u00e0 la doublure \u00e9paisse en peluche, tu es parfaitement \u00e9quip\u00e9e pour les jours vraiment froids avec ces leggings pour femmes.<br \/>\nUne large ceinture en tricot c\u00f4tel\u00e9 ainsi que les poignets au bas des jambes, combin\u00e9s aux coutures de s\u00e9paration \u00e0 l'entrejambe, assurent un maintien super confortable.<\/p>\n<p>Mat\u00e9riau : polyester 100%<br \/>\nConseils d'entretien : Lavage en machine<\/p>\n<p>couleur : noir<br \/>\n\u00c9chantillon : sans<br \/>\nTaille : L\/XL<\/p>\n<p>Longueur d'entrejambe : 58cm<br \/>\nlongueur totale : 86cm<\/p>\n<p>Il s'agit pour ce nouvel article d'un retour client sans \u00e9tiquette.<\/p>","protected":false},"excerpt":{"rendered":"<table class=\"dv_characteristicsTable\">\n<tbody>\n<tr>\n<td class=\"left\">Taille<\/td>\n<td>L\/XL<\/td>\n<\/tr>\n<tr>\n<td class=\"left\">Gr\u00f6\u00dfentyp<\/td>\n<td>Normalgr\u00f6\u00dfen<\/td>\n<\/tr>\n<tr>\n<td class=\"left\">Composition du mat\u00e9riau<\/td>\n<td>Dessus : 100% polyester<\/td>\n<\/tr>\n<tr>\n<td class=\"left\">Conseils d'entretien<\/td>\n<td>Lavage en machine<\/td>\n<\/tr>\n<tr>\n<td class=\"left\">Optik<\/td>\n<td>unifarben<\/td>\n<\/tr>\n<tr>\n<td class=\"left\">Stil<\/td>\n<td>Basic<\/td>\n<\/tr>\n<tr>\n<td class=\"left\">Couleur<\/td>\n<td>schwarz<\/td>\n<\/tr>\n<tr>\n<td class=\"left\">Leibh\u00f6he<\/td>\n<td>hoch<\/td>\n<\/tr>\n<tr>\n<td class=\"left\">Bundabschluss<\/td>\n<td>breiter Bund<\/td>\n<\/tr>\n<tr>\n<td class=\"left\">Beinabschluss<\/td>\n<td>abgerundeter Saum<\/td>\n<\/tr>\n<tr>\n<td class=\"left\">Beinform<\/td>\n<td>gerade<\/td>\n<\/tr>\n<tr>\n<td class=\"left\">Coupe<\/td>\n<td>figurbetont<\/td>\n<\/tr>\n<tr>\n<td class=\"left\">Schnittdetails<\/td>\n<td>Taillenn\u00e4hte<\/td>\n<\/tr>\n<tr>\n<td class=\"left\">Schnittform L\u00e4nge<\/td>\n<td>lang<\/td>\n<\/tr>\n<tr>\n<td class=\"left\">Besondere Merkmale<\/td>\n<td>mit Innenfutter aus Teddyfleece<\/td>\n<\/tr>\n<\/tbody>\n<\/table>","protected":false},"featured_media":80210,"comment_status":"open","ping_status":"closed","template":"","meta":{"_seopress_robots_primary_cat":"","_seopress_titles_title":"","_seopress_titles_desc":"","_seopress_robots_index":""},"product_brand":[],"product_cat":[1348,1444,1445,1453],"product_tag":[],"class_list":{"0":"post-80061","1":"product","2":"type-product","3":"status-publish","4":"has-post-thumbnail","6":"product_cat-damen-mode","7":"product_cat-unterwaesche","8":"product_cat-strumpfhosen","9":"product_cat-leggings","10":"product_shipping_class-standard-versand","12":"first","13":"instock","14":"sale","15":"taxable","16":"shipping-taxable","17":"purchasable","18":"product-type-simple"},"_links":{"self":[{"href":"https:\/\/www.soanam.de\/fr\/wp-json\/wp\/v2\/product\/80061","targetHints":{"allow":["GET"]}}],"collection":[{"href":"https:\/\/www.soanam.de\/fr\/wp-json\/wp\/v2\/product"}],"about":[{"href":"https:\/\/www.soanam.de\/fr\/wp-json\/wp\/v2\/types\/product"}],"replies":[{"embeddable":true,"href":"https:\/\/www.soanam.de\/fr\/wp-json\/wp\/v2\/comments?post=80061"}],"wp:featuredmedia":[{"embeddable":true,"href":"https:\/\/www.soanam.de\/fr\/wp-json\/wp\/v2\/media\/80210"}],"wp:attachment":[{"href":"https:\/\/www.soanam.de\/fr\/wp-json\/wp\/v2\/media?parent=80061"}],"wp:term":[{"taxonomy":"product_brand","embeddable":true,"href":"https:\/\/www.soanam.de\/fr\/wp-json\/wp\/v2\/product_brand?post=80061"},{"taxonomy":"product_cat","embeddable":true,"href":"https:\/\/www.soanam.de\/fr\/wp-json\/wp\/v2\/product_cat?post=80061"},{"taxonomy":"product_tag","embeddable":true,"href":"https:\/\/www.soanam.de\/fr\/wp-json\/wp\/v2\/product_tag?post=80061"}],"curies":[{"name":"wp","href":"https:\/\/api.w.org\/{rel}","templated":true}]}}