{"id":80038,"date":"2023-12-13T23:56:22","date_gmt":"2023-12-13T22:56:22","guid":{"rendered":"https:\/\/www.soanam.de\/?post_type=product&#038;p=80038"},"modified":"2023-12-14T00:01:38","modified_gmt":"2023-12-13T23:01:38","slug":"adidas-3-4-tights-avec-graphisme-alphaskin-en-noir-taille-s","status":"publish","type":"product","link":"https:\/\/www.soanam.de\/fr\/produkt\/adidas-3-4-tights-mit-alphaskin-grafik-in-schwarz-groesse-s\/","title":{"rendered":"Collant 3\/4 adidas avec graphisme Alphaskin, en noir, taille S"},"content":{"rendered":"<p>Leggings de sport avec une large taille \u00e9lastique<br \/>\nCoupe \u00e9troite et confortable<br \/>\nEn 3\/4 de longueur<br \/>\nLogo imprim\u00e9 sur le c\u00f4t\u00e9<br \/>\nTechnologie Alphaskin<br \/>\nprotection UV-50<br \/>\ngousset en mesh et inserts en mesh \u00e0 l'int\u00e9rieur des jambes<\/p>\n<p>Ce collant d'entra\u00eenement adidas r\u00e9gule la temp\u00e9rature pour une meilleure performance.<br \/>\nLe tissu absorbe l'humidit\u00e9 et les inserts en mesh permettent \u00e0 l'air de circuler.<br \/>\nL'effet de compression maintient vos muscles en place.<br \/>\nLe logo imprim\u00e9 sur le c\u00f4t\u00e9 donne un aspect attrayant.<\/p>\n<p>Mati\u00e8re : 83 % polyester, 17 % \u00e9lasthanne<br \/>\nConseils d'entretien : Lavage en machine<\/p>\n<p>couleur : noir<br \/>\nMotif : Graphisme Alphaskin<br \/>\nTaille : S<\/p>\n<p>Tour de taille : 59m<br \/>\nTour de hanches : 73cm<br \/>\nLongueur d'entrejambe : 54cm<br \/>\nlongueur totale : 75cm<\/p>","protected":false},"excerpt":{"rendered":"<p>Mati\u00e8re : 83 % polyester, 17 % \u00e9lasthanne<br \/>\nConseils d'entretien : Lavage en machine<\/p>\n<p>couleur : noir<br \/>\nMotif : Graphisme Alphaskin<br \/>\nTaille : S<\/p>","protected":false},"featured_media":80193,"comment_status":"open","ping_status":"closed","template":"","meta":{"_seopress_robots_primary_cat":"","_seopress_titles_title":"","_seopress_titles_desc":"","_seopress_robots_index":""},"product_brand":[],"product_cat":[1345,1365,1366],"product_tag":[],"class_list":{"0":"post-80038","1":"product","2":"type-product","3":"status-publish","4":"has-post-thumbnail","6":"product_cat-herrenmode","7":"product_cat-sportbekleidung","8":"product_cat-sonstiges","9":"product_shipping_class-standard-versand","11":"first","12":"instock","13":"taxable","14":"shipping-taxable","15":"purchasable","16":"product-type-simple"},"_links":{"self":[{"href":"https:\/\/www.soanam.de\/fr\/wp-json\/wp\/v2\/product\/80038","targetHints":{"allow":["GET"]}}],"collection":[{"href":"https:\/\/www.soanam.de\/fr\/wp-json\/wp\/v2\/product"}],"about":[{"href":"https:\/\/www.soanam.de\/fr\/wp-json\/wp\/v2\/types\/product"}],"replies":[{"embeddable":true,"href":"https:\/\/www.soanam.de\/fr\/wp-json\/wp\/v2\/comments?post=80038"}],"wp:featuredmedia":[{"embeddable":true,"href":"https:\/\/www.soanam.de\/fr\/wp-json\/wp\/v2\/media\/80193"}],"wp:attachment":[{"href":"https:\/\/www.soanam.de\/fr\/wp-json\/wp\/v2\/media?parent=80038"}],"wp:term":[{"taxonomy":"product_brand","embeddable":true,"href":"https:\/\/www.soanam.de\/fr\/wp-json\/wp\/v2\/product_brand?post=80038"},{"taxonomy":"product_cat","embeddable":true,"href":"https:\/\/www.soanam.de\/fr\/wp-json\/wp\/v2\/product_cat?post=80038"},{"taxonomy":"product_tag","embeddable":true,"href":"https:\/\/www.soanam.de\/fr\/wp-json\/wp\/v2\/product_tag?post=80038"}],"curies":[{"name":"wp","href":"https:\/\/api.w.org\/{rel}","templated":true}]}}