{"id":79996,"date":"2023-12-13T23:55:32","date_gmt":"2023-12-13T22:55:32","guid":{"rendered":"https:\/\/www.soanam.de\/?post_type=product&#038;p=79996"},"modified":"2024-10-21T09:37:03","modified_gmt":"2024-10-21T07:37:03","slug":"only-onlbella-live-love-leggings-en-leo-taille-m","status":"publish","type":"product","link":"https:\/\/www.soanam.de\/fr\/produkt\/only-onlbella-live-love-leggings-in-leo-groesse-m\/","title":{"rendered":"ONLY ONLBELLA LIVE LOVE Leggings, en l\u00e9opard, taille M"},"content":{"rendered":"<p>Leggings de Only<br \/>\nAvec imprim\u00e9 animalier<br \/>\nAvec une large ceinture \u00e9lastique<br \/>\nEn m\u00e9lange de coton \u00e9lastique<\/p>\n<p>Les leggings de ONLY ONLBELLA LIVE LOVE sont fabriqu\u00e9s dans un m\u00e9lange de coton et d'\u00e9lasthanne qui est agr\u00e9able sur la peau et suit tous les mouvements.<br \/>\nElle a une coupe moulante avec une taille \u00e9lastique et un motif allover \u00e0 l'imprim\u00e9 animalier.<\/p>\n<p>Mati\u00e8re : 95% coton, 5% \u00e9lasthanne<br \/>\nConseils d'entretien : Lavage en machine<\/p>\n<p>Couleur : noir, l\u00e9o<br \/>\nmotif : imprim\u00e9 animalier<br \/>\nTaille : M<\/p>\n<p>Tour de taille : 69cm<br \/>\nTour de hanches : 78cm<br \/>\nLongueur d'entrejambe : 74cm<br \/>\nlongueur totale : 100cm<\/p>","protected":false},"excerpt":{"rendered":"<table class=\"dv_characteristicsTable\">\n<tbody>\n<tr>\n<td class=\"left\">Taille<\/td>\n<td>M<\/td>\n<\/tr>\n<tr>\n<td class=\"left\">Gr\u00f6\u00dfentyp<\/td>\n<td>Normalgr\u00f6\u00dfen<\/td>\n<\/tr>\n<tr>\n<td class=\"left\">Composition du mat\u00e9riau<\/td>\n<td>Obermaterial: 95% Baumwolle, 5% Elasthan<\/td>\n<\/tr>\n<tr>\n<td class=\"left\">Materialart<\/td>\n<td>Jersey<\/td>\n<\/tr>\n<tr>\n<td class=\"left\">Materialeigenschaften<\/td>\n<td>elastisch<\/td>\n<\/tr>\n<tr>\n<td class=\"left\">Conseils d'entretien<\/td>\n<td>Lavage en machine<\/td>\n<\/tr>\n<tr>\n<td class=\"left\">Optik<\/td>\n<td>Animalprint<\/td>\n<\/tr>\n<tr>\n<td class=\"left\">Stil<\/td>\n<td>Basic<\/td>\n<\/tr>\n<tr>\n<td class=\"left\">Herstellerfarbbezeichnung<\/td>\n<td>schwarz, leo<\/td>\n<\/tr>\n<tr>\n<td class=\"left\">Couleur<\/td>\n<td>schwarz, leo<\/td>\n<\/tr>\n<tr>\n<td class=\"left\">Coupe<\/td>\n<td>sehr figurbetont<\/td>\n<\/tr>\n<tr>\n<td class=\"left\">Verschluss<\/td>\n<td>Gummizug<\/td>\n<\/tr>\n<\/tbody>\n<\/table>","protected":false},"featured_media":80162,"comment_status":"open","ping_status":"closed","template":"","meta":{"_seopress_robots_primary_cat":"","_seopress_titles_title":"","_seopress_titles_desc":"","_seopress_robots_index":""},"product_brand":[],"product_cat":[1348,1402,1589],"product_tag":[],"class_list":{"0":"post-79996","1":"product","2":"type-product","3":"status-publish","4":"has-post-thumbnail","6":"product_cat-damen-mode","7":"product_cat-sportbekleidung-damen-mode","8":"product_cat-leggings-sportbekleidung-damen-mode","9":"product_shipping_class-standard-versand","11":"first","12":"outofstock","13":"taxable","14":"shipping-taxable","15":"purchasable","16":"product-type-simple"},"_links":{"self":[{"href":"https:\/\/www.soanam.de\/fr\/wp-json\/wp\/v2\/product\/79996","targetHints":{"allow":["GET"]}}],"collection":[{"href":"https:\/\/www.soanam.de\/fr\/wp-json\/wp\/v2\/product"}],"about":[{"href":"https:\/\/www.soanam.de\/fr\/wp-json\/wp\/v2\/types\/product"}],"replies":[{"embeddable":true,"href":"https:\/\/www.soanam.de\/fr\/wp-json\/wp\/v2\/comments?post=79996"}],"wp:featuredmedia":[{"embeddable":true,"href":"https:\/\/www.soanam.de\/fr\/wp-json\/wp\/v2\/media\/80162"}],"wp:attachment":[{"href":"https:\/\/www.soanam.de\/fr\/wp-json\/wp\/v2\/media?parent=79996"}],"wp:term":[{"taxonomy":"product_brand","embeddable":true,"href":"https:\/\/www.soanam.de\/fr\/wp-json\/wp\/v2\/product_brand?post=79996"},{"taxonomy":"product_cat","embeddable":true,"href":"https:\/\/www.soanam.de\/fr\/wp-json\/wp\/v2\/product_cat?post=79996"},{"taxonomy":"product_tag","embeddable":true,"href":"https:\/\/www.soanam.de\/fr\/wp-json\/wp\/v2\/product_tag?post=79996"}],"curies":[{"name":"wp","href":"https:\/\/api.w.org\/{rel}","templated":true}]}}