{"id":79995,"date":"2023-12-13T23:55:32","date_gmt":"2023-12-13T22:55:32","guid":{"rendered":"https:\/\/www.soanam.de\/?post_type=product&#038;p=79995"},"modified":"2023-12-14T00:00:30","modified_gmt":"2023-12-13T23:00:30","slug":"lascana-active-leggings-avec-impressions-reflechissantes-en-noir-taille-32-34","status":"publish","type":"product","link":"https:\/\/www.soanam.de\/fr\/produkt\/lascana-active-leggings-mit-reflektorprint-in-schwarz-groesse-32-34\/","title":{"rendered":"LASCANA ACTIVE Leggings avec imprim\u00e9 r\u00e9fl\u00e9chissant, en noir, taille 32\/34"},"content":{"rendered":"<p>Leggings de LASCANA ACTIVE<br \/>\nAvec impression de r\u00e9flecteur optique<br \/>\nAvec une large ceinture \u00e9lastique<br \/>\nAvec poche pour t\u00e9l\u00e9phone portable<br \/>\nD\u00e9tail du logo r\u00e9fl\u00e9chissant<br \/>\nEn m\u00e9lange de coton \u00e9lastique<\/p>\n<p>Tandis que la taille haute et moulante raffermit optiquement et assure ainsi une silhouette flatteuse, la qualit\u00e9 du jersey soutient chacun de tes mouvements.<br \/>\nLe design est vraiment personnalis\u00e9 gr\u00e2ce \u00e0 l'impression r\u00e9fl\u00e9chissante optique qui s'enroule sur les jambes du pantalon. Une poche pour t\u00e9l\u00e9phone portable allie l'esth\u00e9tique \u00e0 la fonctionnalit\u00e9.<\/p>\n<p>Mati\u00e8re : 92% coton , 8% \u00e9lasthanne<br \/>\nConseils d'entretien : Lavage en machine<\/p>\n<p>couleur : noir<br \/>\nmotif : imprim\u00e9 r\u00e9fl\u00e9chissant<br \/>\nTaille : 32\/34<\/p>\n<p>Tour de taille : 78cm<br \/>\nTour de hanches : 84cm<br \/>\nLongueur d'entrejambe : 69cm<br \/>\nlongueur totale : 92cm<\/p>","protected":false},"excerpt":{"rendered":"<table class=\"dv_characteristicsTable\">\n<tbody>\n<tr>\n<td class=\"left\">Taille<\/td>\n<td>32\/34<\/td>\n<\/tr>\n<tr>\n<td class=\"left\">Gr\u00f6\u00dfentyp<\/td>\n<td>Normalgr\u00f6\u00dfen<\/td>\n<\/tr>\n<tr>\n<td class=\"left\">Composition du mat\u00e9riau<\/td>\n<td>Obermaterial: 92% Baumwolle\u00a0, 8% Elasthan<\/td>\n<\/tr>\n<tr>\n<td class=\"left\">Materialeigenschaften<\/td>\n<td>elastisch, atmungsaktiv, schnell trocknend<\/td>\n<\/tr>\n<tr>\n<td class=\"left\">Conseils d'entretien<\/td>\n<td>Lavage en machine<\/td>\n<\/tr>\n<tr>\n<td class=\"left\">Optik<\/td>\n<td>unifarben<\/td>\n<\/tr>\n<tr>\n<td class=\"left\">Stil<\/td>\n<td>sportlich<\/td>\n<\/tr>\n<tr>\n<td class=\"left\">Couleur<\/td>\n<td>schwarz<\/td>\n<\/tr>\n<tr>\n<td class=\"left\">Leibh\u00f6he<\/td>\n<td>normal<\/td>\n<\/tr>\n<tr>\n<td class=\"left\">Bundabschluss<\/td>\n<td>breiter Bund<\/td>\n<\/tr>\n<tr>\n<td class=\"left\">Beinabschluss<\/td>\n<td>abgerundeter Saum<\/td>\n<\/tr>\n<tr>\n<td class=\"left\">Beinform<\/td>\n<td>schmal<\/td>\n<\/tr>\n<tr>\n<td class=\"left\">Coupe<\/td>\n<td>figurbetont<\/td>\n<\/tr>\n<tr>\n<td class=\"left\">Schnittform L\u00e4nge<\/td>\n<td>lang<\/td>\n<\/tr>\n<tr>\n<td class=\"left\">Applikationen<\/td>\n<td>Logodruck, reflektierende Details<\/td>\n<\/tr>\n<tr>\n<td class=\"left\">Sacs<\/td>\n<td>Handytasche, Au\u00dfentasche<\/td>\n<\/tr>\n<tr>\n<td class=\"left\">Besondere Merkmale<\/td>\n<td>mit reflektierende Details und Handytasche<\/td>\n<\/tr>\n<tr>\n<td class=\"left\">Sportart<\/td>\n<td>Fitness, Laufen, Yoga<\/td>\n<\/tr>\n<\/tbody>\n<\/table>","protected":false},"featured_media":80153,"comment_status":"open","ping_status":"closed","template":"","meta":{"_seopress_robots_primary_cat":"","_seopress_titles_title":"","_seopress_titles_desc":"","_seopress_robots_index":""},"product_brand":[],"product_cat":[1348,1402,1589],"product_tag":[],"class_list":{"0":"post-79995","1":"product","2":"type-product","3":"status-publish","4":"has-post-thumbnail","6":"product_cat-damen-mode","7":"product_cat-sportbekleidung-damen-mode","8":"product_cat-leggings-sportbekleidung-damen-mode","9":"product_shipping_class-standard-versand","11":"first","12":"instock","13":"taxable","14":"shipping-taxable","15":"purchasable","16":"product-type-simple"},"_links":{"self":[{"href":"https:\/\/www.soanam.de\/fr\/wp-json\/wp\/v2\/product\/79995","targetHints":{"allow":["GET"]}}],"collection":[{"href":"https:\/\/www.soanam.de\/fr\/wp-json\/wp\/v2\/product"}],"about":[{"href":"https:\/\/www.soanam.de\/fr\/wp-json\/wp\/v2\/types\/product"}],"replies":[{"embeddable":true,"href":"https:\/\/www.soanam.de\/fr\/wp-json\/wp\/v2\/comments?post=79995"}],"wp:featuredmedia":[{"embeddable":true,"href":"https:\/\/www.soanam.de\/fr\/wp-json\/wp\/v2\/media\/80153"}],"wp:attachment":[{"href":"https:\/\/www.soanam.de\/fr\/wp-json\/wp\/v2\/media?parent=79995"}],"wp:term":[{"taxonomy":"product_brand","embeddable":true,"href":"https:\/\/www.soanam.de\/fr\/wp-json\/wp\/v2\/product_brand?post=79995"},{"taxonomy":"product_cat","embeddable":true,"href":"https:\/\/www.soanam.de\/fr\/wp-json\/wp\/v2\/product_cat?post=79995"},{"taxonomy":"product_tag","embeddable":true,"href":"https:\/\/www.soanam.de\/fr\/wp-json\/wp\/v2\/product_tag?post=79995"}],"curies":[{"name":"wp","href":"https:\/\/api.w.org\/{rel}","templated":true}]}}