{"id":79966,"date":"2023-12-13T23:55:03","date_gmt":"2023-12-13T22:55:03","guid":{"rendered":"https:\/\/www.soanam.de\/?post_type=product&#038;p=79966"},"modified":"2023-12-13T23:57:54","modified_gmt":"2023-12-13T22:57:54","slug":"arizona-leggings-en-pack-de-2-avec-bandes-laterales-anthracite-chine-prune-taille-40-42","status":"publish","type":"product","link":"https:\/\/www.soanam.de\/fr\/produkt\/arizona-leggings-im-2er-pack-mit-seitenstreifen-in-anthrazit-meliert-pflaume-groesse-40-42\/","title":{"rendered":"Leggings Arizona en pack de 2, avec bandes lat\u00e9rales, anthracite chin\u00e9, prune, taille 40\/42"},"content":{"rendered":"<p>Leggings d'Arizone en pack de deux<br \/>\nAvec des bandes lat\u00e9rales de couleur contrast\u00e9e<br \/>\nForme \u00e9troite avec des bordures aux ourlets<br \/>\nAvec une taille de pantalon \u00e9lastique<br \/>\nPlaque de marque en m\u00e9tal<br \/>\nM\u00e9lange de coton doux<\/p>\n<p>Les leggings d'Arizona se pr\u00e9sentent sous la forme d'un double pack pratique.<br \/>\nAvec leur taille \u00e9lastique, les poignets aux extr\u00e9mit\u00e9s des jambes et leur qualit\u00e9 douce, les collants promettent un grand confort et une grande libert\u00e9 de mouvement.<br \/>\nGr\u00e2ce \u00e0 la large bande contrast\u00e9e sur les c\u00f4t\u00e9s, le mod\u00e8le a en outre un look tr\u00e8s tendance.<\/p>\n<p>Mati\u00e8re : 55% coton , 40% polyester, 5% \u00e9lasthanne. Gris : 85% coton , 10% polyester, 5% \u00e9lasthanne<br \/>\nConseils d'entretien : Lavage en machine<\/p>\n<p>Couleur : anthracite, chin\u00e9 \/ prune<br \/>\nmotif : bandes lat\u00e9rales<br \/>\nTaille : 40\/42<\/p>\n<p>Tour de taille : 74cm<br \/>\nTour de hanches : 98cm<br \/>\nLongueur d'entrejambe : 70cm<br \/>\nlongueur totale : 98cm<\/p>\n<p>Il s'agit pour ce nouvel article d'un retour client sans \u00e9tiquette.<\/p>","protected":false},"excerpt":{"rendered":"<table class=\"dv_characteristicsTable\">\n<tbody>\n<tr>\n<td class=\"left\">Taille<\/td>\n<td>40\/42<\/td>\n<\/tr>\n<tr>\n<td class=\"left\">Gr\u00f6\u00dfentyp<\/td>\n<td>Normalgr\u00f6\u00dfen<\/td>\n<\/tr>\n<tr>\n<td class=\"left\">Composition du mat\u00e9riau<\/td>\n<td>Obermaterial: 55% Baumwolle\u00a0, 40% Polyester, 5% Elasthan. Graumeliert (Obermaterial): 85% Baumwolle\u00a0, 10% Polyester, 5% Elasthan<\/td>\n<\/tr>\n<tr>\n<td class=\"left\">Conseils d'entretien<\/td>\n<td>Lavage en machine<\/td>\n<\/tr>\n<tr>\n<td class=\"left\">Optik<\/td>\n<td>unifarben mit Farbeinsatz<\/td>\n<\/tr>\n<tr>\n<td class=\"left\">Stil<\/td>\n<td>Basic<\/td>\n<\/tr>\n<tr>\n<td class=\"left\">Couleur<\/td>\n<td>anthrazit, meliert<\/td>\n<\/tr>\n<tr>\n<td class=\"left\">Farbe Packst\u00fcck 2<\/td>\n<td>pflaume<\/td>\n<\/tr>\n<tr>\n<td class=\"left\">Leibh\u00f6he<\/td>\n<td>normal<\/td>\n<\/tr>\n<tr>\n<td class=\"left\">Bundabschluss<\/td>\n<td>B\u00fcndchen<\/td>\n<\/tr>\n<tr>\n<td class=\"left\">Beinabschluss<\/td>\n<td>B\u00fcndchen<\/td>\n<\/tr>\n<tr>\n<td class=\"left\">Coupe<\/td>\n<td>bequem<\/td>\n<\/tr>\n<tr>\n<td class=\"left\">Schnittform L\u00e4nge<\/td>\n<td>lang<\/td>\n<\/tr>\n<tr>\n<td class=\"left\">Applikationen<\/td>\n<td>Kontraststreifen<\/td>\n<\/tr>\n<tr>\n<td class=\"left\">Besondere Merkmale<\/td>\n<td>mit breitem Streifen<\/td>\n<\/tr>\n<\/tbody>\n<\/table>","protected":false},"featured_media":80080,"comment_status":"open","ping_status":"closed","template":"","meta":{"_seopress_robots_primary_cat":"","_seopress_titles_title":"","_seopress_titles_desc":"","_seopress_robots_index":""},"product_brand":[],"product_cat":[1348,1402,1453,1589],"product_tag":[],"class_list":{"0":"post-79966","1":"product","2":"type-product","3":"status-publish","4":"has-post-thumbnail","6":"product_cat-damen-mode","7":"product_cat-sportbekleidung-damen-mode","8":"product_cat-leggings","9":"product_cat-leggings-sportbekleidung-damen-mode","10":"product_shipping_class-standard-versand","12":"first","13":"instock","14":"sale","15":"taxable","16":"shipping-taxable","17":"purchasable","18":"product-type-simple"},"_links":{"self":[{"href":"https:\/\/www.soanam.de\/fr\/wp-json\/wp\/v2\/product\/79966","targetHints":{"allow":["GET"]}}],"collection":[{"href":"https:\/\/www.soanam.de\/fr\/wp-json\/wp\/v2\/product"}],"about":[{"href":"https:\/\/www.soanam.de\/fr\/wp-json\/wp\/v2\/types\/product"}],"replies":[{"embeddable":true,"href":"https:\/\/www.soanam.de\/fr\/wp-json\/wp\/v2\/comments?post=79966"}],"wp:featuredmedia":[{"embeddable":true,"href":"https:\/\/www.soanam.de\/fr\/wp-json\/wp\/v2\/media\/80080"}],"wp:attachment":[{"href":"https:\/\/www.soanam.de\/fr\/wp-json\/wp\/v2\/media?parent=79966"}],"wp:term":[{"taxonomy":"product_brand","embeddable":true,"href":"https:\/\/www.soanam.de\/fr\/wp-json\/wp\/v2\/product_brand?post=79966"},{"taxonomy":"product_cat","embeddable":true,"href":"https:\/\/www.soanam.de\/fr\/wp-json\/wp\/v2\/product_cat?post=79966"},{"taxonomy":"product_tag","embeddable":true,"href":"https:\/\/www.soanam.de\/fr\/wp-json\/wp\/v2\/product_tag?post=79966"}],"curies":[{"name":"wp","href":"https:\/\/api.w.org\/{rel}","templated":true}]}}