{"id":79947,"date":"2023-12-13T23:54:41","date_gmt":"2023-12-13T22:54:41","guid":{"rendered":"https:\/\/www.soanam.de\/?post_type=product&#038;p=79947"},"modified":"2023-12-13T23:57:46","modified_gmt":"2023-12-13T22:57:46","slug":"coque-semi-rigide-en-silicone-pour-google-pixel-5-avec-design-soft-touch-rouge-2-verre-blinde","status":"publish","type":"product","link":"https:\/\/www.soanam.de\/fr\/produkt\/halbsteife-silikon-handyhuelle-fuer-google-pixel-5-schutzhuelle-mit-soft-touch-design-rot-2-panzerglass\/","title":{"rendered":"Housse semi-rigide en silicone pour Google Pixel 5, Housse de protection avec design soft-touch - Rouge + 2 verres blind\u00e9s"},"content":{"rendered":"<h3>Description<\/h3>\n<p>Prot\u00e9gez parfaitement votre Google Pixel 5 gr\u00e2ce \u00e0 cette coque. Fabriqu\u00e9e en silicone semi-rigide de haute qualit\u00e9, elle offre \u00e0 votre smartphone une excellente protection contre les chocs et les rayures du quotidien. Le dos mat prot\u00e8ge votre smartphone des traces de doigts. L'int\u00e9rieur Soft-Touch est \u00e9galement doux et prot\u00e8ge l'arri\u00e8re de votre Google Pixel 5 des rayures et de la poussi\u00e8re.<\/p>\n<p><strong>Caract\u00e9ristiques<\/strong><\/p>\n<p>Etui en silicone pour t\u00e9l\u00e9phone portable fabriqu\u00e9 pour Google Pixel 5<br \/>\nProt\u00e8ge votre smartphone contre les chocs quotidiens, les chutes et les rayures.<br \/>\nverso mat, prot\u00e8ge des traces de doigts, int\u00e9rieur soft touch prot\u00e8ge des rayures<br \/>\nL'\u00e9tui est disponible en diff\u00e9rentes couleurs. Un accessoire indispensable pour votre smartphone !<br \/>\nAcc\u00e8s facile \u00e0 tous les ports et fonctions importants<br \/>\nFacile \u00e0 saisir et confortable \u00e0 tenir<br \/>\nDonne un look tendance \u00e0 ton smartphone<br \/>\nLa solution de protection parfaite pour votre smartphone.<\/p>","protected":false},"excerpt":{"rendered":"<h3>Caract\u00e9ristiques de l'article<\/h3>\n<p>\u00c9tat de l'article : Nouveau avec \u00e9tiquette : article neuf, non utilis\u00e9 et non port\u00e9 dans son emballage d'origine<\/p>\n<p><strong>Donn\u00e9es techniques<\/strong><\/p>\n<p>OE-Referenznummer: BACK-FAST-RD-PXL5<br \/>\nMarke: Weycolor<br \/>\nCouleur : rouge<br \/>\nLieferumfang: 1x Soft Touch Schutzh\u00fclle<br \/>\nSonderfunktionen: Sch\u00fctzend<br \/>\nMaterial: Silikongel<br \/>\nKompatibilit\u00e4t des Produkts: Google Pixel 5<\/p>","protected":false},"featured_media":80068,"comment_status":"open","ping_status":"closed","template":"","meta":{"_seopress_robots_primary_cat":"","_seopress_titles_title":"","_seopress_titles_desc":"","_seopress_robots_index":""},"product_brand":[],"product_cat":[1730],"product_tag":[],"class_list":{"0":"post-79947","1":"product","2":"type-product","3":"status-publish","4":"has-post-thumbnail","6":"product_cat-sonstiges-2","7":"product_shipping_class-standard-versand","9":"first","10":"instock","11":"sale","12":"taxable","13":"shipping-taxable","14":"purchasable","15":"product-type-simple"},"_links":{"self":[{"href":"https:\/\/www.soanam.de\/fr\/wp-json\/wp\/v2\/product\/79947","targetHints":{"allow":["GET"]}}],"collection":[{"href":"https:\/\/www.soanam.de\/fr\/wp-json\/wp\/v2\/product"}],"about":[{"href":"https:\/\/www.soanam.de\/fr\/wp-json\/wp\/v2\/types\/product"}],"replies":[{"embeddable":true,"href":"https:\/\/www.soanam.de\/fr\/wp-json\/wp\/v2\/comments?post=79947"}],"wp:featuredmedia":[{"embeddable":true,"href":"https:\/\/www.soanam.de\/fr\/wp-json\/wp\/v2\/media\/80068"}],"wp:attachment":[{"href":"https:\/\/www.soanam.de\/fr\/wp-json\/wp\/v2\/media?parent=79947"}],"wp:term":[{"taxonomy":"product_brand","embeddable":true,"href":"https:\/\/www.soanam.de\/fr\/wp-json\/wp\/v2\/product_brand?post=79947"},{"taxonomy":"product_cat","embeddable":true,"href":"https:\/\/www.soanam.de\/fr\/wp-json\/wp\/v2\/product_cat?post=79947"},{"taxonomy":"product_tag","embeddable":true,"href":"https:\/\/www.soanam.de\/fr\/wp-json\/wp\/v2\/product_tag?post=79947"}],"curies":[{"name":"wp","href":"https:\/\/api.w.org\/{rel}","templated":true}]}}