{"id":79944,"date":"2023-12-13T23:54:40","date_gmt":"2023-12-13T22:54:40","guid":{"rendered":"https:\/\/www.soanam.de\/?post_type=product&#038;p=79944"},"modified":"2023-12-13T23:57:03","modified_gmt":"2023-12-13T22:57:03","slug":"leatherman-wave-plus-multi-tool-loutil-multifonctionnel-legendaire-avec-18-outils-et-un-etui-en-nylon","status":"publish","type":"product","link":"https:\/\/www.soanam.de\/fr\/produkt\/leatherman-wave-plus-multi-tool-das-legendaere-multifunktionswerkzeug-mit-18-tools-mit-nylon-holster\/","title":{"rendered":"LEATHERMAN - Wave Plus Multi-Tool, l'outil multifonctionnel l\u00e9gendaire avec 18 outils, avec \u00e9tui en nylon"},"content":{"rendered":"<h3>Description<\/h3>\n<p>PR\u00caT \u00c0 TOUT : Le Wave est notre outil multifonctionnel le plus populaire. Nous l'avons \u00e9quip\u00e9 de coupe-fil interchangeables de haute qualit\u00e9 pour qu'il puisse effectuer les t\u00e2ches les plus difficiles pendant de nombreuses ann\u00e9es.<\/p>\n<p>PLUSIEURS FONCTIONS : Diverses pinces, coupe-fil interchangeable, une lame \u00e0 d\u00e9nuder, un couteau, une scie, des ciseaux, une r\u00e8gle, un ouvre-bo\u00eete et un d\u00e9capsuleur, une lime et un tournevis.<\/p>\n<p>PRATIQUE : Tu as parfois besoin d'avoir une main libre. Le Wave peut \u00eatre utilis\u00e9 confortablement d'une seule main. Tous les outils peuvent \u00eatre ouverts et ferm\u00e9s d'une seule main. Et avec les fonctions de verrouillage, tu as toujours un sentiment de s\u00e9curit\u00e9 lorsque tu travailles.<\/p>\n<p>TOUJOURS \u00c0 POIGN\u00c9E : gr\u00e2ce \u00e0 sa taille compacte et \u00e0 son design l\u00e9ger, tu peux pratiquement glisser ton Wave Plus dans ta poche - tu l'auras toujours \u00e0 port\u00e9e de main.<\/p>\n<p>GARANTI : Notre garantie de 25 ans assure que ton Leatherman te fournira un service fiable pendant de nombreuses ann\u00e9es. Il suffit de le renvoyer et nous le r\u00e9parerons. Tous les outils multi-usages Leatherman sont fabriqu\u00e9s \u00e0 Portland, Oregon\/USA.<\/p>\n<p>Principales caract\u00e9ristiques :<\/p>\n<p>- Outils verrouillables<br \/>\n- Fonctions ext\u00e9rieures<br \/>\n- Utilisable d'une seule main<\/p>\n<p>TOOLS (18 fonctions)<br \/>\n- Pince \u00e0 bec effil\u00e9<br \/>\n- Pince normale<br \/>\n- Coupe-fil interchangeable<br \/>\n- Coupe-fil dur interchangeable<br \/>\n- Pince \u00e0 sertir<br \/>\n- Lame \u00e0 d\u00e9nuder<br \/>\n- couteau 420HC<br \/>\n- lame ondul\u00e9e en 420HC<br \/>\n- Scie<br \/>\n- Ciseaux avec actionnement par ressort<br \/>\n- R\u00e8gle (19 cm)<br \/>\n- Ouvre-bo\u00eete<br \/>\n- D\u00e9capsuleur<br \/>\n- Lime \u00e0 bois\/m\u00e9tal<br \/>\n- Lime \u00e0 rev\u00eatement diamant\u00e9<br \/>\n- Grand porte-embouts I<br \/>\n- Petit porte-embout<br \/>\n- Tournevis moyen<\/p>","protected":false},"excerpt":{"rendered":"<h3>Caract\u00e9ristiques de l'article<\/h3>\n<p>\u00c9tat de l'article : Nouveau avec \u00e9tiquette : article neuf, non utilis\u00e9 et non port\u00e9 dans son emballage d'origine<\/p>\n<p>Technische Details<\/p>\n<table border=\"0\" frame=\"VOID\" rules=\"NONE\" cellspacing=\"0\">\n<colgroup>\n<col width=\"337\" \/>\n<col width=\"232\" \/><\/colgroup>\n<tbody>\n<tr>\n<td align=\"LEFT\" width=\"337\" height=\"17\">Hersteller:<\/td>\n<td align=\"LEFT\" width=\"232\">\u200eLeatherman Europe<\/td>\n<\/tr>\n<tr>\n<td align=\"LEFT\" height=\"17\">Artikelnummer:<\/td>\n<td align=\"LEFT\">\u200e832524<\/td>\n<\/tr>\n<tr>\n<td align=\"LEFT\" height=\"17\">Produktabmessungen:<\/td>\n<td align=\"LEFT\">\u200e10.16 x 3.81 x 2.03 cm; 200 Gramm<\/td>\n<\/tr>\n<tr>\n<td align=\"LEFT\" height=\"17\">Geschlossene L\u00e4nge:<\/td>\n<td align=\"LEFT\">4 in | 10 cm<\/td>\n<\/tr>\n<tr>\n<td align=\"LEFT\" height=\"17\">L\u00e4nge der Prim\u00e4rklinge:<\/td>\n<td align=\"LEFT\">2.9 in | 7.37 cm<\/td>\n<\/tr>\n<tr>\n<td align=\"LEFT\" height=\"17\">Artikelgewicht:<\/td>\n<td align=\"LEFT\">8.5 oz | 241 g<\/td>\n<\/tr>\n<tr>\n<td align=\"LEFT\" height=\"17\">Auslaufartikel (Produktion durch Hersteller eingestellt)<\/td>\n<td align=\"LEFT\">\u200eNein<\/td>\n<\/tr>\n<tr>\n<td align=\"LEFT\" height=\"17\">couleur :<\/td>\n<td align=\"LEFT\">Acier inoxydable<\/td>\n<\/tr>\n<tr>\n<td align=\"LEFT\" height=\"17\">mat\u00e9riel :<\/td>\n<td align=\"LEFT\">\u200eNylon<\/td>\n<\/tr>\n<tr>\n<td align=\"LEFT\" height=\"17\">Anzahl der Packungen:<\/td>\n<td align=\"LEFT\">\u200e1<\/td>\n<\/tr>\n<tr>\n<td align=\"LEFT\" height=\"17\">Holster (Inkl.):<\/td>\n<td align=\"LEFT\">Nylon Black M<\/td>\n<\/tr>\n<tr>\n<td align=\"LEFT\" height=\"17\">Produkttyp:<\/td>\n<td align=\"LEFT\">Multitool<\/td>\n<\/tr>\n<tr>\n<td align=\"LEFT\" height=\"17\">Materialien:<\/td>\n<td align=\"LEFT\">420HC-Edelstahl<\/td>\n<\/tr>\n<\/tbody>\n<\/table>","protected":false},"featured_media":80048,"comment_status":"open","ping_status":"closed","template":"","meta":{"_seopress_robots_primary_cat":"","_seopress_titles_title":"","_seopress_titles_desc":"","_seopress_robots_index":""},"product_brand":[],"product_cat":[1730],"product_tag":[],"class_list":{"0":"post-79944","1":"product","2":"type-product","3":"status-publish","4":"has-post-thumbnail","6":"product_cat-sonstiges-2","7":"product_shipping_class-standard-versand","9":"first","10":"instock","11":"sale","12":"taxable","13":"shipping-taxable","14":"purchasable","15":"product-type-simple"},"_links":{"self":[{"href":"https:\/\/www.soanam.de\/fr\/wp-json\/wp\/v2\/product\/79944","targetHints":{"allow":["GET"]}}],"collection":[{"href":"https:\/\/www.soanam.de\/fr\/wp-json\/wp\/v2\/product"}],"about":[{"href":"https:\/\/www.soanam.de\/fr\/wp-json\/wp\/v2\/types\/product"}],"replies":[{"embeddable":true,"href":"https:\/\/www.soanam.de\/fr\/wp-json\/wp\/v2\/comments?post=79944"}],"wp:featuredmedia":[{"embeddable":true,"href":"https:\/\/www.soanam.de\/fr\/wp-json\/wp\/v2\/media\/80048"}],"wp:attachment":[{"href":"https:\/\/www.soanam.de\/fr\/wp-json\/wp\/v2\/media?parent=79944"}],"wp:term":[{"taxonomy":"product_brand","embeddable":true,"href":"https:\/\/www.soanam.de\/fr\/wp-json\/wp\/v2\/product_brand?post=79944"},{"taxonomy":"product_cat","embeddable":true,"href":"https:\/\/www.soanam.de\/fr\/wp-json\/wp\/v2\/product_cat?post=79944"},{"taxonomy":"product_tag","embeddable":true,"href":"https:\/\/www.soanam.de\/fr\/wp-json\/wp\/v2\/product_tag?post=79944"}],"curies":[{"name":"wp","href":"https:\/\/api.w.org\/{rel}","templated":true}]}}