{"id":79943,"date":"2023-12-13T23:54:39","date_gmt":"2023-12-13T22:54:39","guid":{"rendered":"https:\/\/www.soanam.de\/?post_type=product&#038;p=79943"},"modified":"2023-12-13T23:56:33","modified_gmt":"2023-12-13T22:56:33","slug":"alpha-industries-pantalon-sweat-big-letters-jogger-en-noir-taille-s","status":"publish","type":"product","link":"https:\/\/www.soanam.de\/fr\/produkt\/alpha-industries-sweathose-big-letters-jogger-in-schwarz-groesse-s\/","title":{"rendered":"Alpha Industries pantalon sweat BIG LETTERS JOGGER, en noir, taille S"},"content":{"rendered":"<p>Pantalon de sweat Alpha Industries<br \/>\nSlim-fit\/ forme \u00e9troite<br \/>\nJambe droite avec ourlet, hauteur de taille normale<br \/>\nAvec cordon de serrage et poignets<br \/>\nPoches lat\u00e9rales<br \/>\nM\u00e9lange de mati\u00e8res facile \u00e0 entretenir<\/p>\n<p>Le pantalon de sweat d'Alpha Industries est un pantalon de jogging classique.<br \/>\nGr\u00e2ce au doux m\u00e9lange de coton, tu te sens tout simplement \u00e0 l'aise, que ce soit pour faire du sport ou tout simplement \u00e0 la maison.<br \/>\nLe grand logo de la marque le long de la jambe du pantalon rehausse en outre son apparence.<\/p>\n<p>Mati\u00e8re : 80% coton, 20% polyester<br \/>\nConseils d'entretien : Lavage en machine<\/p>\n<p>couleur : noir<br \/>\n\u00c9chantillon : sans<br \/>\nTaille : S<\/p>\n<p>Tour de taille : 74cm<br \/>\nTour de hanches : 104cm<br \/>\nLongueur d'entrejambe : 82cm<br \/>\nlongueur totale : 114cm<\/p>","protected":false},"excerpt":{"rendered":"<table class=\"dv_characteristicsTable\">\n<tbody>\n<tr>\n<td class=\"left\">Taille<\/td>\n<td>S<\/td>\n<\/tr>\n<tr>\n<td class=\"left\">Gr\u00f6\u00dfentyp<\/td>\n<td>Normalgr\u00f6\u00dfen<\/td>\n<\/tr>\n<tr>\n<td class=\"left\">Composition du mat\u00e9riau<\/td>\n<td>Obermaterial: 80% Baumwolle, 20% Polyester<\/td>\n<\/tr>\n<tr>\n<td class=\"left\">Materialart<\/td>\n<td>Sweatware<\/td>\n<\/tr>\n<tr>\n<td class=\"left\">Conseils d'entretien<\/td>\n<td>Lavage en machine<\/td>\n<\/tr>\n<tr>\n<td class=\"left\">Optik<\/td>\n<td>unifarben mit Farbeinsatz<\/td>\n<\/tr>\n<tr>\n<td class=\"left\">Stil<\/td>\n<td>modisch<\/td>\n<\/tr>\n<tr>\n<td class=\"left\">Couleur<\/td>\n<td>schwarz<\/td>\n<\/tr>\n<tr>\n<td class=\"left\">Leibh\u00f6he<\/td>\n<td>normal<\/td>\n<\/tr>\n<tr>\n<td class=\"left\">Beinform<\/td>\n<td>gerade<\/td>\n<\/tr>\n<tr>\n<td class=\"left\">Coupe<\/td>\n<td>schmal<\/td>\n<\/tr>\n<tr>\n<td class=\"left\">Applikationen<\/td>\n<td>Print<\/td>\n<\/tr>\n<\/tbody>\n<\/table>","protected":false},"featured_media":80044,"comment_status":"open","ping_status":"closed","template":"","meta":{"_seopress_robots_primary_cat":"","_seopress_titles_title":"","_seopress_titles_desc":"","_seopress_robots_index":""},"product_brand":[],"product_cat":[1345,1365,1526],"product_tag":[],"class_list":{"0":"post-79943","1":"product","2":"type-product","3":"status-publish","4":"has-post-thumbnail","6":"product_cat-herrenmode","7":"product_cat-sportbekleidung","8":"product_cat-jogginghosen-sportbekleidung","9":"product_shipping_class-standard-versand","11":"first","12":"instock","13":"taxable","14":"shipping-taxable","15":"purchasable","16":"product-type-simple"},"_links":{"self":[{"href":"https:\/\/www.soanam.de\/fr\/wp-json\/wp\/v2\/product\/79943","targetHints":{"allow":["GET"]}}],"collection":[{"href":"https:\/\/www.soanam.de\/fr\/wp-json\/wp\/v2\/product"}],"about":[{"href":"https:\/\/www.soanam.de\/fr\/wp-json\/wp\/v2\/types\/product"}],"replies":[{"embeddable":true,"href":"https:\/\/www.soanam.de\/fr\/wp-json\/wp\/v2\/comments?post=79943"}],"wp:featuredmedia":[{"embeddable":true,"href":"https:\/\/www.soanam.de\/fr\/wp-json\/wp\/v2\/media\/80044"}],"wp:attachment":[{"href":"https:\/\/www.soanam.de\/fr\/wp-json\/wp\/v2\/media?parent=79943"}],"wp:term":[{"taxonomy":"product_brand","embeddable":true,"href":"https:\/\/www.soanam.de\/fr\/wp-json\/wp\/v2\/product_brand?post=79943"},{"taxonomy":"product_cat","embeddable":true,"href":"https:\/\/www.soanam.de\/fr\/wp-json\/wp\/v2\/product_cat?post=79943"},{"taxonomy":"product_tag","embeddable":true,"href":"https:\/\/www.soanam.de\/fr\/wp-json\/wp\/v2\/product_tag?post=79943"}],"curies":[{"name":"wp","href":"https:\/\/api.w.org\/{rel}","templated":true}]}}