{"id":79885,"date":"2023-12-13T23:21:08","date_gmt":"2023-12-13T22:21:08","guid":{"rendered":"https:\/\/www.soanam.de\/?post_type=product&#038;p=79885"},"modified":"2023-12-13T23:55:40","modified_gmt":"2023-12-13T22:55:40","slug":"puma-pantalon-de-sport-modern-basics-pants-fl-cl-en-noir-taille-xl","status":"publish","type":"product","link":"https:\/\/www.soanam.de\/fr\/produkt\/puma-sporthose-modern-basics-pants-fl-cl-in-schwarz-groesse-xl\/","title":{"rendered":"Pantalon de sport PUMA Modern Basics Pants FL cl, en noir, taille XL"},"content":{"rendered":"<p>Pantalon de jogging long de Puma<br \/>\nPoignets \u00e9lastiques avec cordon de serrage et bords-c\u00f4tes<br \/>\nPoches lat\u00e9rales<br \/>\nAvec impression du logo<\/p>\n<p>Le pantalon de jogging confortable de Puma est compos\u00e9 d'un m\u00e9lange de coton agr\u00e9able \u00e0 porter.<br \/>\nIl a une coupe d\u00e9contract\u00e9e et reste toujours parfaitement en place gr\u00e2ce \u00e0 son poignet \u00e9lastique avec cordon de serrage.<br \/>\nLes poches lat\u00e9rales soulignent le caract\u00e8re d\u00e9contract\u00e9 des longs sweatpants, un grand logo imprim\u00e9 sur une jambe ajoute la touche sportive de la marque.<\/p>\n<p>Mati\u00e8re : 66% coton, 34% polyester<br \/>\nConseils d'entretien : Lavage en machine<\/p>\n<p>couleur : noir<br \/>\n\u00c9chantillon : sans<br \/>\nTaille : 42<\/p>\n<p>Tour de taille : 88cm<br \/>\nTour de hanches : 123cm<br \/>\nLongueur d'entrejambe : 73cm<br \/>\nlongueur totale : 100cm<\/p>","protected":false},"excerpt":{"rendered":"<p>Mati\u00e8re : 66% coton, 34% polyester<br \/>\nConseils d'entretien : Lavage en machine<\/p>\n<p>couleur : noir<br \/>\n\u00c9chantillon : sans<br \/>\nTaille : 42<\/p>","protected":false},"featured_media":80000,"comment_status":"open","ping_status":"closed","template":"","meta":{"_seopress_robots_primary_cat":"","_seopress_titles_title":"","_seopress_titles_desc":"","_seopress_robots_index":""},"product_brand":[],"product_cat":[1348,1402,1584],"product_tag":[],"class_list":{"0":"post-79885","1":"product","2":"type-product","3":"status-publish","4":"has-post-thumbnail","6":"product_cat-damen-mode","7":"product_cat-sportbekleidung-damen-mode","8":"product_cat-jogginghosen-sportbekleidung-damen-mode","9":"product_shipping_class-standard-versand","11":"first","12":"instock","13":"sale","14":"taxable","15":"shipping-taxable","16":"purchasable","17":"product-type-simple"},"_links":{"self":[{"href":"https:\/\/www.soanam.de\/fr\/wp-json\/wp\/v2\/product\/79885","targetHints":{"allow":["GET"]}}],"collection":[{"href":"https:\/\/www.soanam.de\/fr\/wp-json\/wp\/v2\/product"}],"about":[{"href":"https:\/\/www.soanam.de\/fr\/wp-json\/wp\/v2\/types\/product"}],"replies":[{"embeddable":true,"href":"https:\/\/www.soanam.de\/fr\/wp-json\/wp\/v2\/comments?post=79885"}],"wp:featuredmedia":[{"embeddable":true,"href":"https:\/\/www.soanam.de\/fr\/wp-json\/wp\/v2\/media\/80000"}],"wp:attachment":[{"href":"https:\/\/www.soanam.de\/fr\/wp-json\/wp\/v2\/media?parent=79885"}],"wp:term":[{"taxonomy":"product_brand","embeddable":true,"href":"https:\/\/www.soanam.de\/fr\/wp-json\/wp\/v2\/product_brand?post=79885"},{"taxonomy":"product_cat","embeddable":true,"href":"https:\/\/www.soanam.de\/fr\/wp-json\/wp\/v2\/product_cat?post=79885"},{"taxonomy":"product_tag","embeddable":true,"href":"https:\/\/www.soanam.de\/fr\/wp-json\/wp\/v2\/product_tag?post=79885"}],"curies":[{"name":"wp","href":"https:\/\/api.w.org\/{rel}","templated":true}]}}