{"id":79824,"date":"2023-12-13T23:19:52","date_gmt":"2023-12-13T22:19:52","guid":{"rendered":"https:\/\/www.soanam.de\/?post_type=product&#038;p=79824"},"modified":"2023-12-13T23:54:50","modified_gmt":"2023-12-13T22:54:50","slug":"bench-pantalon-sweat-a-rayures-laterales-et-jambes-etroites-rose-noir-taille-36-38","status":"publish","type":"product","link":"https:\/\/www.soanam.de\/fr\/produkt\/bench-sweathose-mit-seitenstreifen-und-schmalem-bein-in-rosa-schwarz-groesse-36-38\/","title":{"rendered":"Bench . Pantalon sweat \u00e0 rayures lat\u00e9rales et jambes \u00e9troites, rose-noir, taille 36\/38"},"content":{"rendered":"<p>Pantalon lounge avec logo imprim\u00e9 de Bench.<br \/>\nAvec bandes lat\u00e9rales<br \/>\nForme de jambe de pantalon \u00e9troite<br \/>\nBas de jambes de pantalon c\u00f4tel\u00e9s<br \/>\nPoignets c\u00f4tel\u00e9s \u00e9lastiques avec cordon de serrage<br \/>\nEn jersey interlock \u00e9lastique<\/p>\n<p>Les bandes lat\u00e9rales et le logo discret imprim\u00e9 sur les jambes \u00e9troites du pantalon conf\u00e8rent aux pants de Bench un look sportif.<br \/>\nPour te donner un grand confort autour des hanches, le pantalon de jogging est \u00e9quip\u00e9 d'un bord-c\u00f4te \u00e9lastique. Gr\u00e2ce au doux jersey interlock, le facteur de bien-\u00eatre est garanti \u00e0 100%.<\/p>\n<p>Mat\u00e9riau : 60% coton , 40% polyester<br \/>\nConseils d'entretien : Lavage en machine<\/p>\n<p>Couleur : rose, noir<br \/>\nmotif : bandes lat\u00e9rales<br \/>\nTaille : 36\/38<\/p>\n<p>Tour de taille : 71cm<br \/>\nTour de hanches : 98cm<br \/>\nLongueur de l'entrejambe : 75cm<br \/>\nlongueur totale : 100cm<\/p>","protected":false},"excerpt":{"rendered":"<table class=\"dv_characteristicsTable\">\n<tbody>\n<tr>\n<td class=\"left\">Taille<\/td>\n<td>36\/38<\/td>\n<\/tr>\n<tr>\n<td class=\"left\">Gr\u00f6\u00dfentyp<\/td>\n<td>Normalgr\u00f6\u00dfen<\/td>\n<\/tr>\n<tr>\n<td class=\"left\">Composition du mat\u00e9riau<\/td>\n<td>Obermaterial: 60% Baumwolle\u00a0, 40% Polyester<\/td>\n<\/tr>\n<tr>\n<td class=\"left\">Materialart<\/td>\n<td>Jersey, Interlock<\/td>\n<\/tr>\n<tr>\n<td class=\"left\">Conseils d'entretien<\/td>\n<td>Lavage en machine<\/td>\n<\/tr>\n<tr>\n<td class=\"left\">Optik<\/td>\n<td>unifarben mit Farbeinsatz<\/td>\n<\/tr>\n<tr>\n<td class=\"left\">Stil<\/td>\n<td>casual<\/td>\n<\/tr>\n<tr>\n<td class=\"left\">Couleur<\/td>\n<td>rosa, schwarz<\/td>\n<\/tr>\n<tr>\n<td class=\"left\">Leibh\u00f6he<\/td>\n<td>normal<\/td>\n<\/tr>\n<tr>\n<td class=\"left\">Bundabschluss<\/td>\n<td>breiter Bund<\/td>\n<\/tr>\n<tr>\n<td class=\"left\">Bundabschlussdetails<\/td>\n<td>mit Tunnelzug<\/td>\n<\/tr>\n<tr>\n<td class=\"left\">Beinabschluss<\/td>\n<td>Poignets c\u00f4tel\u00e9s<\/td>\n<\/tr>\n<tr>\n<td class=\"left\">Beinform<\/td>\n<td>schmal<\/td>\n<\/tr>\n<tr>\n<td class=\"left\">Coupe<\/td>\n<td>bequem<\/td>\n<\/tr>\n<tr>\n<td class=\"left\">Schnittform L\u00e4nge<\/td>\n<td>lang<\/td>\n<\/tr>\n<tr>\n<td class=\"left\">Applikationen<\/td>\n<td>Logodruck<\/td>\n<\/tr>\n<tr>\n<td class=\"left\">Sacs<\/td>\n<td>Avec poches<\/td>\n<\/tr>\n<tr>\n<td class=\"left\">Verschluss<\/td>\n<td>Bindeband<\/td>\n<\/tr>\n<tr>\n<td class=\"left\">Verschlussdetails<\/td>\n<td>zum Binden<\/td>\n<\/tr>\n<tr>\n<td class=\"left\">Besondere Merkmale<\/td>\n<td>mit Seitenstreifen und schmalem Bein<\/td>\n<\/tr>\n<\/tbody>\n<\/table>","protected":false},"featured_media":79953,"comment_status":"open","ping_status":"closed","template":"","meta":{"_seopress_robots_primary_cat":"","_seopress_titles_title":"","_seopress_titles_desc":"","_seopress_robots_index":""},"product_brand":[],"product_cat":[1348,1402,1584],"product_tag":[],"class_list":{"0":"post-79824","1":"product","2":"type-product","3":"status-publish","4":"has-post-thumbnail","6":"product_cat-damen-mode","7":"product_cat-sportbekleidung-damen-mode","8":"product_cat-jogginghosen-sportbekleidung-damen-mode","9":"product_shipping_class-standard-versand","11":"first","12":"instock","13":"taxable","14":"shipping-taxable","15":"purchasable","16":"product-type-simple"},"_links":{"self":[{"href":"https:\/\/www.soanam.de\/fr\/wp-json\/wp\/v2\/product\/79824","targetHints":{"allow":["GET"]}}],"collection":[{"href":"https:\/\/www.soanam.de\/fr\/wp-json\/wp\/v2\/product"}],"about":[{"href":"https:\/\/www.soanam.de\/fr\/wp-json\/wp\/v2\/types\/product"}],"replies":[{"embeddable":true,"href":"https:\/\/www.soanam.de\/fr\/wp-json\/wp\/v2\/comments?post=79824"}],"wp:featuredmedia":[{"embeddable":true,"href":"https:\/\/www.soanam.de\/fr\/wp-json\/wp\/v2\/media\/79953"}],"wp:attachment":[{"href":"https:\/\/www.soanam.de\/fr\/wp-json\/wp\/v2\/media?parent=79824"}],"wp:term":[{"taxonomy":"product_brand","embeddable":true,"href":"https:\/\/www.soanam.de\/fr\/wp-json\/wp\/v2\/product_brand?post=79824"},{"taxonomy":"product_cat","embeddable":true,"href":"https:\/\/www.soanam.de\/fr\/wp-json\/wp\/v2\/product_cat?post=79824"},{"taxonomy":"product_tag","embeddable":true,"href":"https:\/\/www.soanam.de\/fr\/wp-json\/wp\/v2\/product_tag?post=79824"}],"curies":[{"name":"wp","href":"https:\/\/api.w.org\/{rel}","templated":true}]}}