{"id":79807,"date":"2023-12-13T23:19:23","date_gmt":"2023-12-13T22:19:23","guid":{"rendered":"https:\/\/www.soanam.de\/?post_type=product&#038;p=79807"},"modified":"2023-12-13T23:54:32","modified_gmt":"2023-12-13T22:54:32","slug":"h-i-s-leggings-im-2er-pack-in-schwarz-und-marbel-groesse-44-46","status":"publish","type":"product","link":"https:\/\/www.soanam.de\/fr\/produkt\/h-i-s-leggings-im-2er-pack-in-schwarz-und-marbel-groesse-44-46\/","title":{"rendered":"Leggings H.I.S en pack de 2, noir et marbr\u00e9, taille 44\/46"},"content":{"rendered":"<p>Leggings im Doppelpack von H.I.S.<br \/>\n1x mit Druck in Marbel und 1x einfarbig in Schwarz<br \/>\nLarge ceinture \u00e9lastique<br \/>\nQualit\u00e9 fine et douce avec un pourcentage \u00e9lev\u00e9 de coton<\/p>\n<p>Der praktische Doppelpack Leggings von H.I.S. enth\u00e4lt ein unifarbenes und ein bedrucktes Modell.<br \/>\nGr\u00e2ce \u00e0 leur mati\u00e8re douce avec une forte teneur en \u00e9lasthanne, ces collants invitent tout simplement \u00e0 les enfiler et s'adaptent comme une seconde peau.<br \/>\nUne large ceinture \u00e9lastique maintient le pantalon l\u00e0 o\u00f9 il doit \u00eatre.<\/p>\n<p>Mati\u00e8re : 94% coton, 6% \u00e9lasthanne<br \/>\nConseils d'entretien : Lavage en machine<\/p>\n<p>Farbe: schwarz, marbel<br \/>\nmotif : marbel<br \/>\nTaille : 44\/46<\/p>\n<p>Tour de taille : 77cm<br \/>\nTour de hanches : 92cm<br \/>\nSchrittl\u00e4nge: 71cm<br \/>\nlongueur totale : 97cm<\/p>","protected":false},"excerpt":{"rendered":"<table class=\"dv_characteristicsTable\">\n<tbody>\n<tr>\n<td class=\"left\">Taille<\/td>\n<td>44\/46<\/td>\n<\/tr>\n<tr>\n<td class=\"left\">Gr\u00f6\u00dfentyp<\/td>\n<td>Normalgr\u00f6\u00dfen<\/td>\n<\/tr>\n<tr>\n<td class=\"left\">Composition du mat\u00e9riau<\/td>\n<td>Obermaterial: 94% Baumwolle, 6% Elasthan<\/td>\n<\/tr>\n<tr>\n<td class=\"left\">Materialart<\/td>\n<td>Single Jersey<\/td>\n<\/tr>\n<tr>\n<td class=\"left\">Conseils d'entretien<\/td>\n<td>Lavage en machine<\/td>\n<\/tr>\n<tr>\n<td class=\"left\">Optik<\/td>\n<td>gemustert, unifarben<\/td>\n<\/tr>\n<tr>\n<td class=\"left\">Stil<\/td>\n<td>Basic<\/td>\n<\/tr>\n<tr>\n<td class=\"left\">Couleur<\/td>\n<td>schwarz, bedruckt<\/td>\n<\/tr>\n<tr>\n<td class=\"left\">Farbe Packst\u00fcck 2<\/td>\n<td>schwarz, uni<\/td>\n<\/tr>\n<tr>\n<td class=\"left\">Leibh\u00f6he<\/td>\n<td>normal<\/td>\n<\/tr>\n<tr>\n<td class=\"left\">Bundabschluss<\/td>\n<td>breiter Bund<\/td>\n<\/tr>\n<tr>\n<td class=\"left\">Beinabschluss<\/td>\n<td>abgerundeter Saum<\/td>\n<\/tr>\n<tr>\n<td class=\"left\">Coupe<\/td>\n<td>figurbetont<\/td>\n<\/tr>\n<tr>\n<td class=\"left\">Schnittform L\u00e4nge<\/td>\n<td>lang<\/td>\n<\/tr>\n<tr>\n<td class=\"left\">Applikationen<\/td>\n<td>Allover-Druck<\/td>\n<\/tr>\n<tr>\n<td class=\"left\">Besondere Merkmale<\/td>\n<td>in bedruckt und uni<\/td>\n<\/tr>\n<tr>\n<td class=\"left\">Sportart<\/td>\n<td>Laufen<\/td>\n<\/tr>\n<\/tbody>\n<\/table>","protected":false},"featured_media":79935,"comment_status":"open","ping_status":"closed","template":"","meta":{"_seopress_robots_primary_cat":"","_seopress_titles_title":"","_seopress_titles_desc":"","_seopress_robots_index":""},"product_brand":[],"product_cat":[1348,1402,1589],"product_tag":[],"class_list":{"0":"post-79807","1":"product","2":"type-product","3":"status-publish","4":"has-post-thumbnail","6":"product_cat-damen-mode","7":"product_cat-sportbekleidung-damen-mode","8":"product_cat-leggings-sportbekleidung-damen-mode","9":"product_shipping_class-standard-versand","11":"first","12":"instock","13":"sale","14":"taxable","15":"shipping-taxable","16":"purchasable","17":"product-type-simple"},"_links":{"self":[{"href":"https:\/\/www.soanam.de\/fr\/wp-json\/wp\/v2\/product\/79807","targetHints":{"allow":["GET"]}}],"collection":[{"href":"https:\/\/www.soanam.de\/fr\/wp-json\/wp\/v2\/product"}],"about":[{"href":"https:\/\/www.soanam.de\/fr\/wp-json\/wp\/v2\/types\/product"}],"replies":[{"embeddable":true,"href":"https:\/\/www.soanam.de\/fr\/wp-json\/wp\/v2\/comments?post=79807"}],"wp:featuredmedia":[{"embeddable":true,"href":"https:\/\/www.soanam.de\/fr\/wp-json\/wp\/v2\/media\/79935"}],"wp:attachment":[{"href":"https:\/\/www.soanam.de\/fr\/wp-json\/wp\/v2\/media?parent=79807"}],"wp:term":[{"taxonomy":"product_brand","embeddable":true,"href":"https:\/\/www.soanam.de\/fr\/wp-json\/wp\/v2\/product_brand?post=79807"},{"taxonomy":"product_cat","embeddable":true,"href":"https:\/\/www.soanam.de\/fr\/wp-json\/wp\/v2\/product_cat?post=79807"},{"taxonomy":"product_tag","embeddable":true,"href":"https:\/\/www.soanam.de\/fr\/wp-json\/wp\/v2\/product_tag?post=79807"}],"curies":[{"name":"wp","href":"https:\/\/api.w.org\/{rel}","templated":true}]}}