{"id":79804,"date":"2023-12-13T23:19:21","date_gmt":"2023-12-13T22:19:21","guid":{"rendered":"https:\/\/www.soanam.de\/?post_type=product&#038;p=79804"},"modified":"2023-12-13T23:54:20","modified_gmt":"2023-12-13T22:54:20","slug":"cordon-en-caoutchouc-coton-bio-et-caoutchouc-naturel-noir-50m","status":"publish","type":"product","link":"https:\/\/www.soanam.de\/fr\/produkt\/bio-baumwolle-gummischnur-und-naturkautschuk-in-schwarz-50m\/","title":{"rendered":"Cordon en coton bio et caoutchouc naturel en noir - 50m"},"content":{"rendered":"<h3>Description<\/h3>\n<p><strong>PRODUCTION \u00c9THIQUE :<\/strong><br \/>\nLe coton biologique est cultiv\u00e9 sans utiliser de pesticides, d'herbicides ou d'engrais chimiques, ce qui signifie qu'il est meilleur pour l'homme et l'environnement. Le caoutchouc naturel est une ressource existante qui contribue \u00e0 stimuler l'\u00e9conomie locale et \u00e0 \u00e9viter la d\u00e9forestation, sans n\u00e9cessiter de polym\u00e8res synth\u00e9tiques. Il provient de plantations malaisiennes qui n'ont pas recours au travail des enfants.<\/p>\n<p><strong>LE D\u00c9VELOPPEMENT DURABLE :<\/strong><br \/>\nM\u00e9lang\u00e9 ensemble, cet \u00e9lastique en coton bio et en caoutchouc naturel est plus \u00e9cologique et meilleur pour votre peau. Il \u00e9vite \u00e9galement que d'\u00e9ventuelles fibres d\u00e9sagr\u00e9ables ne soient emport\u00e9es dans notre eau. Le coton bio provient de Turquie. La production a lieu en Autriche.<\/p>\n<p><strong>POUR PRENDRE SOIN DE VOTRE PRODUIT :<\/strong><br \/>\nCet \u00e9lastique est lavable \u00e0 40\u00b0C (104\u00b0F) et r\u00e9tr\u00e9cit jusqu'\u00e0 5% au premier lavage. Nous recommandons toujours de laver avant de coudre (dans un lot de couleurs similaires est tout \u00e0 fait correct) et d'envisager d'acheter un peu plus que ce dont vous avez besoin - c'est certainement pratique.<\/p>\n<p><strong>IDEAL POUR :<\/strong><br \/>\nV\u00eatements, serre-t\u00eate et accessoires. Convient particuli\u00e8rement bien pour les accessoires et les coiffures, les masques et les bretelles spaghetti.<\/p>","protected":false},"excerpt":{"rendered":"<h3>Caract\u00e9ristiques de l'article<\/h3>\n<p>\u00c9tat de l'article : Nouveau avec \u00e9tiquette : article neuf, non utilis\u00e9 et non port\u00e9 dans son emballage d'origine<\/p>\n<p>Eine aufregende Entwicklung in Kurzwaren und nachhaltiger Mode - Bio-Baumwolle gemischt mit Naturkautschuk; ein 100 % biologisch abbaubares Gummiband!<br \/>\nEcrufarbenes Gummiband, 1,1 mm Durchmesser.<br \/>\n40 % Bio-Baumwolle, 60 % Naturkautschuk. Schwarz gef\u00e4rbt.<br \/>\nDie Elastizit\u00e4t betr\u00e4gt 190 %<\/p>","protected":false},"featured_media":79927,"comment_status":"open","ping_status":"closed","template":"","meta":{"_seopress_robots_primary_cat":"","_seopress_titles_title":"","_seopress_titles_desc":"","_seopress_robots_index":""},"product_brand":[],"product_cat":[1400,1401],"product_tag":[],"class_list":{"0":"post-79804","1":"product","2":"type-product","3":"status-publish","4":"has-post-thumbnail","6":"product_cat-wohnzubehoer","7":"product_cat-haushaltswaren","8":"product_shipping_class-standard-versand","10":"first","11":"instock","12":"sale","13":"taxable","14":"shipping-taxable","15":"purchasable","16":"product-type-simple"},"_links":{"self":[{"href":"https:\/\/www.soanam.de\/fr\/wp-json\/wp\/v2\/product\/79804","targetHints":{"allow":["GET"]}}],"collection":[{"href":"https:\/\/www.soanam.de\/fr\/wp-json\/wp\/v2\/product"}],"about":[{"href":"https:\/\/www.soanam.de\/fr\/wp-json\/wp\/v2\/types\/product"}],"replies":[{"embeddable":true,"href":"https:\/\/www.soanam.de\/fr\/wp-json\/wp\/v2\/comments?post=79804"}],"wp:featuredmedia":[{"embeddable":true,"href":"https:\/\/www.soanam.de\/fr\/wp-json\/wp\/v2\/media\/79927"}],"wp:attachment":[{"href":"https:\/\/www.soanam.de\/fr\/wp-json\/wp\/v2\/media?parent=79804"}],"wp:term":[{"taxonomy":"product_brand","embeddable":true,"href":"https:\/\/www.soanam.de\/fr\/wp-json\/wp\/v2\/product_brand?post=79804"},{"taxonomy":"product_cat","embeddable":true,"href":"https:\/\/www.soanam.de\/fr\/wp-json\/wp\/v2\/product_cat?post=79804"},{"taxonomy":"product_tag","embeddable":true,"href":"https:\/\/www.soanam.de\/fr\/wp-json\/wp\/v2\/product_tag?post=79804"}],"curies":[{"name":"wp","href":"https:\/\/api.w.org\/{rel}","templated":true}]}}